{"id":53027,"date":"2022-05-25T15:05:15","date_gmt":"2022-05-25T12:05:15","guid":{"rendered":"https:\/\/totalblue.ro\/?post_type=product&#038;p=53027"},"modified":"2023-02-03T16:20:18","modified_gmt":"2023-02-03T14:20:18","slug":"look-a-look-pfannkuchen-mit-lakritzgeschmack-12-stuck-hollandaise","status":"publish","type":"product","link":"https:\/\/totalblue.ro\/de\/produs\/look-a-look-rotite-cu-aroma-de-lemn-dulce-12-bucati-olanda\/","title":{"rendered":"Look-a-Look-Pfannkuchen mit Lakritzgeschmack, 12 St\u00fcck, Die Niederlande"},"content":{"rendered":"<p>Look-a-Look-Pfannkuchen mit Lakritzgeschmack, 12 St\u00fcck, Die Niederlande<br \/>\nInhalt und Gewicht<br \/>\n12 St\u00fcck. 135 Gramm<br \/>\n<strong>Zutat<\/strong>: Zuckerrohrmelasse, Weizenmehl, Glukosesirup, St\u00e4rke, S\u00fc\u00dfholzwurzelextrakt (5,3%), Kokosnuss\u00f6l, Salz, Stabilisator (Glycerin), Aroma, \u00dcberzugsmittel (Bienenwachs).<br \/>\nAllergene: enth\u00e4lt glutenhaltiges Getreide, Weizen.<br \/>\n<strong>N\u00e4hrwertangaben:<\/strong><br \/>\nEnergie 1463 kJ (345 kcal)<br \/>\nFett 1,6 g, davon ges\u00e4ttigtes Fett 1,3 g<br \/>\nKohlenhydrate 78 g, davon Zucker 45 g<br \/>\nEiwei\u00df 4 g<br \/>\nSalz 0,44 g<\/p>\n<p>Hergestellt von Leverancier Perfetti Van Melle Benelux B.V., P.O. Box 3000 4800 DA Breda Holland<br \/>\nEinf\u00fchrer und H\u00e4ndler Total Blue Impex SRL<\/p>\n<div id=\"tab-additional_information\" class=\"woocommerce-Tabs-panel woocommerce-Tabs-panel--additional_information panel entry-content\" role=\"tabpanel\" aria-labelledby=\"tab-title-additional_information\"><\/div>","protected":false},"excerpt":{"rendered":"<p>Look-a-Look rotite cu aroma de lemn dulce, 12 bucati, Olanda Continut si greutate 12 bucati. 135 de grame Ingrediente: melasa de trestie de zahar, faina de grau, sirop de glucoza, amidon, extract de radacina de lemn dulce (5,3%), ulei de cocos, sare, stabilizator (glicerol), aroma, agent de glazura (ceara de albine). Alergeni: contine cereale care [&#8230;]\n","protected":false},"featured_media":53029,"comment_status":"open","ping_status":"closed","template":"","meta":{"_acf_changed":false,"_seopress_robots_primary_cat":"none","_seopress_titles_title":"","_seopress_titles_desc":"","_seopress_robots_index":""},"product_brand":[3734],"product_cat":[1555,3338,1767],"giftcard-category":[],"class_list":{"0":"post-53027","1":"product","2":"type-product","3":"status-publish","4":"has-post-thumbnail","6":"product_brand-look-o-look","7":"product_cat-bacanie","8":"product_cat-dulciuri-snacksuri","9":"product_cat-produse-olanda","11":"first","12":"outofstock","13":"taxable","14":"shipping-taxable","15":"purchasable","16":"product-type-simple"},"acf":[],"_links":{"self":[{"href":"https:\/\/totalblue.ro\/de\/wp-json\/wp\/v2\/product\/53027","targetHints":{"allow":["GET"]}}],"collection":[{"href":"https:\/\/totalblue.ro\/de\/wp-json\/wp\/v2\/product"}],"about":[{"href":"https:\/\/totalblue.ro\/de\/wp-json\/wp\/v2\/types\/product"}],"replies":[{"embeddable":true,"href":"https:\/\/totalblue.ro\/de\/wp-json\/wp\/v2\/comments?post=53027"}],"wp:featuredmedia":[{"embeddable":true,"href":"https:\/\/totalblue.ro\/de\/wp-json\/wp\/v2\/media\/53029"}],"wp:attachment":[{"href":"https:\/\/totalblue.ro\/de\/wp-json\/wp\/v2\/media?parent=53027"}],"wp:term":[{"taxonomy":"product_brand","embeddable":true,"href":"https:\/\/totalblue.ro\/de\/wp-json\/wp\/v2\/product_brand?post=53027"},{"taxonomy":"product_cat","embeddable":true,"href":"https:\/\/totalblue.ro\/de\/wp-json\/wp\/v2\/product_cat?post=53027"},{"taxonomy":"giftcard-category","embeddable":true,"href":"https:\/\/totalblue.ro\/de\/wp-json\/wp\/v2\/giftcard-category?post=53027"}],"curies":[{"name":"wp","href":"https:\/\/api.w.org\/{rel}","templated":true}]}}