{"id":53191,"date":"2022-05-26T11:35:51","date_gmt":"2022-05-26T08:35:51","guid":{"rendered":"https:\/\/totalblue.ro\/?post_type=product&#038;p=53191"},"modified":"2025-08-01T10:29:11","modified_gmt":"2025-08-01T07:29:11","slug":"smoothie-bio-bon-bebe-mere-capsuni-banane-6-luni-90g","status":"publish","type":"product","link":"https:\/\/totalblue.ro\/de\/produs\/smoothie-bio-bon-bebe-mere-capsuni-banane-6-luni-90g\/","title":{"rendered":"Bio Smoothie Bon Bebe \u00c4pfel, Erdbeeren, Bananen 6+ Monate 90g"},"content":{"rendered":"<p>Wir von Bonb\u00e9b\u00e9 verstehen, dass Sie das Beste f\u00fcr Ihr Baby wollen. Deshalb verwenden wir f\u00fcr alle unsere Produkte sorgf\u00e4ltig ausgew\u00e4hlte und qualit\u00e4tsgepr\u00fcfte Zutaten.<br \/>\nVon Ern\u00e4hrungswissenschaftlern formuliert. Dar\u00fcber hinaus enthalten unsere Produkte nur nat\u00fcrliche Zucker und Salze.<br \/>\nAuf diese Weise bieten wir gute Produkte an, damit Sie Ihrem Kind Ihre volle Aufmerksamkeit schenken k\u00f6nnen.<\/p>\n<p>Aperitivele Bonb\u00e9b\u00e9 Bio sunt ideale daca iesiti impreuna. Gustarile sunt piureuri fine si bogate in fibre. In plus, ele contin numai zaharuri naturale.<\/p>\n<p><strong>\u2713 Bio<\/strong><br \/>\n<strong>\u2713 Piure fin<br \/>\n\u2713 Vegetarian<br \/>\n<\/strong><\/p>\n<p>Gustare BIO Bon Bebe cu Mere, Capsuni si Banane pentru bebelusii cu varsta peste 6 luni.<br \/>\nEin leckerer Babysnack mit reinen und nat\u00fcrlichen Zutaten.<br \/>\n<strong>Zutat<\/strong>: 80% piure de mere*, 15% piure de c\u0103p\u0219uni*, 5% piure de banane*, antioxidant: acid ascorbic, *de origine BIO.<br \/>\nDen restlichen Inhalt verschlossen im K\u00fchlschrank aufbewahren und innerhalb von 24 Stunden aufbrauchen.<br \/>\n<strong>Verwenden Sie<\/strong>Wichtig: Befolgen Sie immer diese Gebrauchsanweisung. Sofort nach dem \u00d6ffnen verbrauchen. Reste nicht aufbewahren. Bleiben Sie in der N\u00e4he, wenn Ihr Kind isst.<br \/>\n<strong>N\u00e4hrwertangaben\/100g:<\/strong><br \/>\nEnergie 195 kJ (46 kcal)<br \/>\nGrasimi 0.2 g din care saturate &lt;0.1 g<br \/>\nGlucide 10 g din care zaharuri 9.4 g<br \/>\nFibre alimentare: 1.7 g<br \/>\nProteine \u200b\u200b0.4 g<br \/>\nSare &lt;0.01 g<\/p>\n<p>Hergestellt in Holland von Bonb\u00e9b\u00e9, Antwoordnummer 3500, 4140 VH Beesd<br \/>\nEinf\u00fchrer und H\u00e4ndler Total Blue Impex SRL<\/p>","protected":false},"excerpt":{"rendered":"<p>La Bonb\u00e9b\u00e9 intelegem ca iti doresti tot ce este mai bun pentru copilul tau. De aceea folosim ingrediente atent selectate si controlate de buna calitate in toate produsele noastre. Formulat de nutritionisti. In plus, produsele noastre contin numai zaharuri si saruri naturale. In acest fel oferim produse bune, astfel incat sa puteti acorda toata atentia [&#8230;]\n","protected":false},"featured_media":53193,"comment_status":"open","ping_status":"closed","template":"","meta":{"_acf_changed":false,"_seopress_robots_primary_cat":"1767","_seopress_titles_title":"","_seopress_titles_desc":" ","_seopress_robots_index":""},"product_brand":[7974],"product_cat":[1984,1520,5677,1767],"giftcard-category":[],"class_list":{"0":"post-53191","1":"product","2":"type-product","3":"status-publish","4":"has-post-thumbnail","6":"product_brand-bon-bebe","7":"product_cat-hrana-bebelusi","8":"product_cat-mama-copilul","9":"product_cat-mancare-si-accesorii-bebe","10":"product_cat-produse-olanda","12":"first","13":"outofstock","14":"taxable","15":"shipping-taxable","16":"purchasable","17":"product-type-simple"},"acf":[],"_links":{"self":[{"href":"https:\/\/totalblue.ro\/de\/wp-json\/wp\/v2\/product\/53191","targetHints":{"allow":["GET"]}}],"collection":[{"href":"https:\/\/totalblue.ro\/de\/wp-json\/wp\/v2\/product"}],"about":[{"href":"https:\/\/totalblue.ro\/de\/wp-json\/wp\/v2\/types\/product"}],"replies":[{"embeddable":true,"href":"https:\/\/totalblue.ro\/de\/wp-json\/wp\/v2\/comments?post=53191"}],"wp:featuredmedia":[{"embeddable":true,"href":"https:\/\/totalblue.ro\/de\/wp-json\/wp\/v2\/media\/53193"}],"wp:attachment":[{"href":"https:\/\/totalblue.ro\/de\/wp-json\/wp\/v2\/media?parent=53191"}],"wp:term":[{"taxonomy":"product_brand","embeddable":true,"href":"https:\/\/totalblue.ro\/de\/wp-json\/wp\/v2\/product_brand?post=53191"},{"taxonomy":"product_cat","embeddable":true,"href":"https:\/\/totalblue.ro\/de\/wp-json\/wp\/v2\/product_cat?post=53191"},{"taxonomy":"giftcard-category","embeddable":true,"href":"https:\/\/totalblue.ro\/de\/wp-json\/wp\/v2\/giftcard-category?post=53191"}],"curies":[{"name":"wp","href":"https:\/\/api.w.org\/{rel}","templated":true}]}}