{"id":53197,"date":"2022-05-26T11:46:11","date_gmt":"2022-05-26T08:46:11","guid":{"rendered":"https:\/\/totalblue.ro\/?post_type=product&#038;p=53197"},"modified":"2025-08-01T10:29:09","modified_gmt":"2025-08-01T07:29:09","slug":"bio-babynahrung-bon-bebe-spaghetti-bolognese-mit-rindfleisch-8-monate-200g-200g","status":"publish","type":"product","link":"https:\/\/totalblue.ro\/de\/produs\/mancare-bio-pentru-bebelusi-bon-bebe-spaghete-bolognese-cu-vita-8-luni-200g\/","title":{"rendered":"Bon Bebe Bio-Babynahrung Spaghetti Bolognese mit Vita 8+ Monate, 200g"},"content":{"rendered":"<p>Wir von Bonb\u00e9b\u00e9 verstehen, dass Sie das Beste f\u00fcr Ihr Baby wollen. Deshalb verwenden wir f\u00fcr alle unsere Produkte sorgf\u00e4ltig ausgew\u00e4hlte und qualit\u00e4tsgepr\u00fcfte Zutaten.<br \/>\nVon Ern\u00e4hrungswissenschaftlern formuliert. Dar\u00fcber hinaus enthalten unsere Produkte nur nat\u00fcrliche Zucker und Salze.<br \/>\nAuf diese Weise bieten wir gute Produkte an, damit Sie Ihrem Kind Ihre volle Aufmerksamkeit schenken k\u00f6nnen.<br \/>\n<strong>\u2713 Bio<\/strong><br \/>\n<strong>\u2713 In St\u00fccken<\/strong><\/p>\n<p>Bio-Nahrung Bon Bebe Spaghetti Bolognese f\u00fcr Babys ab 8 Monaten.<br \/>\nBabynahrung hat einen Geschmack und eine Textur, die zur Geschmacksentwicklung beitragen.<br \/>\nEin leckerer Babysnack mit reinen und nat\u00fcrlichen Zutaten.<br \/>\nInhalt und Gewicht: 200 Gramm.<br \/>\n<strong>Zutat<\/strong>: Wasser, Karotten*, 18% gekochte Vollkornnudeln (Wasser, Vollkornmehl*), 8% Rindfleisch*, 6% Tomaten*, 6% Tomatenmark*, Basilikum*, Zwiebelpulver*, Knoblauchpulver*, Oregano*, schwarzer Pfeffer*, *aus biologischem Anbau.<br \/>\n<strong>Allergene<\/strong>: Glutenhaltiges Getreide, Weizen und Erzeugnisse auf Weizenbasis.<br \/>\nVerpackt in einem Glasgef\u00e4\u00df mit Klickdeckel.<br \/>\nDr\u00fccken Sie vor dem \u00d6ffnen auf den Deckel. Wenn es nicht einrastet, verwenden Sie den Inhalt nicht!<br \/>\n<strong>Vorbereitung:<\/strong> Mischen Sie den Inhalt und geben Sie die gew\u00fcnschte Menge auf einen Teller. Verwenden Sie dazu einen Plastikl\u00f6ffel.<br \/>\nDen restlichen Inhalt verschlossen im K\u00fchlschrank aufbewahren und innerhalb von 24 Stunden aufbrauchen.<br \/>\nIn der Mikrowelle etwa 30 Sekunden lang bei 600 W erhitzen.<br \/>\nNach dem Erhitzen nochmals gut umr\u00fchren und die Temperatur \u00fcberpr\u00fcfen.<br \/>\nReste nicht wiederverwenden.<br \/>\n<strong>N\u00e4hrwertangaben\/100g:<\/strong><br \/>\nEnergie 201 kJ (48 kcal)<br \/>\nFett 1,5 g, davon ges\u00e4ttigtes Fett 0,6 g<br \/>\nKohlenhydrate 5,6 g, davon Zucker 2,2 g<br \/>\nBallaststoffe 1,3 g<br \/>\nEiwei\u00df 2,4 g<br \/>\nSalz 0,02 g<\/p>\n<p>Hergestellt in Holland von Bonb\u00e9b\u00e9, Antwoordnummer 3500, 4140 VH Beesd<br \/>\nEinf\u00fchrer und H\u00e4ndler Total Blue Impex SRL<\/p>","protected":false},"excerpt":{"rendered":"<p>La Bonb\u00e9b\u00e9 intelegem ca iti doresti tot ce este mai bun pentru copilul tau. De aceea folosim ingrediente atent selectate si controlate de buna calitate in toate produsele noastre. Formulat de nutritionisti. In plus, produsele noastre contin numai zaharuri si saruri naturale. In acest fel oferim produse bune, astfel incat sa puteti acorda toata atentia [&#8230;]\n","protected":false},"featured_media":53199,"comment_status":"open","ping_status":"closed","template":"","meta":{"_acf_changed":false,"_seopress_robots_primary_cat":"1767","_seopress_titles_title":"Mancare BIO pentru bebelusi Bon Bebe Spaghete Bolognese cu Vita 8+ luni, 200g","_seopress_titles_desc":"Mancare BIO Bon Bebe Spaghete Bolognese pentru bebelusi cu varsta peste 8 luni.\r\nMancarea are o savoare si textura ce contribuie la dezvoltarea gustului.","_seopress_robots_index":""},"product_brand":[7974],"product_cat":[1984,1520,5677,1767],"giftcard-category":[],"class_list":{"0":"post-53197","1":"product","2":"type-product","3":"status-publish","4":"has-post-thumbnail","6":"product_brand-bon-bebe","7":"product_cat-hrana-bebelusi","8":"product_cat-mama-copilul","9":"product_cat-mancare-si-accesorii-bebe","10":"product_cat-produse-olanda","12":"first","13":"outofstock","14":"taxable","15":"shipping-taxable","16":"purchasable","17":"product-type-simple"},"acf":[],"_links":{"self":[{"href":"https:\/\/totalblue.ro\/de\/wp-json\/wp\/v2\/product\/53197","targetHints":{"allow":["GET"]}}],"collection":[{"href":"https:\/\/totalblue.ro\/de\/wp-json\/wp\/v2\/product"}],"about":[{"href":"https:\/\/totalblue.ro\/de\/wp-json\/wp\/v2\/types\/product"}],"replies":[{"embeddable":true,"href":"https:\/\/totalblue.ro\/de\/wp-json\/wp\/v2\/comments?post=53197"}],"wp:featuredmedia":[{"embeddable":true,"href":"https:\/\/totalblue.ro\/de\/wp-json\/wp\/v2\/media\/53199"}],"wp:attachment":[{"href":"https:\/\/totalblue.ro\/de\/wp-json\/wp\/v2\/media?parent=53197"}],"wp:term":[{"taxonomy":"product_brand","embeddable":true,"href":"https:\/\/totalblue.ro\/de\/wp-json\/wp\/v2\/product_brand?post=53197"},{"taxonomy":"product_cat","embeddable":true,"href":"https:\/\/totalblue.ro\/de\/wp-json\/wp\/v2\/product_cat?post=53197"},{"taxonomy":"giftcard-category","embeddable":true,"href":"https:\/\/totalblue.ro\/de\/wp-json\/wp\/v2\/giftcard-category?post=53197"}],"curies":[{"name":"wp","href":"https:\/\/api.w.org\/{rel}","templated":true}]}}