{"id":53225,"date":"2022-05-26T12:58:39","date_gmt":"2022-05-26T09:58:39","guid":{"rendered":"https:\/\/totalblue.ro\/?post_type=product&#038;p=53225"},"modified":"2025-08-01T10:28:57","modified_gmt":"2025-08-01T07:28:57","slug":"piure-bio-bon-bebe-cu-banane-mere-si-biscuiti-8-luni-200g","status":"publish","type":"product","link":"https:\/\/totalblue.ro\/de\/produs\/piure-bio-bon-bebe-cu-banane-mere-si-biscuiti-8-luni-200g\/","title":{"rendered":"Piure BIO Bon Bebe cu banane, mere si biscuiti 8+ luni, 200g"},"content":{"rendered":"<p>Wir von Bonb\u00e9b\u00e9 verstehen, dass Sie das Beste f\u00fcr Ihr Baby wollen. Deshalb verwenden wir f\u00fcr alle unsere Produkte sorgf\u00e4ltig ausgew\u00e4hlte und qualit\u00e4tsgepr\u00fcfte Zutaten.<br \/>\nVon Ern\u00e4hrungswissenschaftlern formuliert. Dar\u00fcber hinaus enthalten unsere Produkte nur nat\u00fcrliche Zucker und Salze.<br \/>\nAuf diese Weise bieten wir gute Produkte an, damit Sie Ihrem Kind Ihre volle Aufmerksamkeit schenken k\u00f6nnen.<\/p>\n<p><strong>\u2713 Bio<\/strong><br \/>\n<strong>\u2713 Piure<\/strong><\/p>\n<p>Piure BIO Bon Bebe cu banane, mere si biscuiti pentru bebelusii cu varsta peste 8 luni.<br \/>\nEin leckerer Babysnack mit reinen und nat\u00fcrlichen Zutaten.<br \/>\nInhalt und Gewicht: 200 Gramm.<br \/>\n<strong>Zutat<\/strong>: apa, 42% banane*, 5,5% mere*, 4,5% biscuiti (faina de GRAU*, zahar*, ulei de floarea soarelui*, unt (LAPTE)*, lapte praf degresat (LAPTE)*, extract de malt de ORZ*, agent de fermentare : E503 \/E500\/E336, emulgator: lecitin\u0103 de floarea soarelui*, arom\u0103 natural\u0103, vitamina B1*), f\u0103in\u0103 de orez*, suc concentrat de l\u0103m\u00e2ie*, vitamina C, *de origine BIO.<br \/>\n<strong>Allergene<\/strong>: Lapte si produse pe baza de lapte, Cereale care contin gluten, Orz si produse din orz (cereale care contin gluten), Lactoza, Grau si produse pe baza de grau.<br \/>\nVerpackt in einem Glasgef\u00e4\u00df mit Klickdeckel.<br \/>\nDr\u00fccken Sie vor dem \u00d6ffnen auf den Deckel. Wenn es nicht einrastet, verwenden Sie den Inhalt nicht!<br \/>\nMod de preparare: Amestecati continutul si puneti cantitatea dorita pe o farfurie. Folositi o lingura de plastic pentru aceasta operatie.<br \/>\nDen restlichen Inhalt verschlossen im K\u00fchlschrank aufbewahren und innerhalb von 24 Stunden aufbrauchen.<br \/>\nReste nicht wiederverwenden.<br \/>\n<strong>N\u00e4hrwertangaben\/100g:<\/strong><br \/>\nEnergie 286 kJ (68 kcal)<br \/>\nGrasimi 0.5 g din care saturate 0.1 g<br \/>\nGlucide 14 g din care zaharuri 8.9 g<br \/>\nProteine \u200b\u200b1 g<br \/>\nSalz 0,01 g<br \/>\nVitamina C 15 mg<\/p>\n<p>Hergestellt in Holland von Bonb\u00e9b\u00e9, Antwoordnummer 3500, 4140 VH Beesd<br \/>\nEinf\u00fchrer und H\u00e4ndler Total Blue Impex SRL<\/p>","protected":false},"excerpt":{"rendered":"<p>La Bonb\u00e9b\u00e9 intelegem ca iti doresti tot ce este mai bun pentru copilul tau. De aceea folosim ingrediente atent selectate si controlate de buna calitate in toate produsele noastre. Formulat de nutritionisti. In plus, produsele noastre contin numai zaharuri si saruri naturale. In acest fel oferim produse bune, astfel incat sa puteti acorda toata atentia [&#8230;]\n","protected":false},"featured_media":53227,"comment_status":"open","ping_status":"closed","template":"","meta":{"_acf_changed":false,"_seopress_robots_primary_cat":"1767","_seopress_titles_title":"Piure BIO Bon Bebe cu banane, mere si biscuiti 8+ luni, 200g","_seopress_titles_desc":"Piure BIO Bon Bebe cu banane, mere si biscuiti pentru bebelusii cu varsta peste 8 luni.\r\nO gustare delicioasa pentru bebelusi cu ingrediente pure si naturale.","_seopress_robots_index":""},"product_brand":[7974],"product_cat":[1984,1520,5677,1767],"giftcard-category":[],"class_list":{"0":"post-53225","1":"product","2":"type-product","3":"status-publish","4":"has-post-thumbnail","6":"product_brand-bon-bebe","7":"product_cat-hrana-bebelusi","8":"product_cat-mama-copilul","9":"product_cat-mancare-si-accesorii-bebe","10":"product_cat-produse-olanda","12":"first","13":"outofstock","14":"taxable","15":"shipping-taxable","16":"purchasable","17":"product-type-simple"},"acf":[],"_links":{"self":[{"href":"https:\/\/totalblue.ro\/de\/wp-json\/wp\/v2\/product\/53225","targetHints":{"allow":["GET"]}}],"collection":[{"href":"https:\/\/totalblue.ro\/de\/wp-json\/wp\/v2\/product"}],"about":[{"href":"https:\/\/totalblue.ro\/de\/wp-json\/wp\/v2\/types\/product"}],"replies":[{"embeddable":true,"href":"https:\/\/totalblue.ro\/de\/wp-json\/wp\/v2\/comments?post=53225"}],"wp:featuredmedia":[{"embeddable":true,"href":"https:\/\/totalblue.ro\/de\/wp-json\/wp\/v2\/media\/53227"}],"wp:attachment":[{"href":"https:\/\/totalblue.ro\/de\/wp-json\/wp\/v2\/media?parent=53225"}],"wp:term":[{"taxonomy":"product_brand","embeddable":true,"href":"https:\/\/totalblue.ro\/de\/wp-json\/wp\/v2\/product_brand?post=53225"},{"taxonomy":"product_cat","embeddable":true,"href":"https:\/\/totalblue.ro\/de\/wp-json\/wp\/v2\/product_cat?post=53225"},{"taxonomy":"giftcard-category","embeddable":true,"href":"https:\/\/totalblue.ro\/de\/wp-json\/wp\/v2\/giftcard-category?post=53225"}],"curies":[{"name":"wp","href":"https:\/\/api.w.org\/{rel}","templated":true}]}}