{"id":53232,"date":"2022-05-26T13:11:20","date_gmt":"2022-05-26T10:11:20","guid":{"rendered":"https:\/\/totalblue.ro\/?post_type=product&#038;p=53232"},"modified":"2025-08-01T10:28:56","modified_gmt":"2025-08-01T07:28:56","slug":"piure-bio-bon-bebe-caise-mere-si-banane-6-luni-200g","status":"publish","type":"product","link":"https:\/\/totalblue.ro\/de\/produs\/piure-bio-bon-bebe-caise-mere-si-banane-6-luni-200g\/","title":{"rendered":"Piure BIO Bon Bebe Caise, Mere si Banane 6+ luni, 200g"},"content":{"rendered":"<p>Wir von Bonb\u00e9b\u00e9 verstehen, dass Sie das Beste f\u00fcr Ihr Baby wollen. Deshalb verwenden wir f\u00fcr alle unsere Produkte sorgf\u00e4ltig ausgew\u00e4hlte und qualit\u00e4tsgepr\u00fcfte Zutaten.<br \/>\nVon Ern\u00e4hrungswissenschaftlern formuliert. Dar\u00fcber hinaus enthalten unsere Produkte nur nat\u00fcrliche Zucker und Salze.<br \/>\nAuf diese Weise bieten wir gute Produkte an, damit Sie Ihrem Kind Ihre volle Aufmerksamkeit schenken k\u00f6nnen.<\/p>\n<p><strong>\u2713 Bio<\/strong><br \/>\n<strong>\u2713 Piure<\/strong><\/p>\n<p>Piure BIO Bon Bebe cu caise, mere si banane pentru bebelusii cu varsta peste 6 luni.<br \/>\nEin leckerer Babysnack mit reinen und nat\u00fcrlichen Zutaten.<br \/>\nInhalt und Gewicht: 200 Gramm.<br \/>\n<strong>Zutat<\/strong>: 37% caise*, 36.6% mere*, 24% banane*, f\u0103in\u0103 de orez*, suc concentrat de l\u0103m\u00e2ie*, vitamina C, *de origine BIO.<br \/>\nVerpackt in einem Glasgef\u00e4\u00df mit Klickdeckel.<br \/>\nDr\u00fccken Sie vor dem \u00d6ffnen auf den Deckel. Wenn es nicht einrastet, verwenden Sie den Inhalt nicht!<br \/>\n<strong>Vorbereitung<\/strong>: Mischen Sie den Inhalt und geben Sie die gew\u00fcnschte Menge auf einen Teller. Verwenden Sie dazu einen Plastikl\u00f6ffel.<br \/>\nDen restlichen Inhalt verschlossen im K\u00fchlschrank aufbewahren und innerhalb von 24 Stunden aufbrauchen.<br \/>\nReste nicht wiederverwenden.<br \/>\n<strong>N\u00e4hrwertangaben\/100g:<\/strong><br \/>\nEnergie 280 kJ (66 kcal)<br \/>\nGrasimi 0.2 g din care saturate 0.0 g<br \/>\nGlucide 14.1 g din care zaharuri 10.6 g<br \/>\nProteine \u200b\u200b0.7 g<br \/>\nSare &lt;0.01 g<br \/>\nVitamina C 15 mg<\/p>\n<p>Hergestellt in Holland von Bonb\u00e9b\u00e9, Antwoordnummer 3500, 4140 VH Beesd<br \/>\nEinf\u00fchrer und H\u00e4ndler Total Blue Impex SRL<\/p>","protected":false},"excerpt":{"rendered":"<p>La Bonb\u00e9b\u00e9 intelegem ca iti doresti tot ce este mai bun pentru copilul tau. De aceea folosim ingrediente atent selectate si controlate de buna calitate in toate produsele noastre. Formulat de nutritionisti. In plus, produsele noastre contin numai zaharuri si saruri naturale. In acest fel oferim produse bune, astfel incat sa puteti acorda toata atentia [&#8230;]\n","protected":false},"featured_media":53234,"comment_status":"open","ping_status":"closed","template":"","meta":{"_acf_changed":false,"_seopress_robots_primary_cat":"1767","_seopress_titles_title":"Piure BIO Bon Bebe Caise, Mere si Banane 6+ luni, 200g","_seopress_titles_desc":"Piure BIO Bon Bebe cu caise, mere si banane pentru bebelusii cu varsta peste 6 luni.\r\nO gustare delicioasa pentru bebelusi cu ingrediente pure si naturale.","_seopress_robots_index":""},"product_brand":[7974],"product_cat":[1984,1520,5677,1767],"giftcard-category":[],"class_list":{"0":"post-53232","1":"product","2":"type-product","3":"status-publish","4":"has-post-thumbnail","6":"product_brand-bon-bebe","7":"product_cat-hrana-bebelusi","8":"product_cat-mama-copilul","9":"product_cat-mancare-si-accesorii-bebe","10":"product_cat-produse-olanda","12":"first","13":"outofstock","14":"taxable","15":"shipping-taxable","16":"purchasable","17":"product-type-simple"},"acf":[],"_links":{"self":[{"href":"https:\/\/totalblue.ro\/de\/wp-json\/wp\/v2\/product\/53232","targetHints":{"allow":["GET"]}}],"collection":[{"href":"https:\/\/totalblue.ro\/de\/wp-json\/wp\/v2\/product"}],"about":[{"href":"https:\/\/totalblue.ro\/de\/wp-json\/wp\/v2\/types\/product"}],"replies":[{"embeddable":true,"href":"https:\/\/totalblue.ro\/de\/wp-json\/wp\/v2\/comments?post=53232"}],"wp:featuredmedia":[{"embeddable":true,"href":"https:\/\/totalblue.ro\/de\/wp-json\/wp\/v2\/media\/53234"}],"wp:attachment":[{"href":"https:\/\/totalblue.ro\/de\/wp-json\/wp\/v2\/media?parent=53232"}],"wp:term":[{"taxonomy":"product_brand","embeddable":true,"href":"https:\/\/totalblue.ro\/de\/wp-json\/wp\/v2\/product_brand?post=53232"},{"taxonomy":"product_cat","embeddable":true,"href":"https:\/\/totalblue.ro\/de\/wp-json\/wp\/v2\/product_cat?post=53232"},{"taxonomy":"giftcard-category","embeddable":true,"href":"https:\/\/totalblue.ro\/de\/wp-json\/wp\/v2\/giftcard-category?post=53232"}],"curies":[{"name":"wp","href":"https:\/\/api.w.org\/{rel}","templated":true}]}}