{"id":53992,"date":"2022-06-02T09:52:02","date_gmt":"2022-06-02T06:52:02","guid":{"rendered":"https:\/\/totalblue.ro\/?post_type=product&#038;p=53992"},"modified":"2025-08-05T12:08:47","modified_gmt":"2025-08-05T09:08:47","slug":"bake-rolls-cu-smantana-si-ceapa-rondele-paine-crocanta-80-g","status":"publish","type":"product","link":"https:\/\/totalblue.ro\/de\/produs\/bake-rolls-cu-smantana-si-ceapa-rondele-paine-crocanta-80-g\/","title":{"rendered":"Br\u00f6tchen mit saurer Sahne und Zwiebeln Krustenbr\u00f6tchen 80 g"},"content":{"rendered":"<p>Br\u00f6tchen mit saurer Sahne und Zwiebeln Krustenbr\u00f6tchen 80 g<br \/>\nAn einem k\u00fchlen, trockenen Ort aufbewahren.<br \/>\n<strong><br \/>\n<\/strong><\/p>","protected":false},"excerpt":{"rendered":"<p>Bake Rolls cu smantana si ceapa Rondele paine crocanta 80 g A se pastra la loc uscat si racoros.<\/p>","protected":false},"featured_media":53993,"comment_status":"open","ping_status":"closed","template":"","meta":{"_acf_changed":false,"_seopress_robots_primary_cat":"none","_seopress_titles_title":"","_seopress_titles_desc":"","_seopress_robots_index":""},"product_brand":[2071],"product_cat":[1555],"giftcard-category":[],"class_list":{"0":"post-53992","1":"product","2":"type-product","3":"status-publish","4":"has-post-thumbnail","6":"product_brand-bake-rolls","7":"product_cat-bacanie","9":"first","10":"instock","11":"taxable","12":"shipping-taxable","13":"purchasable","14":"product-type-simple"},"acf":[],"_links":{"self":[{"href":"https:\/\/totalblue.ro\/de\/wp-json\/wp\/v2\/product\/53992","targetHints":{"allow":["GET"]}}],"collection":[{"href":"https:\/\/totalblue.ro\/de\/wp-json\/wp\/v2\/product"}],"about":[{"href":"https:\/\/totalblue.ro\/de\/wp-json\/wp\/v2\/types\/product"}],"replies":[{"embeddable":true,"href":"https:\/\/totalblue.ro\/de\/wp-json\/wp\/v2\/comments?post=53992"}],"wp:featuredmedia":[{"embeddable":true,"href":"https:\/\/totalblue.ro\/de\/wp-json\/wp\/v2\/media\/53993"}],"wp:attachment":[{"href":"https:\/\/totalblue.ro\/de\/wp-json\/wp\/v2\/media?parent=53992"}],"wp:term":[{"taxonomy":"product_brand","embeddable":true,"href":"https:\/\/totalblue.ro\/de\/wp-json\/wp\/v2\/product_brand?post=53992"},{"taxonomy":"product_cat","embeddable":true,"href":"https:\/\/totalblue.ro\/de\/wp-json\/wp\/v2\/product_cat?post=53992"},{"taxonomy":"giftcard-category","embeddable":true,"href":"https:\/\/totalblue.ro\/de\/wp-json\/wp\/v2\/giftcard-category?post=53992"}],"curies":[{"name":"wp","href":"https:\/\/api.w.org\/{rel}","templated":true}]}}