{"id":54769,"date":"2022-06-09T14:39:09","date_gmt":"2022-06-09T11:39:09","guid":{"rendered":"https:\/\/totalblue.ro\/?post_type=product&#038;p=54769"},"modified":"2025-08-06T10:13:37","modified_gmt":"2025-08-06T07:13:37","slug":"honig-braune-bohnensuppe-lebensmittel-basis-117-g","status":"publish","type":"product","link":"https:\/\/totalblue.ro\/de\/produs\/honig-baza-mancare-pentru-supa-de-fasole-bruna-117-g\/","title":{"rendered":"Honig Food Basis f\u00fcr braune Bohnensuppe 117 g"},"content":{"rendered":"<p>Zutaten:Wasser, 13% Bohnen, 11% Gem\u00fcse (Tomate, Sellerie, Zwiebel, Lauch), 8% Kartoffeln, GRAU Mehl, St\u00e4rke, Salz, Aromen (enth\u00e4lt ORZ), Palmfett, Malzextrakt (enth\u00e4lt ORZ), Kr\u00e4uter (Sellerie, Lorbeer), Gew\u00fcrze (Nelken, Wacholder, Pfeffer, Paprikapulver), Hefeextrakt (enth\u00e4lt ORZ), Raucharoma, Farbstoff (Paprikaextrakt).<br \/>\nAllergene: Enth\u00e4lt Gerste, glutenhaltiges Getreide, Sellerie, Weizen.<br \/>\nKann Milch enthalten.<\/p>\n<p>Vorbereitung:<br \/>\n1) Den Inhalt des Beutels in einen Topf mit 1,5 Liter kaltem Wasser dr\u00fccken und unter R\u00fchren mit einem L\u00f6ffel zum Kochen bringen.<br \/>\n2) Sobald die Suppe kocht, 1 kleine Karotte (50 g), 250 g braune Bohnen und 125 g Speck hinzuf\u00fcgen.<br \/>\n3) Den Deckel auf den Topf legen (nicht ganz schlie\u00dfen) und die Suppe weitere 10 Minuten k\u00f6cheln lassen,<\/p>\n<p>N\u00e4hrwertangaben pro 100 ml<br \/>\nEnergie 166 kJ (39 kcal)<br \/>\nFett 0,4 g, davon ges\u00e4ttigtes Fett 0,1 g<br \/>\nKohlenhydrate 6 g, davon Zucker 0,5 g<br \/>\nBallaststoffe 1,6 g<br \/>\nEiwei\u00df 2,2 g<br \/>\nSalz 0,72 g<\/p>\n<p>Hersteller: Honig Consumentenservice, Antwoordnummer 98057 1000 VA Amsterdam<br \/>\nEinf\u00fchrer und H\u00e4ndler Total Blue Impex SRL<\/p>","protected":false},"excerpt":{"rendered":"<p>Ingrediente:(Dupa preparare cu apa):, apa, fasole 13%, legume 11% (rosie, telina, ceapa, praz), cartofi 8%, faina de GRAU, amidon, sare, arome (contin ORZ), grasime de palmier, extract de malt (contine ORZ), ierburi (telina, dafin), condimente (cuisoare, ienibahar, piper, praf de boia), extract de drojdie (contine ORZ), aroma de fum, colorant (extract de boia). Alergeni: Contine [&#8230;]\n","protected":false},"featured_media":54772,"comment_status":"open","ping_status":"closed","template":"","meta":{"_acf_changed":false,"_seopress_robots_primary_cat":"none","_seopress_titles_title":"","_seopress_titles_desc":"","_seopress_robots_index":""},"product_brand":[2066],"product_cat":[1555,1683,3272,1767],"giftcard-category":[],"class_list":{"0":"post-54769","1":"product","2":"type-product","3":"status-publish","4":"has-post-thumbnail","6":"product_brand-honig","7":"product_cat-bacanie","8":"product_cat-conserve-mancare-gatita","9":"product_cat-conserve","10":"product_cat-produse-olanda","12":"first","13":"outofstock","14":"taxable","15":"shipping-taxable","16":"purchasable","17":"product-type-simple"},"acf":[],"_links":{"self":[{"href":"https:\/\/totalblue.ro\/de\/wp-json\/wp\/v2\/product\/54769","targetHints":{"allow":["GET"]}}],"collection":[{"href":"https:\/\/totalblue.ro\/de\/wp-json\/wp\/v2\/product"}],"about":[{"href":"https:\/\/totalblue.ro\/de\/wp-json\/wp\/v2\/types\/product"}],"replies":[{"embeddable":true,"href":"https:\/\/totalblue.ro\/de\/wp-json\/wp\/v2\/comments?post=54769"}],"wp:featuredmedia":[{"embeddable":true,"href":"https:\/\/totalblue.ro\/de\/wp-json\/wp\/v2\/media\/54772"}],"wp:attachment":[{"href":"https:\/\/totalblue.ro\/de\/wp-json\/wp\/v2\/media?parent=54769"}],"wp:term":[{"taxonomy":"product_brand","embeddable":true,"href":"https:\/\/totalblue.ro\/de\/wp-json\/wp\/v2\/product_brand?post=54769"},{"taxonomy":"product_cat","embeddable":true,"href":"https:\/\/totalblue.ro\/de\/wp-json\/wp\/v2\/product_cat?post=54769"},{"taxonomy":"giftcard-category","embeddable":true,"href":"https:\/\/totalblue.ro\/de\/wp-json\/wp\/v2\/giftcard-category?post=54769"}],"curies":[{"name":"wp","href":"https:\/\/api.w.org\/{rel}","templated":true}]}}