{"id":57688,"date":"2022-07-21T16:19:08","date_gmt":"2022-07-21T13:19:08","guid":{"rendered":"https:\/\/totalblue.ro\/?post_type=product&#038;p=57688"},"modified":"2026-02-14T19:45:44","modified_gmt":"2026-02-14T17:45:44","slug":"recas-castel-huniade-sauvignon-blanc-trocken-weiswein-125-alkohol-0-75-liter","status":"publish","type":"product","link":"https:\/\/totalblue.ro\/de\/produs\/recas-castel-huniade-sauvignon-blanc-vin-alb-sec-125-alcool-0-75-l\/","title":{"rendered":"Recas Castel Huniade Sauvignon Blanc trockener Wei\u00dfwein 12,5% Alkohol 0.75 L"},"content":{"rendered":"<p>Der Sauvignon Blanc von Recas Castel Huniade ist ein Wein von sehr guter Klarheit.<\/p>\n<p>W\u00fcrzig mit pflanzlichen Akzenten (Gras), Akazienbl\u00fcten und reifen Fr\u00fcchten (Aprikosen, Pfirsiche) und Melone, vor einem mineralischen Hintergrund. Am Gaumen best\u00e4tigt sich die Mineralit\u00e4t, unterst\u00fctzt durch eine gute S\u00e4ure, Zitrusnoten (Limette), mit einem leicht bitteren Abgang (Aprikosenkerne).<\/p>\n<p>Der gut eingebundene Alkohol unterst\u00fctzt die Struktur eines Weines, der sich durch eine gute Geschmacksdynamik und tonische Noten auszeichnet.eines der markantesten Symbole von Timisoara ist der Palast \"Castel Huniade\" .<\/p>\n<p>In W\u00fcrdigung der Geschichte sind diese ausdrucksstarken und lebendigen, fast explosiven Weine entstanden, die dem zeitgen\u00f6ssischen Weinstil sehr entgegenkommen. Denn die Gegenwart geh\u00f6rt denen, die sie leben, und leben k\u00f6nnen nur diejenigen, die ihre Vergangenheit verstehen, um ihre Zukunft zu gestalten.<\/p>\n<p>Farbe: goldgelb mit gr\u00fcnlichen Reflexen<br \/>\nnd die Geschichte hat diese ausdrucksstarken und lebendigen, fast explosiven Weine hervorgebracht, die sehr gut auf die zeitgen\u00f6ssischen Weinstile abgestimmt sind. Denn die Gegenwart geh\u00f6rt denen, die sie leben, und leben k\u00f6nnen nur diejenigen, die ihre Vergangenheit verstehen, um ihre Zukunft zu gestalten.<\/p>\n<p>Farbe: goldgelb mit gr\u00fcnlichen Reflexen<\/p>\n<p>Marke Recas<br \/>\nHerkunftsland Rum\u00e4nien<br \/>\nTyp Trockener Wein<br \/>\nLiter 0.75L<br \/>\nAlkohol 12,5%<br \/>\nRegion Recas<br \/>\nTyp Trauben Sauvignon Blanc<br \/>\nFarbe Wei\u00df<\/p>\n<p>Juristische L\u00fcgen: Alkohol schadet Ihrer Gesundheit. Trinken Sie in Ma\u00dfen. Der Verkauf an unter 18-J\u00e4hrige ist verboten. www.desprealcool.ro<br \/>\n<a href=\"https:\/\/totalblue.ro\/wp-content\/uploads\/2021\/04\/under-18.jpg\"><img loading=\"lazy\" decoding=\"async\" class=\"alignnone wp-image-30757\" src=\"https:\/\/totalblue.ro\/wp-content\/uploads\/2021\/04\/under-18-400x400.jpg\" alt=\"\" width=\"95\" height=\"95\" srcset=\"https:\/\/totalblue.ro\/wp-content\/uploads\/2021\/04\/under-18-400x400.jpg 400w, https:\/\/totalblue.ro\/wp-content\/uploads\/2021\/04\/under-18-100x100.jpg 100w, https:\/\/totalblue.ro\/wp-content\/uploads\/2021\/04\/under-18-510x510.jpg 510w, https:\/\/totalblue.ro\/wp-content\/uploads\/2021\/04\/under-18-280x280.jpg 280w, https:\/\/totalblue.ro\/wp-content\/uploads\/2021\/04\/under-18.jpg 600w\" sizes=\"auto, (max-width: 95px) 100vw, 95px\" \/><\/a><a href=\"https:\/\/totalblue.ro\/wp-content\/uploads\/2021\/06\/drink-drive.jpg\"><img loading=\"lazy\" decoding=\"async\" class=\"alignnone wp-image-30761\" src=\"https:\/\/totalblue.ro\/wp-content\/uploads\/2021\/06\/drink-drive.jpg\" alt=\"\" width=\"96\" height=\"94\" srcset=\"https:\/\/totalblue.ro\/wp-content\/uploads\/2021\/06\/drink-drive.jpg 344w, https:\/\/totalblue.ro\/wp-content\/uploads\/2021\/06\/drink-drive-100x98.jpg 100w\" sizes=\"auto, (max-width: 96px) 100vw, 96px\" \/><\/a><a href=\"https:\/\/totalblue.ro\/wp-content\/uploads\/2021\/06\/bere-gravide02.jpg\"><img loading=\"lazy\" decoding=\"async\" class=\"alignnone wp-image-30771\" src=\"https:\/\/totalblue.ro\/wp-content\/uploads\/2021\/06\/bere-gravide02-403x400.jpg\" alt=\"\" width=\"97\" height=\"96\" srcset=\"https:\/\/totalblue.ro\/wp-content\/uploads\/2021\/06\/bere-gravide02-403x400.jpg 403w, https:\/\/totalblue.ro\/wp-content\/uploads\/2021\/06\/bere-gravide02-100x99.jpg 100w, https:\/\/totalblue.ro\/wp-content\/uploads\/2021\/06\/bere-gravide02-510x507.jpg 510w, https:\/\/totalblue.ro\/wp-content\/uploads\/2021\/06\/bere-gravide02-805x800.jpg 805w, https:\/\/totalblue.ro\/wp-content\/uploads\/2021\/06\/bere-gravide02-280x280.jpg 280w, https:\/\/totalblue.ro\/wp-content\/uploads\/2021\/06\/bere-gravide02-768x763.jpg 768w, https:\/\/totalblue.ro\/wp-content\/uploads\/2021\/06\/bere-gravide02-600x596.jpg 600w, https:\/\/totalblue.ro\/wp-content\/uploads\/2021\/06\/bere-gravide02.jpg 895w\" sizes=\"auto, (max-width: 97px) 100vw, 97px\" \/><\/a><\/p>","protected":false},"excerpt":{"rendered":"<p>Recas Castel Huniade Sauvignon Blanc este un vin cu o limpiditate foarte buna. Prospetime cu accente vegetale (iarba), flori de salcam si fructe parguite (caise, piersici) si pepene galben, pe un fundal mineral. Mineralitatea confirmata gustativ, sustinuta de aciditate buna, tente citrice (limeta), cu final usor amarui (samburi de caise). Alcoolul bine integrat sustine structura [&#8230;]\n","protected":false},"featured_media":57689,"comment_status":"open","ping_status":"closed","template":"","meta":{"_acf_changed":false,"_seopress_robots_primary_cat":"none","_seopress_titles_title":"Recas Castel Huniade Sauvignon Blanc vin alb sec 12,5% alcool 0.75 L","_seopress_titles_desc":"Cauti Recas Castel Huniade Sauvignon Blanc? Cumpara online Recas Castel Huniade Sauvignon Blanc vin alb sec 12,5% alcool 0.75 L. Profita!","_seopress_robots_index":""},"product_brand":[6044],"product_cat":[1519],"giftcard-category":[],"class_list":{"0":"post-57688","1":"product","2":"type-product","3":"status-publish","4":"has-post-thumbnail","6":"product_brand-recas","7":"product_cat-bauturi-alcoolice-bere","9":"first","10":"instock","11":"taxable","12":"shipping-taxable","13":"purchasable","14":"product-type-simple"},"acf":[],"_links":{"self":[{"href":"https:\/\/totalblue.ro\/de\/wp-json\/wp\/v2\/product\/57688","targetHints":{"allow":["GET"]}}],"collection":[{"href":"https:\/\/totalblue.ro\/de\/wp-json\/wp\/v2\/product"}],"about":[{"href":"https:\/\/totalblue.ro\/de\/wp-json\/wp\/v2\/types\/product"}],"replies":[{"embeddable":true,"href":"https:\/\/totalblue.ro\/de\/wp-json\/wp\/v2\/comments?post=57688"}],"wp:featuredmedia":[{"embeddable":true,"href":"https:\/\/totalblue.ro\/de\/wp-json\/wp\/v2\/media\/57689"}],"wp:attachment":[{"href":"https:\/\/totalblue.ro\/de\/wp-json\/wp\/v2\/media?parent=57688"}],"wp:term":[{"taxonomy":"product_brand","embeddable":true,"href":"https:\/\/totalblue.ro\/de\/wp-json\/wp\/v2\/product_brand?post=57688"},{"taxonomy":"product_cat","embeddable":true,"href":"https:\/\/totalblue.ro\/de\/wp-json\/wp\/v2\/product_cat?post=57688"},{"taxonomy":"giftcard-category","embeddable":true,"href":"https:\/\/totalblue.ro\/de\/wp-json\/wp\/v2\/giftcard-category?post=57688"}],"curies":[{"name":"wp","href":"https:\/\/api.w.org\/{rel}","templated":true}]}}