{"id":59885,"date":"2022-08-22T14:57:08","date_gmt":"2022-08-22T11:57:08","guid":{"rendered":"https:\/\/totalblue.ro\/?post_type=product&#038;p=59885"},"modified":"2023-09-19T15:56:40","modified_gmt":"2023-09-19T12:56:40","slug":"minnie-stars-stift-mit-2-fachern-ausgestattet-mit-27-teilen","status":"publish","type":"product","link":"https:\/\/totalblue.ro\/de\/produs\/penar-minnie-stars-cu-2-compartimente-echipat-27-piese\/","title":{"rendered":"Stift Minnie Stars mit 2 F\u00e4chern ausgestattet mit 27 St\u00fcck"},"content":{"rendered":"<p><span class=\"Y2IQFc\" lang=\"ro\">Multifunktionaler Stift mit Mnnie Mouse, komplett ausgestattet mit 2 F\u00e4chern.<br \/>\nDer Rei\u00dfverschluss ist praktisch, um den Inhalt sicher aufzubewahren und f\u00fcr Kinder leicht zu handhaben.<br \/>\nDer Stift ist leicht, abwaschbar und besteht aus einem strapazierf\u00e4higen Material, das sich sehr angenehm anf\u00fchlt.<br \/>\nDieses M\u00e4ppchen enth\u00e4lt die f\u00fcr den Kindergarten oder die Schule ben\u00f6tigten Schreibger\u00e4te.<br \/>\nDie Federmappe enth\u00e4lt 27 Schulsachen:<br \/>\n- 10 Buntstifte<br \/>\n- 10 carioci<br \/>\n- 2 HB-Bleistifte<br \/>\n- 1 Anspitzer<br \/>\n- 1 Radiergummi<br \/>\n- 1 Lineal<br \/>\n- 1 Notizblock<br \/>\n- 1 Stunde<br \/>\nAbmessungen: 20x4x14 cm<\/span><\/p>","protected":false},"excerpt":{"rendered":"<p><span class=\"goog-text-highlight\"><span class=\"\">Multifunktionaler Stift mit Minnie Mouse, komplett ausgestattet mit 2 F\u00e4chern.<br \/>\nProdukt-Code:GIM3404444100<\/span><\/span><\/p>","protected":false},"featured_media":59887,"comment_status":"open","ping_status":"closed","template":"","meta":{"_acf_changed":false,"_seopress_robots_primary_cat":"none","_seopress_titles_title":"","_seopress_titles_desc":"","_seopress_robots_index":""},"product_brand":[],"product_cat":[11519],"giftcard-category":[],"class_list":{"0":"post-59885","1":"product","2":"type-product","3":"status-publish","4":"has-post-thumbnail","6":"product_cat-rechizite","8":"first","9":"instock","10":"taxable","11":"shipping-taxable","12":"purchasable","13":"product-type-simple"},"acf":[],"_links":{"self":[{"href":"https:\/\/totalblue.ro\/de\/wp-json\/wp\/v2\/product\/59885","targetHints":{"allow":["GET"]}}],"collection":[{"href":"https:\/\/totalblue.ro\/de\/wp-json\/wp\/v2\/product"}],"about":[{"href":"https:\/\/totalblue.ro\/de\/wp-json\/wp\/v2\/types\/product"}],"replies":[{"embeddable":true,"href":"https:\/\/totalblue.ro\/de\/wp-json\/wp\/v2\/comments?post=59885"}],"wp:featuredmedia":[{"embeddable":true,"href":"https:\/\/totalblue.ro\/de\/wp-json\/wp\/v2\/media\/59887"}],"wp:attachment":[{"href":"https:\/\/totalblue.ro\/de\/wp-json\/wp\/v2\/media?parent=59885"}],"wp:term":[{"taxonomy":"product_brand","embeddable":true,"href":"https:\/\/totalblue.ro\/de\/wp-json\/wp\/v2\/product_brand?post=59885"},{"taxonomy":"product_cat","embeddable":true,"href":"https:\/\/totalblue.ro\/de\/wp-json\/wp\/v2\/product_cat?post=59885"},{"taxonomy":"giftcard-category","embeddable":true,"href":"https:\/\/totalblue.ro\/de\/wp-json\/wp\/v2\/giftcard-category?post=59885"}],"curies":[{"name":"wp","href":"https:\/\/api.w.org\/{rel}","templated":true}]}}