{"id":60242,"date":"2022-08-30T10:08:40","date_gmt":"2022-08-30T07:08:40","guid":{"rendered":"https:\/\/totalblue.ro\/?post_type=product&#038;p=60242"},"modified":"2026-04-01T12:39:27","modified_gmt":"2026-04-01T09:39:27","slug":"ulei-de-corp-cu-extract-de-musetel-bon-bebe-300-ml","status":"publish","type":"product","link":"https:\/\/totalblue.ro\/de\/produs\/ulei-de-corp-cu-extract-de-musetel-bon-bebe-300-ml\/","title":{"rendered":"Bon Bebe K\u00f6rper\u00f6l mit Kamillenextrakt 300 ml"},"content":{"rendered":"<div id=\"tab-description\" class=\"woocommerce-Tabs-panel woocommerce-Tabs-panel--description panel entry-content active\" role=\"tabpanel\" aria-labelledby=\"tab-title-description\">Inhaltsstoff : <span class=\"HwtZe\" lang=\"ro\"><span class=\"jCAhz ChMk0b\"><span class=\"ryNqvb\">parafin\u0103 lichid\u0103, parfum, bisabolol, triglicerid\u0103 caprilic\u0103\/capric\u0103, extract de flori de mu\u0219e\u021bel, tocoferol, ulei din semin\u021be de helianthus annuus<\/span><\/span><\/span><\/div>\n<div class=\"woocommerce-Tabs-panel woocommerce-Tabs-panel--description panel entry-content active\" role=\"tabpanel\" aria-labelledby=\"tab-title-description\">\u2713Delicat si bland cu pielea bebelusului<br \/>\n\u2713Testat dermatologic<br \/>\n\u27130% coloranti si alergeni de parfum<br \/>\nUleiul pentru piele Bonb\u00e9b\u00e9 ajuta la mentinerea pielii delicate si fragile a bebelusului. Extractul de musetel ofera ingrijire suplimentara si ajuta la protejarea impotriva deshidratarii.<br \/>\nUleiul este absorbit treptat si, prin urmare, este ideal pentru masajul bebelusului.<\/div>","protected":false},"excerpt":{"rendered":"<p>Ingrediente : parafin\u0103 lichid\u0103, parfum, bisabolol, triglicerid\u0103 caprilic\u0103\/capric\u0103, extract de flori de mu\u0219e\u021bel, tocoferol, ulei din semin\u021be de helianthus annuus \u2713Delicat si bland cu pielea bebelusului \u2713Testat dermatologic \u27130% coloranti si alergeni de parfum Uleiul pentru piele Bonb\u00e9b\u00e9 ajuta la mentinerea pielii delicate si fragile a bebelusului. Extractul de musetel ofera ingrijire suplimentara si ajuta [&#8230;]\n","protected":false},"featured_media":60232,"comment_status":"open","ping_status":"closed","template":"","meta":{"_acf_changed":false,"_seopress_robots_primary_cat":"1940","_seopress_titles_title":"","_seopress_titles_desc":"","_seopress_robots_index":""},"product_brand":[7974],"product_cat":[1520,1940],"giftcard-category":[],"class_list":{"0":"post-60242","1":"product","2":"type-product","3":"status-publish","4":"has-post-thumbnail","6":"product_brand-bon-bebe","7":"product_cat-mama-copilul","8":"product_cat-sampoane-detergenti","10":"first","11":"instock","12":"taxable","13":"shipping-taxable","14":"purchasable","15":"product-type-simple"},"acf":[],"_links":{"self":[{"href":"https:\/\/totalblue.ro\/de\/wp-json\/wp\/v2\/product\/60242","targetHints":{"allow":["GET"]}}],"collection":[{"href":"https:\/\/totalblue.ro\/de\/wp-json\/wp\/v2\/product"}],"about":[{"href":"https:\/\/totalblue.ro\/de\/wp-json\/wp\/v2\/types\/product"}],"replies":[{"embeddable":true,"href":"https:\/\/totalblue.ro\/de\/wp-json\/wp\/v2\/comments?post=60242"}],"wp:featuredmedia":[{"embeddable":true,"href":"https:\/\/totalblue.ro\/de\/wp-json\/wp\/v2\/media\/60232"}],"wp:attachment":[{"href":"https:\/\/totalblue.ro\/de\/wp-json\/wp\/v2\/media?parent=60242"}],"wp:term":[{"taxonomy":"product_brand","embeddable":true,"href":"https:\/\/totalblue.ro\/de\/wp-json\/wp\/v2\/product_brand?post=60242"},{"taxonomy":"product_cat","embeddable":true,"href":"https:\/\/totalblue.ro\/de\/wp-json\/wp\/v2\/product_cat?post=60242"},{"taxonomy":"giftcard-category","embeddable":true,"href":"https:\/\/totalblue.ro\/de\/wp-json\/wp\/v2\/giftcard-category?post=60242"}],"curies":[{"name":"wp","href":"https:\/\/api.w.org\/{rel}","templated":true}]}}