{"id":61083,"date":"2022-09-07T11:23:18","date_gmt":"2022-09-07T08:23:18","guid":{"rendered":"https:\/\/totalblue.ro\/?post_type=product&#038;p=61083"},"modified":"2025-08-01T10:28:44","modified_gmt":"2025-08-01T07:28:44","slug":"aptamil-pre-pronutra-advance-formula-trinkfertige-milch-200-ml","status":"publish","type":"product","link":"https:\/\/totalblue.ro\/de\/produs\/aptamil-pre-pronutra-advance-formula-lapte-gata-de-baut-200-ml\/","title":{"rendered":"Aptamil Pre Pronutra Advance Formel trinkfertige Milch 200 ml"},"content":{"rendered":"<div id=\"tab-description\" class=\"woocommerce-Tabs-panel woocommerce-Tabs-panel--description panel entry-content active\" role=\"tabpanel\" aria-labelledby=\"tab-title-description\">\n<p>PRE Pronutra S\u00e4uglingsnahrung kann von Geburt an als alleinige Nahrung oder als Erg\u00e4nzung zum Stillen gegeben werden.<br \/>\nDie trinkfertige S\u00e4uglingsnahrung Pronutra Pre von Aptamil ist besonders praktisch, wenn Sie unterwegs sind. Sie brauchen nicht abzumessen, zu mischen und zu sch\u00fctteln - f\u00fcllen Sie einfach die gew\u00fcnschte Menge in die saubere Flasche Ihres Babys und f\u00fcttern Sie es entweder direkt bei Zimmertemperatur oder erw\u00e4rmen Sie die Formel auf Trinktemperatur (<span class=\"goog-text-highlight\">etwa 37\u00b0C) in einem Wasserbad<\/span>. die Trinkversion ist genau auf die Ern\u00e4hrungsbed\u00fcrfnisse von S\u00e4uglingen und Kleinkindern zugeschnitten.<br \/>\n<strong>Inhaltsstoff: <\/strong>ENTMINERALISIERTES WASSER | ENTFETTETER SCHIEFER | LAKTOSE (AUS SCHIEFER) | PFLANZLICHE \u00d6LE (PALM, KOKOS, RIPITA, SONNENBLUME) | GALAKTOOLIGOSAHARIDE (AUS SCHIEFER) | ENTMINERALISIERTES SERUM (AUS SCHIEFER) | ZEREIWEISS (AUS SCHIEFER) | EMULGATOREN (MONO- UND DGLYCERIDE VON FETTS\u00c4UREN, SOJA-LECITHIN) | KERMENKONZENTRAT (AUS R\u00dcTEN) | FRUCTOLOLIGOSAHARIDE | FISCH\u00d6LE | S\u00e4ureregulator (Zitronens\u00e4ure) | Calciumorthophosphat | Mortierella alpina-\u00d6l | Kaliumchlorid | Kaliumbicarbonat | Cholinchlorid | Kaliumcitrat | Kaliumhydroxid | Kaliumhydroxid Kalium | Natriumchlorid | Calciumhydroxid | Vitamin C | Natriumbicarbonat | Natriumbicarbonat | Natriumcitrat | Kaliumorthophosphat | Inozitol | Taurin | Magnesiumchlorid | Eisen(II)-Laktat | Magnesiumoxid | L-Carnitin | Zinksulfat | Nukleotide (Natriumsalze von Uridin, Cytidin, Adenosin, Adenosin, Inosin, Guanosin-5-Monophosphat) | Vitamin E | Pantothens\u00e4ure | Pantothens\u00e4ure | Antioxidans (Ascorbylpalmitat) | Niacin | Calciumcarbonat | Vitamin B2 | Vitamin B1 | Vitamin A | Vitamin B6 | Kupfersulfat | Fols\u00e4ure | Kaliumjodid | Natriumjodid | Natriumselenit | Vitamin K | Mangan(II)-sulfat | Vitamin D | Biotin | Vitamin B12<br \/>\nAllergene: Enth\u00e4lt Fisch und Fischderivate<br \/>\nEnth\u00e4lt Milch und Milchprodukte<br \/>\nEnth\u00e4lt Soja und Sojabohnenderivate<br \/>\n<strong>Verwendung:<\/strong><br \/>\n<span class=\"goog-text-highlight\">Die Flasche gut sch\u00fctteln. Schrauben Sie den Verschluss ab und verwenden Sie die Flasche bei Zimmertemperatur oder erw\u00e4rmen Sie sie im Wasserbad auf Trinktemperatur (ca. 37\u00b0C). F\u00fcllen Sie die Formel in die saubere Flasche und f\u00fcttern Sie Ihr Kind.<br \/>\n<\/span><\/p>\n<p>Durchschnittliche N\u00e4hrwertangaben pro 100 ml<br \/>\nBrennwert 66 kcal \/ 276 kJ<br \/>\nFett 3,4 g<br \/>\ndavon ges\u00e4ttigte Fetts\u00e4uren 1,5 g<br \/>\ndavon mehrfach unges\u00e4ttigte Fetts\u00e4uren 0,7 g<br \/>\nKohlenhydrate 7,4 g<br \/>\ndavon Zucker 7,2 g<br \/>\ndavon: Milchzucker 6,99 g<br \/>\nBallaststoffe 0,6 g<br \/>\nEiwei\u00df 1,3 g<br \/>\nSalz\u00e4quivalent 0 g<br \/>\nBiotin 1,8 ug<br \/>\nKalzium 42 mg<br \/>\nChlorid 54 mg<br \/>\nFluorid 0,006 mg<br \/>\nFols\u00e4ure 13 pg<br \/>\nJod 12 ug<br \/>\nKalium 88 mg<br \/>\nKupfer 0,05 mg<br \/>\nMagnesium 5,3 mg<br \/>\nMangan 0,003 mg<br \/>\nNiacin 0,43 mg<br \/>\nPantothens\u00e4ure 0,53 mg<br \/>\nPhosphor 34 mg<br \/>\nVitamin B 2, Riboflavin 0,14 mg<br \/>\nSelen &lt; 3 mg<br \/>\nVitamin A 58 \u00b5g<br \/>\nVitamin B 1, Thiamin 0,07 mg<br \/>\nVitamin B 12 0,17 \u00b5g<br \/>\nVitamin B6 0,05 mg<br \/>\nVitamin C 10 mg<br \/>\nVitamin D 1,6 \u00b5g<br \/>\nVitamin E 1,1 mg<br \/>\nVitamin K 4,1 \u00b5g<br \/>\nZink 0,51 mg<br \/>\nCarnitin 2,1 mg<br \/>\nCholin, insgesamt 22 mg<br \/>\nDocosahexaens\u00e4ure (DHA) 16,5 mg<br \/>\nGalaktose 0,48 g<br \/>\nInozitol 7,2 mg<br \/>\nLCPs 38,5 mg<br \/>\nNatrium 25 mg<br \/>\nTaurin 5,3 mg<\/p>\n<\/div>","protected":false},"excerpt":{"rendered":"<p>Formula pentru sugari PRE Pronutra poate fi oferita de la nastere ca unica hrana sau ca supliment la alaptare. Formula gata de baut Pronutra Pre de la Aptamil este deosebit de practica atunci cand sunteti in oras. Nu este nevoie sa masurati, sa amestecati si sa agitati \u2013 pur si simplu turnati cantitatea necesara in [&#8230;]\n","protected":false},"featured_media":61084,"comment_status":"open","ping_status":"closed","template":"","meta":{"_acf_changed":false,"_seopress_robots_primary_cat":"1767","_seopress_titles_title":"","_seopress_titles_desc":"","_seopress_robots_index":""},"product_brand":[11760],"product_cat":[1984,1520,5677,1767],"giftcard-category":[],"class_list":{"0":"post-61083","1":"product","2":"type-product","3":"status-publish","4":"has-post-thumbnail","6":"product_brand-aptamil","7":"product_cat-hrana-bebelusi","8":"product_cat-mama-copilul","9":"product_cat-mancare-si-accesorii-bebe","10":"product_cat-produse-olanda","12":"first","13":"outofstock","14":"taxable","15":"shipping-taxable","16":"purchasable","17":"product-type-simple"},"acf":[],"_links":{"self":[{"href":"https:\/\/totalblue.ro\/de\/wp-json\/wp\/v2\/product\/61083","targetHints":{"allow":["GET"]}}],"collection":[{"href":"https:\/\/totalblue.ro\/de\/wp-json\/wp\/v2\/product"}],"about":[{"href":"https:\/\/totalblue.ro\/de\/wp-json\/wp\/v2\/types\/product"}],"replies":[{"embeddable":true,"href":"https:\/\/totalblue.ro\/de\/wp-json\/wp\/v2\/comments?post=61083"}],"wp:featuredmedia":[{"embeddable":true,"href":"https:\/\/totalblue.ro\/de\/wp-json\/wp\/v2\/media\/61084"}],"wp:attachment":[{"href":"https:\/\/totalblue.ro\/de\/wp-json\/wp\/v2\/media?parent=61083"}],"wp:term":[{"taxonomy":"product_brand","embeddable":true,"href":"https:\/\/totalblue.ro\/de\/wp-json\/wp\/v2\/product_brand?post=61083"},{"taxonomy":"product_cat","embeddable":true,"href":"https:\/\/totalblue.ro\/de\/wp-json\/wp\/v2\/product_cat?post=61083"},{"taxonomy":"giftcard-category","embeddable":true,"href":"https:\/\/totalblue.ro\/de\/wp-json\/wp\/v2\/giftcard-category?post=61083"}],"curies":[{"name":"wp","href":"https:\/\/api.w.org\/{rel}","templated":true}]}}