{"id":61147,"date":"2022-09-07T12:38:51","date_gmt":"2022-09-07T09:38:51","guid":{"rendered":"https:\/\/totalblue.ro\/?post_type=product&#038;p=61147"},"modified":"2025-08-01T10:28:27","modified_gmt":"2025-08-01T07:28:27","slug":"bio-brei-alete-bio-hellgrau-schlafen-mit-vanille-6-monate-190-g","status":"publish","type":"product","link":"https:\/\/totalblue.ro\/de\/produs\/terci-bio-alete-somn-usor-gris-cu-vanilie-6-luni-190-g\/","title":{"rendered":"Bio-Brei Alete Sleep Easy, Grau mit Vanille, 6+ Monate, 190 g"},"content":{"rendered":"<p>Ale mit Grau und Vanille f\u00fcr Babys ist ein k\u00f6stlicher fertiger Brei.<br \/>\nDieser Abendbrei ist besonders lecker und schmackhaft. Ideal vor dem Schlafengehen!<br \/>\nInhalt und Gewicht: 190 Gramm.<br \/>\n<strong>Inhaltsstoff:<\/strong><span class=\"Y2IQFc\" lang=\"ro\">GETREIDEKARTOFFEL* 60%, Wasser, HARTES GETREIDE* 4%, St\u00e4rke*, Raps\u00f6l*, Sonnenblumen\u00f6l*, nat\u00fcrliches Vanillearoma, Antioxidationsmittel Ascorbins\u00e4ure, Thiamin (Vitamin B1). * aus \u00f6kologischem Landbau<br \/>\n<\/span><span class=\"Y2IQFc\" lang=\"ro\">Allergene: Enth\u00e4lt Milch und Milchderivate, Gluten und glutenhaltige Getreidearten.<br \/>\n<\/span>Verpackt in einem Glasgef\u00e4\u00df mit Klickdeckel.<br \/>\n<strong>Dr\u00fccken Sie vor dem \u00d6ffnen auf den Deckel. Wenn es nicht einrastet, verwenden Sie den Inhalt nicht!<\/strong><br \/>\n<strong>Vorbereitung<\/strong>Erhitzen in der Mikrowelle f\u00fcr etwa 30 Sekunden bei 600 W.<br \/>\nDen restlichen Inhalt verschlossen im K\u00fchlschrank aufbewahren und innerhalb von 24 Stunden aufbrauchen.<br \/>\nReste nicht wiederverwenden.<br \/>\n<strong>N\u00e4hrwertangaben\/100g:<br \/>\n<\/strong>Energie 253 kJ (60 kcal)<br \/>\nFett 1,5 g, davon ges\u00e4ttigtes Fett 0,2 g<br \/>\nKohlenhydrate 9 g, davon Zucker 3,2 g<br \/>\nBallaststoffe 0,3 g<br \/>\nEiwei\u00df 2,5 g<br \/>\nSalz 0,08 g<\/p>","protected":false},"excerpt":{"rendered":"<p>Alete cu gris si vanilie pentru bebelusi este un terci delicios gata preparat. Acest terci de seara este deosebit de gustos si satios. Ideal inainte de culcare! Con\u021binut si greutate: 190 grame. Ingrediente:LAPTE DEGRESAT* 60%, apa, GRAU DUR* 4%, amidon*, ulei de rapita*, ulei de floarea soarelui*, aroma naturala de vanilie, acid ascorbic antioxidant, tiamina [&#8230;]\n","protected":false},"featured_media":61149,"comment_status":"open","ping_status":"closed","template":"","meta":{"_acf_changed":false,"_seopress_robots_primary_cat":"1767","_seopress_titles_title":"","_seopress_titles_desc":"","_seopress_robots_index":""},"product_brand":[11779],"product_cat":[1984,1520,20200,5677,1950,1767],"giftcard-category":[],"class_list":{"0":"post-61147","1":"product","2":"type-product","3":"status-publish","4":"has-post-thumbnail","6":"product_brand-alete","7":"product_cat-hrana-bebelusi","8":"product_cat-mama-copilul","9":"product_cat-mancare-bebe","10":"product_cat-mancare-si-accesorii-bebe","11":"product_cat-produse-germania","12":"product_cat-produse-olanda","14":"first","15":"outofstock","16":"taxable","17":"shipping-taxable","18":"purchasable","19":"product-type-simple"},"acf":[],"_links":{"self":[{"href":"https:\/\/totalblue.ro\/de\/wp-json\/wp\/v2\/product\/61147","targetHints":{"allow":["GET"]}}],"collection":[{"href":"https:\/\/totalblue.ro\/de\/wp-json\/wp\/v2\/product"}],"about":[{"href":"https:\/\/totalblue.ro\/de\/wp-json\/wp\/v2\/types\/product"}],"replies":[{"embeddable":true,"href":"https:\/\/totalblue.ro\/de\/wp-json\/wp\/v2\/comments?post=61147"}],"wp:featuredmedia":[{"embeddable":true,"href":"https:\/\/totalblue.ro\/de\/wp-json\/wp\/v2\/media\/61149"}],"wp:attachment":[{"href":"https:\/\/totalblue.ro\/de\/wp-json\/wp\/v2\/media?parent=61147"}],"wp:term":[{"taxonomy":"product_brand","embeddable":true,"href":"https:\/\/totalblue.ro\/de\/wp-json\/wp\/v2\/product_brand?post=61147"},{"taxonomy":"product_cat","embeddable":true,"href":"https:\/\/totalblue.ro\/de\/wp-json\/wp\/v2\/product_cat?post=61147"},{"taxonomy":"giftcard-category","embeddable":true,"href":"https:\/\/totalblue.ro\/de\/wp-json\/wp\/v2\/giftcard-category?post=61147"}],"curies":[{"name":"wp","href":"https:\/\/api.w.org\/{rel}","templated":true}]}}