{"id":61233,"date":"2022-09-07T13:07:28","date_gmt":"2022-09-07T10:07:28","guid":{"rendered":"https:\/\/totalblue.ro\/?post_type=product&#038;p=61233"},"modified":"2025-08-01T10:28:18","modified_gmt":"2025-08-01T07:28:18","slug":"mancare-bio-bebivita-somon-salbatic-risotto-si-legume-8-luni-220g","status":"publish","type":"product","link":"https:\/\/totalblue.ro\/de\/produs\/mancare-bio-bebivita-somon-salbatic-risotto-si-legume-8-luni-220g\/","title":{"rendered":"Bebivita Bio-Futter Wildlachs, Risotto und Gem\u00fcse 8+ Monate, 220g"},"content":{"rendered":"<div id=\"tab-description\" class=\"woocommerce-Tabs-panel woocommerce-Tabs-panel--description panel entry-content active\" role=\"tabpanel\" aria-labelledby=\"tab-title-description\">\n<div id=\"tab-description\" class=\"woocommerce-Tabs-panel woocommerce-Tabs-panel--description panel entry-content active\" role=\"tabpanel\" aria-labelledby=\"tab-title-description\">\n<p>Bogat in acid alfa-linolenic, un acid gras omega-3<br \/>\nPrima gama de risotto \u2013 orez fin combinat cu legume si somon salbatic<br \/>\nPentru si mai multa varietate in meniul bebelusului \u2013 adaptat optim nevoilor bebelusilor<br \/>\nRisotto Bebivita cu legume si somon salbatic aduce varietate in meniul bebelusului tau de la varsta de 8 luni.<br \/>\nOrez fin, delicios combinat cu branza si spanac si bogat in acid alfa-linolenic, un acid gras omega-3.<\/p>\n<p>Mancare BIO Bebivita Somon salbatic, Risotto si Legume pentru bebelusi cu varsta peste 8 luni.<br \/>\nBabynahrung hat einen Geschmack und eine Textur, die zur Geschmacksentwicklung beitragen.<br \/>\nEin leckerer Babysnack mit reinen und nat\u00fcrlichen Zutaten.<br \/>\nCon\u021binut si greutate: 220 grame.<br \/>\nIngrediente: Apa, morcovi*, orez* fiert 13%, SOMON SALBATIC 8,0%, praz*, smantana*, ceapa*, faina de orez*, amidon de orez*, ulei de rapita* 0,8%, condimente* (patrunjel*, ghimbir*, piper*), suc de lamaie* din concentrat de suc de lamaie, sare de masa iodata (sare de masa, iodat de potasiu). *Din agricultura ecologica.<br \/>\nAlergeni:Contine peste si derivate din peste.<br \/>\nContine lapte si derivate din lapte.<br \/>\nPoate contine urme de oua si derivati \u200b\u200bdin oua<br \/>\nVerpackt in einem Glasgef\u00e4\u00df mit Klickdeckel.<br \/>\nDr\u00fccken Sie vor dem \u00d6ffnen auf den Deckel. Wenn es nicht einrastet, verwenden Sie den Inhalt nicht!<br \/>\nMod de preparare: Amestecati continutul si puneti cantitatea dorita pe o farfurie. Folositi o lingura de plastic pentru aceasta operatie.<br \/>\nDen restlichen Inhalt verschlossen im K\u00fchlschrank aufbewahren und innerhalb von 24 Stunden aufbrauchen.<br \/>\nIn der Mikrowelle etwa 30 Sekunden lang bei 600 W erhitzen.<br \/>\nNach dem Erhitzen nochmals gut umr\u00fchren und die Temperatur \u00fcberpr\u00fcfen.<br \/>\nReste nicht wiederverwenden.<br \/>\nN\u00e4hrwertangaben\/100g:<br \/>\nEnergie 274 kJ (65 kcal)<br \/>\nGrasimi 2.3 g din care grasimi saturate 0.8 g<br \/>\nGlucide 8.2 g din care zaharuri 1.8 g<br \/>\nEiwei\u00df 2,4 g<br \/>\nSare 0.28 g<\/p>\n<\/div>\n<\/div>","protected":false},"excerpt":{"rendered":"<p>Bogat in acid alfa-linolenic, un acid gras omega-3 Prima gama de risotto \u2013 orez fin combinat cu legume si somon salbatic Pentru si mai multa varietate in meniul bebelusului \u2013 adaptat optim nevoilor bebelusilor Risotto Bebivita cu legume si somon salbatic aduce varietate in meniul bebelusului tau de la varsta de 8 luni. Orez fin, [&#8230;]\n","protected":false},"featured_media":61235,"comment_status":"open","ping_status":"closed","template":"","meta":{"_acf_changed":false,"_seopress_robots_primary_cat":"1767","_seopress_titles_title":"","_seopress_titles_desc":"","_seopress_robots_index":""},"product_brand":[11829],"product_cat":[1984,1520,20200,5677,1950,1767],"giftcard-category":[],"class_list":{"0":"post-61233","1":"product","2":"type-product","3":"status-publish","4":"has-post-thumbnail","6":"product_brand-bebivita","7":"product_cat-hrana-bebelusi","8":"product_cat-mama-copilul","9":"product_cat-mancare-bebe","10":"product_cat-mancare-si-accesorii-bebe","11":"product_cat-produse-germania","12":"product_cat-produse-olanda","14":"first","15":"outofstock","16":"taxable","17":"shipping-taxable","18":"purchasable","19":"product-type-simple"},"acf":[],"_links":{"self":[{"href":"https:\/\/totalblue.ro\/de\/wp-json\/wp\/v2\/product\/61233","targetHints":{"allow":["GET"]}}],"collection":[{"href":"https:\/\/totalblue.ro\/de\/wp-json\/wp\/v2\/product"}],"about":[{"href":"https:\/\/totalblue.ro\/de\/wp-json\/wp\/v2\/types\/product"}],"replies":[{"embeddable":true,"href":"https:\/\/totalblue.ro\/de\/wp-json\/wp\/v2\/comments?post=61233"}],"wp:featuredmedia":[{"embeddable":true,"href":"https:\/\/totalblue.ro\/de\/wp-json\/wp\/v2\/media\/61235"}],"wp:attachment":[{"href":"https:\/\/totalblue.ro\/de\/wp-json\/wp\/v2\/media?parent=61233"}],"wp:term":[{"taxonomy":"product_brand","embeddable":true,"href":"https:\/\/totalblue.ro\/de\/wp-json\/wp\/v2\/product_brand?post=61233"},{"taxonomy":"product_cat","embeddable":true,"href":"https:\/\/totalblue.ro\/de\/wp-json\/wp\/v2\/product_cat?post=61233"},{"taxonomy":"giftcard-category","embeddable":true,"href":"https:\/\/totalblue.ro\/de\/wp-json\/wp\/v2\/giftcard-category?post=61233"}],"curies":[{"name":"wp","href":"https:\/\/api.w.org\/{rel}","templated":true}]}}