{"id":61237,"date":"2022-09-07T13:10:30","date_gmt":"2022-09-07T10:10:30","guid":{"rendered":"https:\/\/totalblue.ro\/?post_type=product&#038;p=61237"},"modified":"2025-08-01T10:28:16","modified_gmt":"2025-08-01T07:28:16","slug":"piure-bio-bebivita-macaroane-sos-rosii-si-legume-5-luni-190g","status":"publish","type":"product","link":"https:\/\/totalblue.ro\/de\/produs\/piure-bio-bebivita-macaroane-sos-rosii-si-legume-5-luni-190g\/","title":{"rendered":"Bebivita Bio-Tomatenp\u00fcree, Tomatenso\u00dfe und Gem\u00fcse 5+ Monate, 190g"},"content":{"rendered":"<div id=\"tab-description\" class=\"woocommerce-Tabs-panel woocommerce-Tabs-panel--description panel entry-content active\" role=\"tabpanel\" aria-labelledby=\"tab-title-description\">\n<div id=\"tab-description\" class=\"woocommerce-Tabs-panel woocommerce-Tabs-panel--description panel entry-content active\" role=\"tabpanel\" aria-labelledby=\"tab-title-description\">\n<p>Bogat in Omega 3 (ALA)<br \/>\nIdeal pentru prima hrana complementara a bebelusului<br \/>\nVersatil si variat \u2013 pentru noi experiente gustative<br \/>\nPentru si mai multa varietate in meniul bebelusului \u2013 adaptat optim nevoilor bebelusilor<\/p>\n<p>Meniul bebelus Bebivita Macaroane cu sos de rosii si legume este atent pregatit cu cele mai bune ingrediente si fara adaos de sare, pentru ca bebelusul tau sa cunoasca gustul natural al ingredientelor. Contine si acid alfa-linolenic, un acid gras omega 3. Meniurile sunt potrivite copiilor incepand cu varsta de 5 luni si piureate fin pentru trecerea la mancarea consistenta.<\/p>\n<p><strong>\u2713 Bio<\/strong><strong><br \/>\n\u2713 Ideal pentru inceputul alimentar complementar<br \/>\n\u2713 Fara sare adaugata<\/strong><\/p>\n<p>Piure BIO Bebivita Macaroane, Sos Rosii si Legume pentru bebelusi cu varsta peste 5 luni.<br \/>\nSfat: 4 \u2013 5 linguri sunt suficiente atunci cand bebelusul abia incepe sa manance solide. Cresteti cantitatea treptat.<br \/>\nBabynahrung hat einen Geschmack und eine Textur, die zur Geschmacksentwicklung beitragen.<br \/>\nEin leckerer Babysnack mit reinen und nat\u00fcrlichen Zutaten.<br \/>\nInhalt und Gewicht: 190 Gramm.<br \/>\nIngrediente: Apa, paste* fierte macinate (GRIU DUR) 19%, morcovi* 16%, LAPTE DEGRESAT*, rosii* 11%, dovlecei* 8%, dovleac* 5%, ceapa*, FAINA DE GRAU*, ulei de rapita* 1,7 %, BRANZA tare ras*, leustean*. *Din agricultura ecologica.<br \/>\nAlergeni:Contine cereale care contin gluten si produse din cereale care contin gluten.<br \/>\nContine lapte si derivate din lapte.<br \/>\nContine grau si derivate din grau.<br \/>\nPoate contine urme de oua si derivati \u200b\u200bdin oua<br \/>\nVerpackt in einem Glasgef\u00e4\u00df mit Klickdeckel.<br \/>\nDr\u00fccken Sie vor dem \u00d6ffnen auf den Deckel. Wenn es nicht einrastet, verwenden Sie den Inhalt nicht!<br \/>\nMod de preparare: Amestecati continutul si puneti cantitatea dorita pe o farfurie. Folositi o lingura de plastic pentru aceasta operatie.<br \/>\nDen restlichen Inhalt verschlossen im K\u00fchlschrank aufbewahren und innerhalb von 24 Stunden aufbrauchen.<br \/>\nSe incalzeste in cuptorul cu microunde timp de aproximativ 20 secunde la 600W.<br \/>\nNach dem Erhitzen nochmals gut umr\u00fchren und die Temperatur \u00fcberpr\u00fcfen.<br \/>\nReste nicht wiederverwenden.<br \/>\nN\u00e4hrwertangaben\/100g:<br \/>\nEnergie 167 kJ (40 kcal)<br \/>\nGrasimi 1 g din care grasimi saturate 0.1 g<br \/>\nGlucide 5.8 g din care zaharuri 3 g<br \/>\nEiwei\u00df 0,8 g<br \/>\nSare 0,03 g<\/p>\n<\/div>\n<\/div>","protected":false},"excerpt":{"rendered":"<p>Bogat in Omega 3 (ALA) Ideal pentru prima hrana complementara a bebelusului Versatil si variat \u2013 pentru noi experiente gustative Pentru si mai multa varietate in meniul bebelusului \u2013 adaptat optim nevoilor bebelusilor Meniul bebelus Bebivita Macaroane cu sos de rosii si legume este atent pregatit cu cele mai bune ingrediente si fara adaos de [&#8230;]\n","protected":false},"featured_media":61239,"comment_status":"open","ping_status":"closed","template":"","meta":{"_acf_changed":false,"_seopress_robots_primary_cat":"1767","_seopress_titles_title":"","_seopress_titles_desc":"","_seopress_robots_index":""},"product_brand":[11829],"product_cat":[1984,1520,20200,5677,1950,1767],"giftcard-category":[],"class_list":{"0":"post-61237","1":"product","2":"type-product","3":"status-publish","4":"has-post-thumbnail","6":"product_brand-bebivita","7":"product_cat-hrana-bebelusi","8":"product_cat-mama-copilul","9":"product_cat-mancare-bebe","10":"product_cat-mancare-si-accesorii-bebe","11":"product_cat-produse-germania","12":"product_cat-produse-olanda","14":"first","15":"outofstock","16":"taxable","17":"shipping-taxable","18":"purchasable","19":"product-type-simple"},"acf":[],"_links":{"self":[{"href":"https:\/\/totalblue.ro\/de\/wp-json\/wp\/v2\/product\/61237","targetHints":{"allow":["GET"]}}],"collection":[{"href":"https:\/\/totalblue.ro\/de\/wp-json\/wp\/v2\/product"}],"about":[{"href":"https:\/\/totalblue.ro\/de\/wp-json\/wp\/v2\/types\/product"}],"replies":[{"embeddable":true,"href":"https:\/\/totalblue.ro\/de\/wp-json\/wp\/v2\/comments?post=61237"}],"wp:featuredmedia":[{"embeddable":true,"href":"https:\/\/totalblue.ro\/de\/wp-json\/wp\/v2\/media\/61239"}],"wp:attachment":[{"href":"https:\/\/totalblue.ro\/de\/wp-json\/wp\/v2\/media?parent=61237"}],"wp:term":[{"taxonomy":"product_brand","embeddable":true,"href":"https:\/\/totalblue.ro\/de\/wp-json\/wp\/v2\/product_brand?post=61237"},{"taxonomy":"product_cat","embeddable":true,"href":"https:\/\/totalblue.ro\/de\/wp-json\/wp\/v2\/product_cat?post=61237"},{"taxonomy":"giftcard-category","embeddable":true,"href":"https:\/\/totalblue.ro\/de\/wp-json\/wp\/v2\/giftcard-category?post=61237"}],"curies":[{"name":"wp","href":"https:\/\/api.w.org\/{rel}","templated":true}]}}