{"id":61254,"date":"2022-09-07T13:13:06","date_gmt":"2022-09-07T10:13:06","guid":{"rendered":"https:\/\/totalblue.ro\/?post_type=product&#038;p=61254"},"modified":"2025-08-01T10:28:14","modified_gmt":"2025-08-01T07:28:14","slug":"piure-bio-bebivita-morcovi-si-cartofi-5-luni-190g","status":"publish","type":"product","link":"https:\/\/totalblue.ro\/de\/produs\/piure-bio-bebivita-morcovi-si-cartofi-5-luni-190g\/","title":{"rendered":"Bebivita Bio-M\u00f6hren-Kartoffelp\u00fcree 5+ Monate, 190g"},"content":{"rendered":"<div id=\"tab-description\" class=\"woocommerce-Tabs-panel woocommerce-Tabs-panel--description panel entry-content active\" role=\"tabpanel\" aria-labelledby=\"tab-title-description\">\n<div id=\"tab-description\" class=\"woocommerce-Tabs-panel woocommerce-Tabs-panel--description panel entry-content active\" role=\"tabpanel\" aria-labelledby=\"tab-title-description\">\n<p>Da impuls alimentatiei zilnice a bebelusului tau!<br \/>\nPiureul pentru bebelusi cu morcovi timpurii si cartofi de la Bebivita este ideal ca aliment complementar din luna a cincea.<br \/>\nFara sare adaugata, mancarea pentru copii are un gust deosebit de bland, facand extrem de usoara trecerea de la lapte la legume.<br \/>\n<strong>\u2713 Bio<\/strong><br \/>\n<strong>\u2713 Piure fin<br \/>\n\u2713 Vegetarian<br \/>\n\u2713 Ideal pentru inceputul alimentar complementar<br \/>\n\u2713 Fara sare adaugata<\/strong><\/p>\n<p>Piure BIO Bebivita Morcovi si Cartofii pentru bebelusi cu varsta peste 5 luni.<br \/>\nSfat: 4 \u2013 5 linguri sunt suficiente atunci cand bebelusul abia incepe sa manance solide. Cresteti cantitatea treptat.<br \/>\nBabynahrung hat einen Geschmack und eine Textur, die zur Geschmacksentwicklung beitragen.<br \/>\nEin leckerer Babysnack mit reinen und nat\u00fcrlichen Zutaten.<br \/>\nInhalt und Gewicht: 190 Gramm.<br \/>\nIngrediente: Morcovi* 60%, cartofi* 20%, apa, ulei de rapita* 0,9%. *Din agricultura ecologica.<br \/>\nVerpackt in einem Glasgef\u00e4\u00df mit Klickdeckel.<br \/>\nDr\u00fccken Sie vor dem \u00d6ffnen auf den Deckel. Wenn es nicht einrastet, verwenden Sie den Inhalt nicht!<br \/>\nMod de preparare: Amestecati continutul si puneti cantitatea dorita pe o farfurie. Folositi o lingura de plastic pentru aceasta operatie.<br \/>\nDen restlichen Inhalt verschlossen im K\u00fchlschrank aufbewahren und innerhalb von 24 Stunden aufbrauchen.<br \/>\nSe incalzeste in cuptorul cu microunde timp de aproximativ 20 secunde la 600W.<br \/>\nNach dem Erhitzen nochmals gut umr\u00fchren und die Temperatur \u00fcberpr\u00fcfen.<br \/>\nReste nicht wiederverwenden.<br \/>\nN\u00e4hrwertangaben\/100g:<br \/>\nEnergie 167 kJ (40 kcal)<br \/>\nGrasimi 1 g din care grasimi saturate 0.1 g<br \/>\nGlucide 5.8 g din care zaharuri 3 g<br \/>\nEiwei\u00df 0,8 g<br \/>\nSare 0,03 g<\/p>\n<\/div>\n<\/div>","protected":false},"excerpt":{"rendered":"<p>Da impuls alimentatiei zilnice a bebelusului tau! Piureul pentru bebelusi cu morcovi timpurii si cartofi de la Bebivita este ideal ca aliment complementar din luna a cincea. Fara sare adaugata, mancarea pentru copii are un gust deosebit de bland, facand extrem de usoara trecerea de la lapte la legume. \u2713 Bio \u2713 Piure fin \u2713 [&#8230;]\n","protected":false},"featured_media":61257,"comment_status":"open","ping_status":"closed","template":"","meta":{"_acf_changed":false,"_seopress_robots_primary_cat":"1767","_seopress_titles_title":"","_seopress_titles_desc":"","_seopress_robots_index":""},"product_brand":[11829],"product_cat":[1984,1520,20200,5677,1950,1767],"giftcard-category":[],"class_list":{"0":"post-61254","1":"product","2":"type-product","3":"status-publish","4":"has-post-thumbnail","6":"product_brand-bebivita","7":"product_cat-hrana-bebelusi","8":"product_cat-mama-copilul","9":"product_cat-mancare-bebe","10":"product_cat-mancare-si-accesorii-bebe","11":"product_cat-produse-germania","12":"product_cat-produse-olanda","14":"first","15":"outofstock","16":"taxable","17":"shipping-taxable","18":"purchasable","19":"product-type-simple"},"acf":[],"_links":{"self":[{"href":"https:\/\/totalblue.ro\/de\/wp-json\/wp\/v2\/product\/61254","targetHints":{"allow":["GET"]}}],"collection":[{"href":"https:\/\/totalblue.ro\/de\/wp-json\/wp\/v2\/product"}],"about":[{"href":"https:\/\/totalblue.ro\/de\/wp-json\/wp\/v2\/types\/product"}],"replies":[{"embeddable":true,"href":"https:\/\/totalblue.ro\/de\/wp-json\/wp\/v2\/comments?post=61254"}],"wp:featuredmedia":[{"embeddable":true,"href":"https:\/\/totalblue.ro\/de\/wp-json\/wp\/v2\/media\/61257"}],"wp:attachment":[{"href":"https:\/\/totalblue.ro\/de\/wp-json\/wp\/v2\/media?parent=61254"}],"wp:term":[{"taxonomy":"product_brand","embeddable":true,"href":"https:\/\/totalblue.ro\/de\/wp-json\/wp\/v2\/product_brand?post=61254"},{"taxonomy":"product_cat","embeddable":true,"href":"https:\/\/totalblue.ro\/de\/wp-json\/wp\/v2\/product_cat?post=61254"},{"taxonomy":"giftcard-category","embeddable":true,"href":"https:\/\/totalblue.ro\/de\/wp-json\/wp\/v2\/giftcard-category?post=61254"}],"curies":[{"name":"wp","href":"https:\/\/api.w.org\/{rel}","templated":true}]}}