{"id":61309,"date":"2022-09-07T13:35:34","date_gmt":"2022-09-07T10:35:34","guid":{"rendered":"https:\/\/totalblue.ro\/?post_type=product&#038;p=61309"},"modified":"2025-08-01T10:28:10","modified_gmt":"2025-08-01T07:28:10","slug":"lapte-praf-nestle-beba-1-800-g","status":"publish","type":"product","link":"https:\/\/totalblue.ro\/de\/produs\/lapte-praf-nestle-beba-1-800-g\/","title":{"rendered":"Lapte praf Nestle BEBA 1 800 g, import Germania"},"content":{"rendered":"<p>Nestl\u00e9 BEBA 1 formula pentru bebelusi (de la 0 luni).\u00a0 Laptele de pornire\u00a0 BEBA 1 este conceput pentru a satisface nevoile nutritionale specifice ale bebelusului dvs. inca de la nastere si sprijina dezvoltarea lui sanatoasa.<br \/>\n\u2022 Dezvoltat cu experti de top in nutritie<br \/>\n\u2022 Usor compatibil<br \/>\n\u2022 Cu acizi grasi polinesaturati cu lant lung Omega 3 (LCP), pe care bebelusii nu ii pot produce suficient la aceasta varsta<br \/>\nContinut: 800 g, Import Germania.<br \/>\nA se pastra in ambalajul original inchis la temperatura camerei (max 25 \u00b0C) si in conditii uscate de depozitare. Dupa deschidere consumati in maxim 21 de zile.<br \/>\n<strong>Inhaltsstoff: <\/strong>Lapte degresat, lactoza (din lapte), ulei vegetal 13,1% (floarea-soarelui, rapita), produs din zer, 2\u2019-fucosilactoza (contine lactoza), citrat de calciu, ulei de PESTE, citrat de potasiu, emulgator (lecitina (soia)), Mortierella alpina ulei, clorura de magneziu, bitartrat de colina, clorura de potasiu, L-fenilalanina, clorura de sodiu, amestec de vitamine (vitamina C, vitamina E, niacina, acid pantotenic, tiamina, riboflavina, vitamina A, vitamina B6, acid folic, vitamina K, vitamina D , biotina, vitamina B12), ortofosfat de sodiu, citrat de sodiu, bacterii lactice (L. reuteri), taurina, inozitol, L-histidina, nucleotide (citidin-5\u2032-monofosfat, uridin-5\u2032-monofosfat, adenozina-5\u2032 -monofosfat, guanozin-5\u2032-monofosfat), sulfat feros, sulfat de zinc, L-carnitina, sulfat de cupru, sulfat de mangan, iodura de potasiu, selenat de sodiu.<br \/>\nAlergeni: lapte, soia, peste<br \/>\n<strong>Verwendung:<\/strong><br \/>\n1. Fierbeti apa si lasati sa se raceasca la 40<span class=\"\">\u00b0C<\/span>.<br \/>\n2. <span class=\"goog-text-highlight\">Turnati 2\/3 din cantitatea necesara de apa in biberon.<br \/>\n3. Masurati si adaugati cantitatea necesara de lapte praf in functie de varsta bebelusului folosind lingurita de masurare inclusa in cutie.<br \/>\n4. Inchideti biberonul si agitati.<br \/>\n5. Adaugati cantitatea ramasa de apa si agitati bine.<br \/>\n6. Verificati continutul biberonului pentru temperatura de baut (aprox. 37\u00b0C). <\/span><\/p>\n<p><a href=\"https:\/\/racekids.ro\/wp-content\/uploads\/2022\/04\/little-steps-2-mod-de-pregatire.jpg\"><img loading=\"lazy\" decoding=\"async\" class=\"alignnone size-full wp-image-63216\" src=\"https:\/\/racekids.ro\/wp-content\/uploads\/2022\/04\/little-steps-2-mod-de-pregatire.jpg\" alt=\"\" width=\"725\" height=\"543\" \/><\/a><\/p>\n<article class=\"contentContainerTyp12\" data-qa-id=\"ProductPreparationContentFeeding\">\n<table class=\"contentTable\" border=\"2\" data-qa-id=\"ProductFeeding\">\n<tbody>\n<tr align=\"center\" data-qa-id=\"ProductFeedingRow\">\n<th data-qa-id=\"ProductFeedingColumn\">Varsta bebe<\/th>\n<th data-qa-id=\"ProductFeedingColumn\">Biberon\/zi<\/th>\n<th data-qa-id=\"ProductFeedingColumn\">Continut biberon<br \/>\n(ml)<\/th>\n<th data-qa-id=\"ProductFeedingColumn\">Apa necesara<br \/>\nper biberon (ml)<\/th>\n<th data-qa-id=\"ProductFeedingColumn\">Lingura de masurare<br \/>\nBEBA 1<\/th>\n<\/tr>\n<tr align=\"center\" data-qa-id=\"ProductFeedingRow\">\n<td data-qa-id=\"ProductFeedingTitle\">1 saptamana<\/td>\n<td data-qa-id=\"ProductFeedingTitle\">5-7<\/td>\n<td data-qa-id=\"ProductFeedingTitle\">70<\/td>\n<td data-qa-id=\"ProductFeedingTitle\">60<\/td>\n<td data-qa-id=\"ProductFeedingTitle\">2<\/td>\n<\/tr>\n<tr align=\"center\" data-qa-id=\"ProductFeedingRow\">\n<td data-qa-id=\"ProductFeedingTitle\">2 saptamani<\/td>\n<td data-qa-id=\"ProductFeedingTitle\">5<\/td>\n<td data-qa-id=\"ProductFeedingTitle\">100<\/td>\n<td data-qa-id=\"ProductFeedingTitle\">90<\/td>\n<td data-qa-id=\"ProductFeedingTitle\">3<\/td>\n<\/tr>\n<tr align=\"center\" data-qa-id=\"ProductFeedingRow\">\n<td data-qa-id=\"ProductFeedingTitle\">3-4 saptamani<\/td>\n<td data-qa-id=\"ProductFeedingTitle\">5<\/td>\n<td data-qa-id=\"ProductFeedingTitle\">135<\/td>\n<td data-qa-id=\"ProductFeedingTitle\">120<\/td>\n<td data-qa-id=\"ProductFeedingTitle\">4<\/td>\n<\/tr>\n<tr align=\"center\" data-qa-id=\"ProductFeedingRow\">\n<td data-qa-id=\"ProductFeedingTitle\">2 luni<\/td>\n<td data-qa-id=\"ProductFeedingTitle\">5<\/td>\n<td data-qa-id=\"ProductFeedingTitle\">165<\/td>\n<td data-qa-id=\"ProductFeedingTitle\">150<\/td>\n<td data-qa-id=\"ProductFeedingTitle\">5<\/td>\n<\/tr>\n<tr align=\"center\" data-qa-id=\"ProductFeedingRow\">\n<td data-qa-id=\"ProductFeedingTitle\">3-4 luni<\/td>\n<td data-qa-id=\"ProductFeedingTitle\">5<\/td>\n<td data-qa-id=\"ProductFeedingTitle\">200<\/td>\n<td data-qa-id=\"ProductFeedingTitle\">180<\/td>\n<td data-qa-id=\"ProductFeedingTitle\">6<\/td>\n<\/tr>\n<tr align=\"center\" data-qa-id=\"ProductFeedingRow\">\n<td data-qa-id=\"ProductFeedingTitle\">luna a 5-a<\/td>\n<td data-qa-id=\"ProductFeedingTitle\">4<\/td>\n<td data-qa-id=\"ProductFeedingTitle\">235<\/td>\n<td data-qa-id=\"ProductFeedingTitle\">210<\/td>\n<td data-qa-id=\"ProductFeedingTitle\">7<\/td>\n<\/tr>\n<tr align=\"center\" data-qa-id=\"ProductFeedingRow\">\n<td data-qa-id=\"ProductFeedingTitle\">luna a 6-a<\/td>\n<td data-qa-id=\"ProductFeedingTitle\">3<\/td>\n<td data-qa-id=\"ProductFeedingTitle\">235<\/td>\n<td data-qa-id=\"ProductFeedingTitle\">210<\/td>\n<td data-qa-id=\"ProductFeedingTitle\">7<\/td>\n<\/tr>\n<tr align=\"center\" data-qa-id=\"ProductFeedingRow\">\n<td data-qa-id=\"ProductFeedingTitle\">dupa 6 luni<\/td>\n<td data-qa-id=\"ProductFeedingTitle\">1-2<\/td>\n<td data-qa-id=\"ProductFeedingTitle\">235<\/td>\n<td data-qa-id=\"ProductFeedingTitle\">210<\/td>\n<td data-qa-id=\"ProductFeedingTitle\">7<\/td>\n<\/tr>\n<\/tbody>\n<\/table>\n<\/article>\n<article class=\"tab-content__item\">\n<section class=\"tab-content__item\" data-qa-id=\"ProductPreparationSpoonweight\">1 lingur\u0103 de m\u0103surare nivel\u0103 = aproximativ 4,3 g BEBA 1<\/section>\n<section data-qa-id=\"ProductPreparationSpoonweight\"><\/section>\n<\/article>\n<article class=\"tab-content__item\">\n<section data-qa-id=\"ProductPreparationSpoonweight\"><\/section>\n<\/article>\n<section data-qa-id=\"ProductPreparationSpoonweight\"><\/section>\n<table class=\"contentTable sf-table__table\" border=\"2\" width=\"352\">\n<thead data-qa-id=\"ProductNutritionUnit\">\n<tr>\n<th class=\"headcol\">N\u00e4hrwert<\/th>\n<th>Produs gata de consum<br \/>\n(100 ml)<\/th>\n<\/tr>\n<\/thead>\n<tbody data-qa-id=\"ProductNutritionInfo\">\n<tr>\n<td class=\"headcol\" data-qa-id=\"ProductNutritionInfoTitle\">Energie<\/td>\n<td data-qa-id=\"ProductNutritionInfoCopy\">280 kJ \/ 67 kcal<\/td>\n<\/tr>\n<tr>\n<td class=\"headcol\" data-qa-id=\"ProductNutritionInfoTitle\">Gr\u0103sime<\/td>\n<td data-qa-id=\"ProductNutritionInfoCopy\">3,6 g<\/td>\n<\/tr>\n<tr>\n<td class=\"headcol\" data-qa-id=\"ProductNutritionInfoTitle\">-acizi grasi saturati<\/td>\n<td data-qa-id=\"ProductNutritionInfoCopy\">0,3 g<\/td>\n<\/tr>\n<tr>\n<td class=\"headcol\" data-qa-id=\"ProductNutritionInfoTitle\">-acizi grasi mononesaturati<\/td>\n<td data-qa-id=\"ProductNutritionInfoCopy\">2.3 g<\/td>\n<\/tr>\n<tr>\n<td class=\"headcol\" data-qa-id=\"ProductNutritionInfoTitle\">-acizi gra\u0219i polinesatura\u021bi<\/td>\n<td data-qa-id=\"ProductNutritionInfoCopy\">0,6 g<\/td>\n<\/tr>\n<tr>\n<td class=\"headcol\" data-qa-id=\"ProductNutritionInfoTitle\">Carbohidra\u021bi<\/td>\n<td data-qa-id=\"ProductNutritionInfoCopy\">7.4 g<\/td>\n<\/tr>\n<tr>\n<td class=\"headcol\" data-qa-id=\"ProductNutritionInfoTitle\">-Zah\u0103r<\/td>\n<td data-qa-id=\"ProductNutritionInfoCopy\">7.4 g<\/td>\n<\/tr>\n<tr>\n<td class=\"headcol\" data-qa-id=\"ProductNutritionInfoTitle\">-din care lactoza<\/td>\n<td data-qa-id=\"ProductNutritionInfoCopy\">7.4 g<\/td>\n<\/tr>\n<tr>\n<td class=\"headcol\" data-qa-id=\"ProductNutritionInfoTitle\">Faser<\/td>\n<td data-qa-id=\"ProductNutritionInfoCopy\">0.2 g<\/td>\n<\/tr>\n<tr>\n<td class=\"headcol\" data-qa-id=\"ProductNutritionInfoTitle\">Eiwei\u00df<\/td>\n<td data-qa-id=\"ProductNutritionInfoCopy\">1,2 g<\/td>\n<\/tr>\n<tr>\n<td class=\"headcol\" data-qa-id=\"ProductNutritionInfoTitle\">Vitamina A<\/td>\n<td data-qa-id=\"ProductNutritionInfoCopy\">60.7 ug<\/td>\n<\/tr>\n<tr>\n<td class=\"headcol\" data-qa-id=\"ProductNutritionInfoTitle\">Vitamin D<\/td>\n<td data-qa-id=\"ProductNutritionInfoCopy\">1,5 ug<\/td>\n<\/tr>\n<tr>\n<td class=\"headcol\" data-qa-id=\"ProductNutritionInfoTitle\">Vitamina E<\/td>\n<td data-qa-id=\"ProductNutritionInfoCopy\">1,8 mg<\/td>\n<\/tr>\n<tr>\n<td class=\"headcol\" data-qa-id=\"ProductNutritionInfoTitle\">Vitamina K<\/td>\n<td data-qa-id=\"ProductNutritionInfoCopy\">4.8 ug<\/td>\n<\/tr>\n<tr>\n<td class=\"headcol\" data-qa-id=\"ProductNutritionInfoTitle\">Vitamina C<\/td>\n<td data-qa-id=\"ProductNutritionInfoCopy\">12 mg<\/td>\n<\/tr>\n<tr>\n<td class=\"headcol\" data-qa-id=\"ProductNutritionInfoTitle\">tiamina<\/td>\n<td data-qa-id=\"ProductNutritionInfoCopy\">0.077 mg<\/td>\n<\/tr>\n<tr>\n<td class=\"headcol\" data-qa-id=\"ProductNutritionInfoTitle\">riboflavina<\/td>\n<td data-qa-id=\"ProductNutritionInfoCopy\">0.18 mg<\/td>\n<\/tr>\n<tr>\n<td class=\"headcol\" data-qa-id=\"ProductNutritionInfoTitle\">niacina<\/td>\n<td data-qa-id=\"ProductNutritionInfoCopy\">0.52 mg<\/td>\n<\/tr>\n<tr>\n<td class=\"headcol\" data-qa-id=\"ProductNutritionInfoTitle\">Vitamin B6<\/td>\n<td data-qa-id=\"ProductNutritionInfoCopy\">0.039 mg<\/td>\n<\/tr>\n<tr>\n<td class=\"headcol\" data-qa-id=\"ProductNutritionInfoTitle\">acid folic<\/td>\n<td data-qa-id=\"ProductNutritionInfoCopy\">19.4 ug<\/td>\n<\/tr>\n<tr>\n<td class=\"headcol\" data-qa-id=\"ProductNutritionInfoTitle\">Vitamin B12<\/td>\n<td data-qa-id=\"ProductNutritionInfoCopy\">0.22 ug<\/td>\n<\/tr>\n<tr>\n<td class=\"headcol\" data-qa-id=\"ProductNutritionInfoTitle\">biotina<\/td>\n<td data-qa-id=\"ProductNutritionInfoCopy\">1.6 ug<\/td>\n<\/tr>\n<tr>\n<td class=\"headcol\" data-qa-id=\"ProductNutritionInfoTitle\">acid pantotenic<\/td>\n<td data-qa-id=\"ProductNutritionInfoCopy\">0.54 mg<\/td>\n<\/tr>\n<tr>\n<td class=\"headcol\" data-qa-id=\"ProductNutritionInfoTitle\">sodiu<\/td>\n<td data-qa-id=\"ProductNutritionInfoCopy\">21.3 mg<\/td>\n<\/tr>\n<tr>\n<td class=\"headcol\" data-qa-id=\"ProductNutritionInfoTitle\">potasiu<\/td>\n<td data-qa-id=\"ProductNutritionInfoCopy\">85.2 mg<\/td>\n<\/tr>\n<tr>\n<td class=\"headcol\" data-qa-id=\"ProductNutritionInfoTitle\">clorur\u0103<\/td>\n<td data-qa-id=\"ProductNutritionInfoCopy\">50.3 mg<\/td>\n<\/tr>\n<tr>\n<td class=\"headcol\" data-qa-id=\"ProductNutritionInfoTitle\">calciu<\/td>\n<td data-qa-id=\"ProductNutritionInfoCopy\">42.6 mg<\/td>\n<\/tr>\n<tr>\n<td class=\"headcol\" data-qa-id=\"ProductNutritionInfoTitle\">fosfor<\/td>\n<td data-qa-id=\"ProductNutritionInfoCopy\">23.9 mg<\/td>\n<\/tr>\n<tr>\n<td class=\"headcol\" data-qa-id=\"ProductNutritionInfoTitle\">magneziu<\/td>\n<td data-qa-id=\"ProductNutritionInfoCopy\">5.68 mg<\/td>\n<\/tr>\n<tr>\n<td class=\"headcol\" data-qa-id=\"ProductNutritionInfoTitle\">fier<\/td>\n<td data-qa-id=\"ProductNutritionInfoCopy\">0.67 mg<\/td>\n<\/tr>\n<tr>\n<td class=\"headcol\" data-qa-id=\"ProductNutritionInfoTitle\">zinc<\/td>\n<td data-qa-id=\"ProductNutritionInfoCopy\">0.48 mg<\/td>\n<\/tr>\n<tr>\n<td class=\"headcol\" data-qa-id=\"ProductNutritionInfoTitle\">cupru<\/td>\n<td data-qa-id=\"ProductNutritionInfoCopy\">0.052 mg<\/td>\n<\/tr>\n<tr>\n<td class=\"headcol\" data-qa-id=\"ProductNutritionInfoTitle\">mangan<\/td>\n<td data-qa-id=\"ProductNutritionInfoCopy\">0.017 mg<\/td>\n<\/tr>\n<tr>\n<td class=\"headcol\" data-qa-id=\"ProductNutritionInfoTitle\">fluor<\/td>\n<td data-qa-id=\"ProductNutritionInfoCopy\">&lt; 0.0077 mg<\/td>\n<\/tr>\n<tr>\n<td class=\"headcol\" data-qa-id=\"ProductNutritionInfoTitle\">seleniu<\/td>\n<td data-qa-id=\"ProductNutritionInfoCopy\">3.4 ug<\/td>\n<\/tr>\n<tr>\n<td class=\"headcol\" data-qa-id=\"ProductNutritionInfoTitle\">iod<\/td>\n<td data-qa-id=\"ProductNutritionInfoCopy\">13.6 ug<\/td>\n<\/tr>\n<tr>\n<td class=\"headcol\" data-qa-id=\"ProductNutritionInfoTitle\">taurina<\/td>\n<td data-qa-id=\"ProductNutritionInfoCopy\">4.1 mg<\/td>\n<\/tr>\n<\/tbody>\n<\/table>\n<p><span class=\"goog-text-highlight\">\u00a0<\/span><\/p>","protected":false},"excerpt":{"rendered":"<p>Nestl\u00e9 BEBA 1 formula pentru bebelusi (de la 0 luni).\u00a0 Laptele de pornire\u00a0 BEBA 1 este conceput pentru a satisface nevoile nutritionale specifice ale bebelusului dvs. inca de la nastere si sprijina dezvoltarea lui sanatoasa. \u2022 Dezvoltat cu experti de top in nutritie \u2022 Usor compatibil \u2022 Cu acizi grasi polinesaturati cu lant lung Omega [&#8230;]\n","protected":false},"featured_media":178040,"comment_status":"open","ping_status":"closed","template":"","meta":{"_acf_changed":false,"_seopress_robots_primary_cat":"1767","_seopress_titles_title":"","_seopress_titles_desc":"","_seopress_robots_index":""},"product_brand":[6197],"product_cat":[1984,1520,20200,5677,1950,1767],"giftcard-category":[],"class_list":{"0":"post-61309","1":"product","2":"type-product","3":"status-publish","4":"has-post-thumbnail","6":"product_brand-nestle","7":"product_cat-hrana-bebelusi","8":"product_cat-mama-copilul","9":"product_cat-mancare-bebe","10":"product_cat-mancare-si-accesorii-bebe","11":"product_cat-produse-germania","12":"product_cat-produse-olanda","14":"first","15":"outofstock","16":"taxable","17":"shipping-taxable","18":"purchasable","19":"product-type-simple"},"acf":[],"_links":{"self":[{"href":"https:\/\/totalblue.ro\/de\/wp-json\/wp\/v2\/product\/61309","targetHints":{"allow":["GET"]}}],"collection":[{"href":"https:\/\/totalblue.ro\/de\/wp-json\/wp\/v2\/product"}],"about":[{"href":"https:\/\/totalblue.ro\/de\/wp-json\/wp\/v2\/types\/product"}],"replies":[{"embeddable":true,"href":"https:\/\/totalblue.ro\/de\/wp-json\/wp\/v2\/comments?post=61309"}],"wp:featuredmedia":[{"embeddable":true,"href":"https:\/\/totalblue.ro\/de\/wp-json\/wp\/v2\/media\/178040"}],"wp:attachment":[{"href":"https:\/\/totalblue.ro\/de\/wp-json\/wp\/v2\/media?parent=61309"}],"wp:term":[{"taxonomy":"product_brand","embeddable":true,"href":"https:\/\/totalblue.ro\/de\/wp-json\/wp\/v2\/product_brand?post=61309"},{"taxonomy":"product_cat","embeddable":true,"href":"https:\/\/totalblue.ro\/de\/wp-json\/wp\/v2\/product_cat?post=61309"},{"taxonomy":"giftcard-category","embeddable":true,"href":"https:\/\/totalblue.ro\/de\/wp-json\/wp\/v2\/giftcard-category?post=61309"}],"curies":[{"name":"wp","href":"https:\/\/api.w.org\/{rel}","templated":true}]}}