{"id":63230,"date":"2022-09-20T15:52:38","date_gmt":"2022-09-20T12:52:38","guid":{"rendered":"https:\/\/totalblue.ro\/?post_type=product&#038;p=63230"},"modified":"2025-11-03T11:41:59","modified_gmt":"2025-11-03T09:41:59","slug":"indonesien-lecker-nasi-goreng-350-g-import-deutschland","status":"publish","type":"product","link":"https:\/\/totalblue.ro\/de\/produs\/indonesia-nasi-goreng-delicios-350-g-import-germania\/","title":{"rendered":"Indonesia Delicious Nasi Goreng 350 g, Import aus Deutschland"},"content":{"rendered":"<p>Zutaten: 39% Gem\u00fcse in unterschiedlichen Anteilen (Paprika, Zwiebeln, Mais, Erbsen, Bambus), Trinkwasser, 12% brauner Reis (trocken), 10% H\u00fchnerfleisch, Pilze, H\u00fchnerfett, Sojasauce (Melasse, Gew\u00fcrze (enth\u00e4lt Soja) , Wasser, Speisesalz), Gew\u00fcrze, jodiertes Speisesalz (jodiertes Speisesalz, Kaliumjodat), Zucker, H\u00fchnerextrakt (Huhn, Speisesalz), Maltodextrin, St\u00e4rke, Rindfleischextrakt, Rinderfett, Gew\u00fcrze, nat\u00fcrliches Aroma, Karamellzuckersirup, Sonnenblumen\u00f6l, modifizierte St\u00e4rke, Guarkernmehl, Traubenzucker, Kr\u00e4uter.<br \/>\nKann Spuren von Sellerie, Senf, Weizen und Ei enthalten.<br \/>\nAllergene: Soja<br \/>\nN\u00e4hrwertangaben \/ 100 g:<br \/>\nEnergie 525 kJ \/ 125 kcal<br \/>\nFett 4,7 g, davon ges\u00e4ttigte Fetts\u00e4uren 1,2 g<br \/>\nKohlenhydrate 15 g, davon Zucker 2,8 g<br \/>\nEiwei\u00df 4,4 g<br \/>\nSalz 1,2 g<br \/>\nAn einem trockenen und k\u00fchlen Ort aufbewahren, vor direkter Sonneneinstrahlung sch\u00fctzen. Nach dem \u00d6ffnen abgedeckt im K\u00fchlschrank aufbewahren und innerhalb von 48 Stunden verbrauchen.<br \/>\nEmpfehlungen: Den Inhalt in einen Kochtopf\/Pfanne gie\u00dfen. Gelegentlich umr\u00fchren. Bei mittlerer Hitze erw\u00e4rmen. Sie k\u00f6nnen auch bei 600 W etwa 3,5 Minuten lang in der Mikrowelle erhitzen. Schnell und einfach!<br \/>\nVerpackung: Metalldose mit Verschluss<br \/>\nHerkunftsland Deutschland<br \/>\nMarke Indonesien<br \/>\nK\u00fcche Thailand<br \/>\nFormat Metalldose mit Schl\u00fcssel<br \/>\nHersteller Indonesien<\/p>\n<p>Hergestellt und verkauft in Deutschland von Dreistern Konserven GmbH &amp; Co. KG , Philipp-Oehmigke-Str. 4, 16816 Neuruppin.<br \/>\nEinf\u00fchrer und H\u00e4ndler Total Blue Impex SRL<\/p>\n<p>&nbsp;<\/p>\n<p>&nbsp;<\/p>","protected":false},"excerpt":{"rendered":"<p>Ingrediente: 39% legume in proportii variate (ardei, ceapa, porumb, mazare, bambus), apa de baut, 12% orez integral (uscat), 10% pui, ciuperci, grasime de pui, sos de soia (melasa, condimente (contine soia) , apa, sare de masa), condimente, sare de masa iodata (sare de masa, iodat de potasiu), zahar, extract de pui (pui, sare de masa), [&#8230;]\n","protected":false},"featured_media":104423,"comment_status":"open","ping_status":"closed","template":"","meta":{"_acf_changed":false,"_seopress_robots_primary_cat":"1950","_seopress_titles_title":"","_seopress_titles_desc":"","_seopress_robots_index":""},"product_brand":[1986],"product_cat":[1555,1683,3272,3372,1950,1767],"giftcard-category":[],"class_list":{"0":"post-63230","1":"product","2":"type-product","3":"status-publish","4":"has-post-thumbnail","6":"product_brand-indonesia","7":"product_cat-bacanie","8":"product_cat-conserve-mancare-gatita","9":"product_cat-conserve","10":"product_cat-conserve-produse-germania","11":"product_cat-produse-germania","12":"product_cat-produse-olanda","14":"first","15":"outofstock","16":"taxable","17":"shipping-taxable","18":"purchasable","19":"product-type-simple"},"acf":[],"_links":{"self":[{"href":"https:\/\/totalblue.ro\/de\/wp-json\/wp\/v2\/product\/63230","targetHints":{"allow":["GET"]}}],"collection":[{"href":"https:\/\/totalblue.ro\/de\/wp-json\/wp\/v2\/product"}],"about":[{"href":"https:\/\/totalblue.ro\/de\/wp-json\/wp\/v2\/types\/product"}],"replies":[{"embeddable":true,"href":"https:\/\/totalblue.ro\/de\/wp-json\/wp\/v2\/comments?post=63230"}],"wp:featuredmedia":[{"embeddable":true,"href":"https:\/\/totalblue.ro\/de\/wp-json\/wp\/v2\/media\/104423"}],"wp:attachment":[{"href":"https:\/\/totalblue.ro\/de\/wp-json\/wp\/v2\/media?parent=63230"}],"wp:term":[{"taxonomy":"product_brand","embeddable":true,"href":"https:\/\/totalblue.ro\/de\/wp-json\/wp\/v2\/product_brand?post=63230"},{"taxonomy":"product_cat","embeddable":true,"href":"https:\/\/totalblue.ro\/de\/wp-json\/wp\/v2\/product_cat?post=63230"},{"taxonomy":"giftcard-category","embeddable":true,"href":"https:\/\/totalblue.ro\/de\/wp-json\/wp\/v2\/giftcard-category?post=63230"}],"curies":[{"name":"wp","href":"https:\/\/api.w.org\/{rel}","templated":true}]}}