{"id":63426,"date":"2022-09-21T14:52:12","date_gmt":"2022-09-21T11:52:12","guid":{"rendered":"https:\/\/totalblue.ro\/?post_type=product&#038;p=63426"},"modified":"2025-08-07T14:28:44","modified_gmt":"2025-08-07T11:28:44","slug":"sonnen-bassermann-supa-gata-preparata-delicioasa-de-broccoli-400-ml-import-germania","status":"publish","type":"product","link":"https:\/\/totalblue.ro\/de\/produs\/sonnen-bassermann-supa-gata-preparata-delicioasa-de-broccoli-400-ml-import-germania\/","title":{"rendered":"Sonnen Bassermann Supa gata preparata delicioasa de broccoli 400 ml, import Germania"},"content":{"rendered":"<p>Ingrediente: Apa, 15% broccoli, ulei de rapita, amidon, ulei de palmier, amidon modificat, smantana 1,4%, sare de masa, faina de grau, zahar, proteine \u200b\u200bdin lapte, sirop de glucoza, proteine \u200b\u200bdin zer (contine lapte), arome naturale (contine telina), spanac pudra, zahar caramelizat, nucsoara, praf de ceapa, stabilizator (esteri ai acidului mono- si diacetil tartric ai mono- si digliceridelor acizilor grasi), extract de condimente, antioxidant (acid ascorbic), agent de ingrosare (guma guar).<br \/>\nAlergeni: Contine lapte, grau si telina. Poate contine urme de ou, soia si mustar.<br \/>\nRecomandari: Turnati continutul intr-o cratita \/ tigaie. Amestecati ocazional. Incalziti la foc mediu. De asemenea puteti incalzi si la cuptorul cu microunde la 600 W timp de aproximativ 4 minute. Rapid si usor!<br \/>\nAmbalaj: conserva metalica cu cheita.<br \/>\nN\u00e4hrwertangaben \/ 100 g:<br \/>\nEnergie 212 kJ \/ 51 kcal<br \/>\nGrasimi 3.5 g din care acizi grasi, saturati\u00a0 0,7 g<br \/>\nCarbohidrati 3.5 g din care zaharuri 0,6 g<br \/>\nProteine 1 g<br \/>\nSare 0.98 g<br \/>\nAn einem trockenen und k\u00fchlen Ort aufbewahren, vor direkter Sonneneinstrahlung sch\u00fctzen. Nach dem \u00d6ffnen abgedeckt im K\u00fchlschrank aufbewahren und innerhalb von 48 Stunden verbrauchen.<\/p>","protected":false},"excerpt":{"rendered":"<p>Ingrediente: Apa, 15% broccoli, ulei de rapita, amidon, ulei de palmier, amidon modificat, smantana 1,4%, sare de masa, faina de grau, zahar, proteine \u200b\u200bdin lapte, sirop de glucoza, proteine \u200b\u200bdin zer (contine lapte), arome naturale (contine telina), spanac pudra, zahar caramelizat, nucsoara, praf de ceapa, stabilizator (esteri ai acidului mono- si diacetil tartric ai mono- [&#8230;]\n","protected":false},"featured_media":134075,"comment_status":"open","ping_status":"closed","template":"","meta":{"_acf_changed":false,"_seopress_robots_primary_cat":"none","_seopress_titles_title":"","_seopress_titles_desc":"","_seopress_robots_index":""},"product_brand":[1964],"product_cat":[1555,1683,3272,3372,1950,1767,3364],"giftcard-category":[],"class_list":{"0":"post-63426","1":"product","2":"type-product","3":"status-publish","4":"has-post-thumbnail","6":"product_brand-sonnen-bassermann","7":"product_cat-bacanie","8":"product_cat-conserve-mancare-gatita","9":"product_cat-conserve","10":"product_cat-conserve-produse-germania","11":"product_cat-produse-germania","12":"product_cat-produse-olanda","13":"product_cat-supe-produse-germania","15":"first","16":"outofstock","17":"taxable","18":"shipping-taxable","19":"purchasable","20":"product-type-simple"},"acf":[],"_links":{"self":[{"href":"https:\/\/totalblue.ro\/de\/wp-json\/wp\/v2\/product\/63426","targetHints":{"allow":["GET"]}}],"collection":[{"href":"https:\/\/totalblue.ro\/de\/wp-json\/wp\/v2\/product"}],"about":[{"href":"https:\/\/totalblue.ro\/de\/wp-json\/wp\/v2\/types\/product"}],"replies":[{"embeddable":true,"href":"https:\/\/totalblue.ro\/de\/wp-json\/wp\/v2\/comments?post=63426"}],"wp:featuredmedia":[{"embeddable":true,"href":"https:\/\/totalblue.ro\/de\/wp-json\/wp\/v2\/media\/134075"}],"wp:attachment":[{"href":"https:\/\/totalblue.ro\/de\/wp-json\/wp\/v2\/media?parent=63426"}],"wp:term":[{"taxonomy":"product_brand","embeddable":true,"href":"https:\/\/totalblue.ro\/de\/wp-json\/wp\/v2\/product_brand?post=63426"},{"taxonomy":"product_cat","embeddable":true,"href":"https:\/\/totalblue.ro\/de\/wp-json\/wp\/v2\/product_cat?post=63426"},{"taxonomy":"giftcard-category","embeddable":true,"href":"https:\/\/totalblue.ro\/de\/wp-json\/wp\/v2\/giftcard-category?post=63426"}],"curies":[{"name":"wp","href":"https:\/\/api.w.org\/{rel}","templated":true}]}}