{"id":64325,"date":"2022-09-29T09:02:54","date_gmt":"2022-09-29T06:02:54","guid":{"rendered":"https:\/\/totalblue.ro\/?post_type=product&#038;p=64325"},"modified":"2023-07-07T13:43:39","modified_gmt":"2023-07-07T10:43:39","slug":"ja-saci-menajeri-de-gunoi-cu-banda-60l-30-bucati-import-germania","status":"publish","type":"product","link":"https:\/\/totalblue.ro\/de\/produs\/ja-saci-menajeri-de-gunoi-cu-banda-60l-30-bucati-import-germania\/","title":{"rendered":"Ja! M\u00fclls\u00e4cke, 60l, 30 St\u00fcck, Import Deutschland"},"content":{"rendered":"","protected":false},"excerpt":{"rendered":"<p>Capacitate: 120 Litri<br \/>\nDimensiune sac 70 x100 cm<\/p>\n<div dir=\"auto\"><\/div>","protected":false},"featured_media":64327,"comment_status":"open","ping_status":"closed","template":"","meta":{"_acf_changed":false,"_seopress_robots_primary_cat":"1950","_seopress_titles_title":"","_seopress_titles_desc":"Cumpara online saci de gunoi, saci gunoi cu manere, pungi gunoi. Magazin online Total Blue cu produse germane si olandeze cu livrare rapida","_seopress_robots_index":""},"product_brand":[12213],"product_cat":[1349,1350,1348,3356,3346,1950,1767],"giftcard-category":[],"class_list":{"0":"post-64325","1":"product","2":"type-product","3":"status-publish","4":"has-post-thumbnail","6":"product_brand-ja","7":"product_cat-baie","8":"product_cat-bucatarie","9":"product_cat-casa-si-bricolaj","10":"product_cat-detergenti-produse-germania","11":"product_cat-diverse","12":"product_cat-produse-germania","13":"product_cat-produse-olanda","15":"first","16":"outofstock","17":"taxable","18":"shipping-taxable","19":"purchasable","20":"product-type-simple"},"acf":[],"_links":{"self":[{"href":"https:\/\/totalblue.ro\/de\/wp-json\/wp\/v2\/product\/64325","targetHints":{"allow":["GET"]}}],"collection":[{"href":"https:\/\/totalblue.ro\/de\/wp-json\/wp\/v2\/product"}],"about":[{"href":"https:\/\/totalblue.ro\/de\/wp-json\/wp\/v2\/types\/product"}],"replies":[{"embeddable":true,"href":"https:\/\/totalblue.ro\/de\/wp-json\/wp\/v2\/comments?post=64325"}],"wp:featuredmedia":[{"embeddable":true,"href":"https:\/\/totalblue.ro\/de\/wp-json\/wp\/v2\/media\/64327"}],"wp:attachment":[{"href":"https:\/\/totalblue.ro\/de\/wp-json\/wp\/v2\/media?parent=64325"}],"wp:term":[{"taxonomy":"product_brand","embeddable":true,"href":"https:\/\/totalblue.ro\/de\/wp-json\/wp\/v2\/product_brand?post=64325"},{"taxonomy":"product_cat","embeddable":true,"href":"https:\/\/totalblue.ro\/de\/wp-json\/wp\/v2\/product_cat?post=64325"},{"taxonomy":"giftcard-category","embeddable":true,"href":"https:\/\/totalblue.ro\/de\/wp-json\/wp\/v2\/giftcard-category?post=64325"}],"curies":[{"name":"wp","href":"https:\/\/api.w.org\/{rel}","templated":true}]}}