{"id":64701,"date":"2022-09-30T15:35:10","date_gmt":"2022-09-30T12:35:10","guid":{"rendered":"https:\/\/totalblue.ro\/?post_type=product&#038;p=64701"},"modified":"2022-11-03T01:43:27","modified_gmt":"2022-11-02T23:43:27","slug":"geschenkkarte","status":"publish","type":"product","link":"https:\/\/totalblue.ro\/de\/produs\/card-cadou\/","title":{"rendered":"Geschenkkarten"},"content":{"rendered":"","protected":false},"excerpt":{"rendered":"<h2>Sie m\u00f6chten ein n\u00fctzliches Geschenk machen? Nichts einfacher als das, w\u00e4hlen Sie die Total Blue Electronic Gift Card!<\/h2>\n<ul>\n<li>Der Geschenkgutschein kann als Rabatt auf eine einzelne Bestellung bei Total Blue angewendet werden und sein Wert wird von der Gesamtbestellung abgezogen.<\/li>\n<li>Die Total Blue Gift Card ist 30 Tage lang g\u00fcltig.<\/li>\n<li>Dar\u00fcber hinaus gibt es keine Ausgabe- oder R\u00fccknahmegeb\u00fchr - was Sie bezahlen, bekommt der Empf\u00e4nger auch.<\/li>\n<li>Der Wert der Geschenkkarte kann nicht in Bargeld umgetauscht werden.<\/li>\n<li>Mit dem Ausf\u00fcllen des Total Blue-Geschenkkarten-Antragsformulars erkl\u00e4ren Sie sich damit einverstanden, dass Ihr Name, Ihre Nachricht und die Geschenkkarte Ihrem Kundenkonto zugeordnet werden und Sie Total Blue erm\u00e4chtigen, diese in Form einer personalisierten Total Blue-Geschenkkarte an den Empf\u00e4nger zu senden.<\/li>\n<\/ul>","protected":false},"featured_media":27508,"comment_status":"closed","ping_status":"closed","template":"","meta":{"_acf_changed":false,"_seopress_robots_primary_cat":"1976","_seopress_titles_title":"","_seopress_titles_desc":"","_seopress_robots_index":""},"product_brand":[],"product_cat":[1976],"giftcard-category":[],"class_list":{"0":"post-64701","1":"product","2":"type-product","3":"status-publish","4":"has-post-thumbnail","6":"product_cat-carduri-cadou","8":"first","9":"instock","10":"virtual","11":"taxable","12":"purchasable","13":"product-type-gift-card"},"acf":[],"_links":{"self":[{"href":"https:\/\/totalblue.ro\/de\/wp-json\/wp\/v2\/product\/64701","targetHints":{"allow":["GET"]}}],"collection":[{"href":"https:\/\/totalblue.ro\/de\/wp-json\/wp\/v2\/product"}],"about":[{"href":"https:\/\/totalblue.ro\/de\/wp-json\/wp\/v2\/types\/product"}],"replies":[{"embeddable":true,"href":"https:\/\/totalblue.ro\/de\/wp-json\/wp\/v2\/comments?post=64701"}],"wp:featuredmedia":[{"embeddable":true,"href":"https:\/\/totalblue.ro\/de\/wp-json\/wp\/v2\/media\/27508"}],"wp:attachment":[{"href":"https:\/\/totalblue.ro\/de\/wp-json\/wp\/v2\/media?parent=64701"}],"wp:term":[{"taxonomy":"product_brand","embeddable":true,"href":"https:\/\/totalblue.ro\/de\/wp-json\/wp\/v2\/product_brand?post=64701"},{"taxonomy":"product_cat","embeddable":true,"href":"https:\/\/totalblue.ro\/de\/wp-json\/wp\/v2\/product_cat?post=64701"},{"taxonomy":"giftcard-category","embeddable":true,"href":"https:\/\/totalblue.ro\/de\/wp-json\/wp\/v2\/giftcard-category?post=64701"}],"curies":[{"name":"wp","href":"https:\/\/api.w.org\/{rel}","templated":true}]}}