{"id":67432,"date":"2022-10-17T10:17:24","date_gmt":"2022-10-17T07:17:24","guid":{"rendered":"https:\/\/totalblue.ro\/?post_type=product&#038;p=67432"},"modified":"2023-09-22T11:45:33","modified_gmt":"2023-09-22T08:45:33","slug":"aviatur-gevulde-speculaas-mit-mandelhalften-240-g-import-aus-den-niederlanden","status":"publish","type":"product","link":"https:\/\/totalblue.ro\/de\/produs\/aviatur-gevulde-speculaas-cu-jumati-de-migdale-240-g-import-olanda\/","title":{"rendered":"Aviatur gevulde speculaas mit Mandelh\u00e4lften 240 g, Import aus den Niederlanden"},"content":{"rendered":"<p>Wir sind bereit f\u00fcr Sinterklaas!<\/p>\n<p>Aviatur gevulde speculaas verziert mit Mandelh\u00e4lften 240 g, Import aus den Niederlanden<\/p>\n<p>Zutaten: Zucker, Weizenmehl, Soja, pflanzliche \u00d6le (Palm, Raps, Kokosnuss), modifizierte Kartoffelst\u00e4rke, Glukose-Fruktose-Sirup, Gew\u00fcrze und Kr\u00e4uter f\u00fcr Lebkuchen (enth\u00e4lt Koriander), Dextrose, Backtriebmittel: E450, E500, E503; Stabilisator: Sorbit, Verdickungsmittel: Guarkernmehl, Pektin; Salz, Farbstoff: Karamell, Aprikosenkerne, Emulgator: Sojalecithin, Milcheiwei\u00df, Invertzucker, Laktose, Aromen (enth\u00e4lt Milch). Kann Spuren von Ei und N\u00fcssen enthalten.<br \/>\nN\u00e4hrwertangaben pro 100 g :<br \/>\nEnergie 1603 kJ (383 kcal)<br \/>\nFett 12,7 g, davon ges\u00e4ttigtes Fett 5,4 g<br \/>\nKohlenhydrate 61,6 g, davon Zucker 39,6 g<br \/>\nBallaststoffe 2,0 g<br \/>\nEiwei\u00df 4,9 g<br \/>\nSalz 0,89 g<br \/>\nHergestellt in den Niederlanden von Aviateur Banketbakkerijen B.V., Vreekesweid 2,1721 PR Broek op Langedijk<br \/>\nEinf\u00fchrer und H\u00e4ndler Total Blue Impex SRL<\/p>","protected":false},"excerpt":{"rendered":"<p>&nbsp;<\/p>\n<div id=\"simple-translate\" class=\"simple-translate-light-theme\">\n<div>\n<div class=\"simple-translate-button isShow\" style=\"height: 22px;width: 22px\"><\/div>\n<div class=\"simple-translate-panel\" style=\"width: 300px;height: 200px;font-size: 13px\">\n<div class=\"simple-translate-result-wrapper\" style=\"overflow: hidden\">\n<div class=\"simple-translate-move\"><\/div>\n<div class=\"simple-translate-result-contents\">\n<p class=\"simple-translate-candidate\" dir=\"auto\">\n<\/div>\n<\/div>\n<\/div>\n<\/div>\n<\/div>","protected":false},"featured_media":67434,"comment_status":"open","ping_status":"closed","template":"","meta":{"_acf_changed":false,"_seopress_robots_primary_cat":"1767","_seopress_titles_title":"","_seopress_titles_desc":"","_seopress_robots_index":""},"product_brand":[2065],"product_cat":[1555,3296,3338,7021,1767],"giftcard-category":[],"class_list":{"0":"post-67432","1":"product","2":"type-product","3":"status-publish","4":"has-post-thumbnail","6":"product_brand-aviateur","7":"product_cat-bacanie","8":"product_cat-brutarie-patiserie","9":"product_cat-dulciuri-snacksuri","10":"product_cat-dulciuri-snacks","11":"product_cat-produse-olanda","13":"first","14":"outofstock","15":"taxable","16":"shipping-taxable","17":"purchasable","18":"product-type-simple"},"acf":[],"_links":{"self":[{"href":"https:\/\/totalblue.ro\/de\/wp-json\/wp\/v2\/product\/67432","targetHints":{"allow":["GET"]}}],"collection":[{"href":"https:\/\/totalblue.ro\/de\/wp-json\/wp\/v2\/product"}],"about":[{"href":"https:\/\/totalblue.ro\/de\/wp-json\/wp\/v2\/types\/product"}],"replies":[{"embeddable":true,"href":"https:\/\/totalblue.ro\/de\/wp-json\/wp\/v2\/comments?post=67432"}],"wp:featuredmedia":[{"embeddable":true,"href":"https:\/\/totalblue.ro\/de\/wp-json\/wp\/v2\/media\/67434"}],"wp:attachment":[{"href":"https:\/\/totalblue.ro\/de\/wp-json\/wp\/v2\/media?parent=67432"}],"wp:term":[{"taxonomy":"product_brand","embeddable":true,"href":"https:\/\/totalblue.ro\/de\/wp-json\/wp\/v2\/product_brand?post=67432"},{"taxonomy":"product_cat","embeddable":true,"href":"https:\/\/totalblue.ro\/de\/wp-json\/wp\/v2\/product_cat?post=67432"},{"taxonomy":"giftcard-category","embeddable":true,"href":"https:\/\/totalblue.ro\/de\/wp-json\/wp\/v2\/giftcard-category?post=67432"}],"curies":[{"name":"wp","href":"https:\/\/api.w.org\/{rel}","templated":true}]}}