{"id":74568,"date":"2022-12-20T10:05:00","date_gmt":"2022-12-20T08:05:00","guid":{"rendered":"https:\/\/totalblue.ro\/?post_type=product&#038;p=74568"},"modified":"2023-11-09T16:42:52","modified_gmt":"2023-11-09T14:42:52","slug":"peijnenburg-lebkuchen-in-scheiben-mit-null-zucker-485-g-import-aus-den-niederlanden","status":"publish","type":"product","link":"https:\/\/totalblue.ro\/de\/produs\/peijnenburg-turta-dulce-feliata-cu-zero-zahar-485-g-import-olanda\/","title":{"rendered":"Peijnenburg Lebkuchen in Scheiben mit Null Zucker 280 g, Import aus den Niederlanden"},"content":{"rendered":"<p>Biskuit ist so lecker, dass man ihn den ganzen Tag essen m\u00f6chte. Sie k\u00f6nnen ihn zum Fr\u00fchst\u00fcck oder Mittagessen mit etwas Butter oder Tee essen. Ein St\u00fcck wie dieses stillt schnell den Appetit<\/p>\n<p>An einem dunklen und trockenen Ort aufbewahren. Verzehrsdatum: siehe Etikettierung.<br \/>\nLagern Sie die Produkte nach dem \u00d6ffnen in einem fest verschlossenen Beh\u00e4lter.<\/p>\n<p>Hergestellt in den Niederlanden von Koninklijke Peijnenburg BV, Antwoordnummer 19, 5660 VB Geldrop<br \/>\nEinf\u00fchrer: Total Blue Impex SRL<\/p>","protected":false},"excerpt":{"rendered":"<p>&nbsp;<\/p>\n<div id=\"simple-translate\" class=\"simple-translate-light-theme\">\n<div>\n<div class=\"simple-translate-button isShow\" style=\"height: 22px;width: 22px\"><\/div>\n<div class=\"simple-translate-panel\" style=\"width: 300px;height: 200px;font-size: 13px\">\n<div class=\"simple-translate-result-wrapper\" style=\"overflow: hidden\">\n<div class=\"simple-translate-move\"><\/div>\n<div class=\"simple-translate-result-contents\">\n<p class=\"simple-translate-candidate\" dir=\"auto\">\n<\/div>\n<\/div>\n<\/div>\n<\/div>\n<\/div>","protected":false},"featured_media":100873,"comment_status":"open","ping_status":"closed","template":"","meta":{"_acf_changed":false,"_seopress_robots_primary_cat":"1767","_seopress_titles_title":"Turta dulce Peijnenburg import Olanda, delicatese olandeze ","_seopress_titles_desc":"Cumpara acum online turta dulce Peijnenburg import Olanda, delicatese olandeze. Produse din Olanda ieftine, produse alimentare olandeze.","_seopress_robots_index":""},"product_brand":[2040],"product_cat":[1555,3296,3338,7021,3304,1767],"giftcard-category":[],"class_list":{"0":"post-74568","1":"product","2":"type-product","3":"status-publish","4":"has-post-thumbnail","6":"product_brand-peijnenburg","7":"product_cat-bacanie","8":"product_cat-brutarie-patiserie","9":"product_cat-dulciuri-snacksuri","10":"product_cat-dulciuri-snacks","11":"product_cat-mic-dejun-produse-olanda","12":"product_cat-produse-olanda","14":"first","15":"outofstock","16":"taxable","17":"shipping-taxable","18":"purchasable","19":"product-type-simple"},"acf":[],"_links":{"self":[{"href":"https:\/\/totalblue.ro\/de\/wp-json\/wp\/v2\/product\/74568","targetHints":{"allow":["GET"]}}],"collection":[{"href":"https:\/\/totalblue.ro\/de\/wp-json\/wp\/v2\/product"}],"about":[{"href":"https:\/\/totalblue.ro\/de\/wp-json\/wp\/v2\/types\/product"}],"replies":[{"embeddable":true,"href":"https:\/\/totalblue.ro\/de\/wp-json\/wp\/v2\/comments?post=74568"}],"wp:featuredmedia":[{"embeddable":true,"href":"https:\/\/totalblue.ro\/de\/wp-json\/wp\/v2\/media\/100873"}],"wp:attachment":[{"href":"https:\/\/totalblue.ro\/de\/wp-json\/wp\/v2\/media?parent=74568"}],"wp:term":[{"taxonomy":"product_brand","embeddable":true,"href":"https:\/\/totalblue.ro\/de\/wp-json\/wp\/v2\/product_brand?post=74568"},{"taxonomy":"product_cat","embeddable":true,"href":"https:\/\/totalblue.ro\/de\/wp-json\/wp\/v2\/product_cat?post=74568"},{"taxonomy":"giftcard-category","embeddable":true,"href":"https:\/\/totalblue.ro\/de\/wp-json\/wp\/v2\/giftcard-category?post=74568"}],"curies":[{"name":"wp","href":"https:\/\/api.w.org\/{rel}","templated":true}]}}