{"id":74590,"date":"2022-12-20T10:30:53","date_gmt":"2022-12-20T08:30:53","guid":{"rendered":"https:\/\/totalblue.ro\/?post_type=product&#038;p=74590"},"modified":"2026-01-28T09:53:28","modified_gmt":"2026-01-28T07:53:28","slug":"lupack-meat-luncheon-340g","status":"publish","type":"product","link":"https:\/\/totalblue.ro\/de\/produs\/lupack-meat-luncheon-340g\/","title":{"rendered":"Lupack Fleischkonserven 340g"},"content":{"rendered":"<p>Ingrediente: carne de porc 25%, apa, carne de pui separata mecanic 17%, carne de porc separata mecanic 15%, amidon de grau, grasime de porc, sare, zahar, tesut conjunctiv de porc, proteine \u200b\u200bdin lapte, condimente, (contine mustar), stabilizatori: E451, E452 , E450, protein\u0103 vegetal\u0103 hidrolizat\u0103 (soia, porumb), antioxidant: e316, dextroz\u0103, conservant: e250, poten\u021biator de arom\u0103: e621<br \/>\nN\u00e4hrwertangaben \/ 100 g:<br \/>\nEnergie 1008 kJ \/ 242 kcal<br \/>\nGrasimi 18 g din care grasimi saturate 6.5 g<br \/>\nGlucide 9.5 g din care zaharuri 1.6 g<br \/>\nEiwei\u00df 11 g<br \/>\nSare 2.13 g<\/p>","protected":false},"excerpt":{"rendered":"<p>Ingrediente: carne de porc 25%, apa, carne de pui separata mecanic 17%, carne de porc separata mecanic 15%, amidon de grau, grasime de porc, sare, zahar, tesut conjunctiv de porc, proteine \u200b\u200bdin lapte, condimente, (contine mustar), stabilizatori: E451, E452 , E450, protein\u0103 vegetal\u0103 hidrolizat\u0103 (soia, porumb), antioxidant: e316, dextroz\u0103, conservant: e250, poten\u021biator de arom\u0103: e621 [&#8230;]\n","protected":false},"featured_media":74592,"comment_status":"open","ping_status":"closed","template":"","meta":{"_acf_changed":false,"_seopress_robots_primary_cat":"none","_seopress_titles_title":"","_seopress_titles_desc":"","_seopress_robots_index":""},"product_brand":[12787],"product_cat":[1555,1683,3272,1767],"giftcard-category":[],"class_list":{"0":"post-74590","1":"product","2":"type-product","3":"status-publish","4":"has-post-thumbnail","6":"product_brand-lupack","7":"product_cat-bacanie","8":"product_cat-conserve-mancare-gatita","9":"product_cat-conserve","10":"product_cat-produse-olanda","12":"first","13":"outofstock","14":"taxable","15":"shipping-taxable","16":"purchasable","17":"product-type-simple"},"acf":[],"_links":{"self":[{"href":"https:\/\/totalblue.ro\/de\/wp-json\/wp\/v2\/product\/74590","targetHints":{"allow":["GET"]}}],"collection":[{"href":"https:\/\/totalblue.ro\/de\/wp-json\/wp\/v2\/product"}],"about":[{"href":"https:\/\/totalblue.ro\/de\/wp-json\/wp\/v2\/types\/product"}],"replies":[{"embeddable":true,"href":"https:\/\/totalblue.ro\/de\/wp-json\/wp\/v2\/comments?post=74590"}],"wp:featuredmedia":[{"embeddable":true,"href":"https:\/\/totalblue.ro\/de\/wp-json\/wp\/v2\/media\/74592"}],"wp:attachment":[{"href":"https:\/\/totalblue.ro\/de\/wp-json\/wp\/v2\/media?parent=74590"}],"wp:term":[{"taxonomy":"product_brand","embeddable":true,"href":"https:\/\/totalblue.ro\/de\/wp-json\/wp\/v2\/product_brand?post=74590"},{"taxonomy":"product_cat","embeddable":true,"href":"https:\/\/totalblue.ro\/de\/wp-json\/wp\/v2\/product_cat?post=74590"},{"taxonomy":"giftcard-category","embeddable":true,"href":"https:\/\/totalblue.ro\/de\/wp-json\/wp\/v2\/giftcard-category?post=74590"}],"curies":[{"name":"wp","href":"https:\/\/api.w.org\/{rel}","templated":true}]}}