{"id":75460,"date":"2022-12-22T16:34:15","date_gmt":"2022-12-22T14:34:15","guid":{"rendered":"https:\/\/totalblue.ro\/?post_type=product&#038;p=75460"},"modified":"2025-08-07T13:00:51","modified_gmt":"2025-08-07T10:00:51","slug":"peijnenburg-turta-dulce-feliata-integrala-485-g-import-olanda","status":"publish","type":"product","link":"https:\/\/totalblue.ro\/de\/produs\/peijnenburg-turta-dulce-feliata-integrala-485-g-import-olanda\/","title":{"rendered":"Peijnenburg Lebkuchen in Scheiben, Vollkorn, 485 g, Import aus den Niederlanden"},"content":{"rendered":"<p>Ingrediente: sirop de glucoza-fructoza, faina integrala de secara 26%, faina de secara 13%, condimente, ulei de shea, agenti de fermentare (carbonat acid de sodiu, difosfat disodic). Poate contine urme de: lapte.<br \/>\nAlergeni: contine secara, cereale care contin gluten.<br \/>\nKann enthalten: Milch.<br \/>\nN\u00e4hrwertangaben pro 100g:<br \/>\nEnergie 1295 kJ (306 kcal)<br \/>\nGrasimi 1,6 g din care grasimi saturate 0,4 g<br \/>\nGlucide 67,3 g din care zaharuri 37,9 g<br \/>\nFibre alimentare 5,3 g<br \/>\nProteine \u200b\u200b3g<br \/>\nSare 0,52 g<br \/>\nBiskuit ist so lecker, dass man ihn den ganzen Tag essen m\u00f6chte. Sie k\u00f6nnen ihn zum Fr\u00fchst\u00fcck oder Mittagessen mit etwas Butter oder Tee essen. Ein St\u00fcck wie dieses stillt schnell den Appetit<\/p>\n<p>An einem dunklen und trockenen Ort aufbewahren. Verzehrsdatum: siehe Etikettierung.<br \/>\nLagern Sie die Produkte nach dem \u00d6ffnen in einem fest verschlossenen Beh\u00e4lter.<\/p>\n<p>Hergestellt in den Niederlanden von Koninklijke Peijnenburg BV, Antwoordnummer 19, 5660 VB Geldrop<br \/>\nEinf\u00fchrer: Total Blue Impex SRL<\/p>","protected":false},"excerpt":{"rendered":"<p>&nbsp;<\/p>\n<div id=\"simple-translate\" class=\"simple-translate-light-theme\">\n<div>\n<div class=\"simple-translate-button isShow\" style=\"height: 22px;width: 22px\"><\/div>\n<div class=\"simple-translate-panel\" style=\"width: 300px;height: 200px;font-size: 13px\">\n<div class=\"simple-translate-result-wrapper\" style=\"overflow: hidden\">\n<div class=\"simple-translate-move\"><\/div>\n<div class=\"simple-translate-result-contents\">\n<p class=\"simple-translate-candidate\" dir=\"auto\">\n<\/div>\n<\/div>\n<\/div>\n<\/div>\n<\/div>","protected":false},"featured_media":75464,"comment_status":"open","ping_status":"closed","template":"","meta":{"_acf_changed":false,"_seopress_robots_primary_cat":"1767","_seopress_titles_title":"Turta dulce Peijnenburg import Olanda, delicatese olandeze ","_seopress_titles_desc":"Cumpara acum online turta dulce Peijnenburg import Olanda, delicatese olandeze. Produse din Olanda ieftine, produse alimentare olandeze.","_seopress_robots_index":""},"product_brand":[2040],"product_cat":[1555,3296,7021,3338,3304,1767],"giftcard-category":[],"class_list":{"0":"post-75460","1":"product","2":"type-product","3":"status-publish","4":"has-post-thumbnail","6":"product_brand-peijnenburg","7":"product_cat-bacanie","8":"product_cat-brutarie-patiserie","9":"product_cat-dulciuri-snacks","10":"product_cat-dulciuri-snacksuri","11":"product_cat-mic-dejun-produse-olanda","12":"product_cat-produse-olanda","14":"first","15":"outofstock","16":"taxable","17":"shipping-taxable","18":"purchasable","19":"product-type-simple"},"acf":[],"_links":{"self":[{"href":"https:\/\/totalblue.ro\/de\/wp-json\/wp\/v2\/product\/75460","targetHints":{"allow":["GET"]}}],"collection":[{"href":"https:\/\/totalblue.ro\/de\/wp-json\/wp\/v2\/product"}],"about":[{"href":"https:\/\/totalblue.ro\/de\/wp-json\/wp\/v2\/types\/product"}],"replies":[{"embeddable":true,"href":"https:\/\/totalblue.ro\/de\/wp-json\/wp\/v2\/comments?post=75460"}],"wp:featuredmedia":[{"embeddable":true,"href":"https:\/\/totalblue.ro\/de\/wp-json\/wp\/v2\/media\/75464"}],"wp:attachment":[{"href":"https:\/\/totalblue.ro\/de\/wp-json\/wp\/v2\/media?parent=75460"}],"wp:term":[{"taxonomy":"product_brand","embeddable":true,"href":"https:\/\/totalblue.ro\/de\/wp-json\/wp\/v2\/product_brand?post=75460"},{"taxonomy":"product_cat","embeddable":true,"href":"https:\/\/totalblue.ro\/de\/wp-json\/wp\/v2\/product_cat?post=75460"},{"taxonomy":"giftcard-category","embeddable":true,"href":"https:\/\/totalblue.ro\/de\/wp-json\/wp\/v2\/giftcard-category?post=75460"}],"curies":[{"name":"wp","href":"https:\/\/api.w.org\/{rel}","templated":true}]}}