{"id":77698,"date":"2023-01-10T15:47:40","date_gmt":"2023-01-10T13:47:40","guid":{"rendered":"https:\/\/totalblue.ro\/?post_type=product&#038;p=77698"},"modified":"2024-08-30T15:26:18","modified_gmt":"2024-08-30T12:26:18","slug":"coca-cola-vanilla-bax-sprudelgetrank-mit-vanillegeschmack-import-aus-holland","status":"publish","type":"product","link":"https:\/\/totalblue.ro\/de\/produs\/coca-cola-vanilla-bax-bautura-acidulata-cu-aroma-de-vanilie-import-olanda\/","title":{"rendered":"Bax Coca-Cola Vanilla, kohlens\u00e4urehaltiges Getr\u00e4nk mit Vanillegeschmack, importiert aus den Niederlanden, 6 x 1,5 l"},"content":{"rendered":"<p>Bax Coca-Cola Vanilla, sprudelndes Getr\u00e4nk mit Vanillegeschmack, importiert aus Holland, 6 x 1,5L<\/p>\n<p>Zutaten: ges\u00e4uertes Wasser; Zuckerfarbstoff: E150d; Lebensmittels\u00e4ure: E338; nat\u00fcrliche Aromen; Koffeinaroma.<br \/>\nN\u00e4hrwertangaben pro 100 ml:<br \/>\nEnergie 173 kJ (43 kcal)<br \/>\nFett 0 g, davon ges\u00e4ttigte Fette 0 g<br \/>\nKohlenhydrate 10,6 g, davon Zucker 10,6 g<br \/>\nEiwei\u00df 0 g<br \/>\nSalz 0 g<br \/>\nLagerung: An einem k\u00fchlen, trockenen, geruchsfreien Ort und vor direkter Sonneneinstrahlung gesch\u00fctzt lagern.<br \/>\nEmpfehlung: Gek\u00fchlt servieren.<br \/>\nHersteller: Coca-Cola Europacific Partners Nederland BV, Postbus 8775, 3009 AT Rotterdam.<br \/>\nEinf\u00fchrer: Total Blue Impex SRL, Bucuresti, Sektor 6, B-dul Uverturii 69A<\/p>","protected":false},"excerpt":{"rendered":"<p>Bax Coca-Cola Vanilla, bautura acidulata cu aroma de vanilie, import Olanda, 6 x 1,5L Ingrediente: apa acidulata; culoare zahar: E150d; acid alimentar: E338; arome naturale; aroma de cofeina. Valori Nutritionale la 100 ml: Energie 173 kJ (43 kcal) Grasimi 0 g din care grasimi saturate 0 g Glucide 10,6 g din care zaharuri 10,6 g [&#8230;]\n","protected":false},"featured_media":150278,"comment_status":"open","ping_status":"closed","template":"","meta":{"_acf_changed":false,"_seopress_robots_primary_cat":"none","_seopress_titles_title":"Coca cola Vanilie, coca cola cu aroma de vanilie,, coca cola vanilla","_seopress_titles_desc":"Cauti Coca cola vanilla, coca cola cu aroma de vanilie, coca cola olanda, coke vanilla? Cumpara acum coca cola vanilie cu livrare rapida.","_seopress_robots_index":""},"product_brand":[1814],"product_cat":[1354,1555,1767,3312],"giftcard-category":[],"class_list":{"0":"post-77698","1":"product","2":"type-product","3":"status-publish","4":"has-post-thumbnail","6":"product_brand-coca-cola","7":"product_cat-apa-plata-apa-minerala-sucuri","8":"product_cat-bacanie","9":"product_cat-produse-olanda","10":"product_cat-bauturi-racoritoare-produse-olanda","12":"first","13":"outofstock","14":"taxable","15":"shipping-taxable","16":"purchasable","17":"product-type-simple"},"acf":[],"_links":{"self":[{"href":"https:\/\/totalblue.ro\/de\/wp-json\/wp\/v2\/product\/77698","targetHints":{"allow":["GET"]}}],"collection":[{"href":"https:\/\/totalblue.ro\/de\/wp-json\/wp\/v2\/product"}],"about":[{"href":"https:\/\/totalblue.ro\/de\/wp-json\/wp\/v2\/types\/product"}],"replies":[{"embeddable":true,"href":"https:\/\/totalblue.ro\/de\/wp-json\/wp\/v2\/comments?post=77698"}],"wp:featuredmedia":[{"embeddable":true,"href":"https:\/\/totalblue.ro\/de\/wp-json\/wp\/v2\/media\/150278"}],"wp:attachment":[{"href":"https:\/\/totalblue.ro\/de\/wp-json\/wp\/v2\/media?parent=77698"}],"wp:term":[{"taxonomy":"product_brand","embeddable":true,"href":"https:\/\/totalblue.ro\/de\/wp-json\/wp\/v2\/product_brand?post=77698"},{"taxonomy":"product_cat","embeddable":true,"href":"https:\/\/totalblue.ro\/de\/wp-json\/wp\/v2\/product_cat?post=77698"},{"taxonomy":"giftcard-category","embeddable":true,"href":"https:\/\/totalblue.ro\/de\/wp-json\/wp\/v2\/giftcard-category?post=77698"}],"curies":[{"name":"wp","href":"https:\/\/api.w.org\/{rel}","templated":true}]}}