{"id":78053,"date":"2023-01-12T16:16:26","date_gmt":"2023-01-12T14:16:26","guid":{"rendered":"https:\/\/totalblue.ro\/?post_type=product&#038;p=78053"},"modified":"2025-08-01T10:27:50","modified_gmt":"2025-08-01T07:27:50","slug":"pachet-cereale-olvarit-8-cereale-12-luni-200g-x-4-pungi","status":"publish","type":"product","link":"https:\/\/totalblue.ro\/de\/produs\/pachet-cereale-olvarit-8-cereale-12-luni-200g-x-4-pungi\/","title":{"rendered":"Olvarit Cerealien Packung 8 Cerealien 12+ Monate, 200g x 4 Beutel"},"content":{"rendered":"<p>Cereale Olvarit 8 cereale +12 luni, fara lapte in compozitie, in forma instant.<br \/>\nOlvarit opt cereale consta din diferite cereale si prin urmare, este bogat \u00een fibre. Cerealele pure ofera copilului dumneavoastra nutrienti si energie pentru un inceput de zi ideal!<br \/>\nReich an Ballaststoffen.<br \/>\nPlin de ingrediente pure si naturale. Ideal la micul dejun pentru copilul tau !<br \/>\nBeschreibung: Babynahrung ohne Zuckerzusatz. Verpackt in einer gesch\u00fctzten Atmosph\u00e4re.<br \/>\nLagerung: Trocken lagern. Verzehrsdatum: siehe Verpackung.<br \/>\nHinweis! Nach dem \u00d6ffnen ist der Inhalt maximal 4 Wochen lagerf\u00e4hig.<\/p>\n<div id=\"tab-description\" class=\"woocommerce-Tabs-panel woocommerce-Tabs-panel--description panel entry-content active\" role=\"tabpanel\" aria-labelledby=\"tab-title-description\">\n<p><strong>Vorbereitung:<\/strong><br \/>\n1. 200 ml Milch\/Flasche auf eine warme Temperatur erw\u00e4rmen.<br \/>\n2. Gie\u00dfen Sie die Milch in die Flasche oder Sch\u00fcssel\/Teller.<br \/>\n3. Geben Sie 2-3 Essl\u00f6ffel (+\/- 10 g) Reismehl in die Flasche oder 6 Essl\u00f6ffel (+\/- 20 g) pro Teller.<br \/>\n4. Die Flasche sch\u00fctteln oder in der Sch\u00fcssel gut umr\u00fchren, um einen klumpenfreien Brei zu erhalten.<br \/>\nGenie\u00dfen Sie eine deftige Mahlzeit!<\/p>\n<p>Ingrediente: 94,999% Cereale (40% faina integrala de grau, 22,999% faina integrala de secara (GLUTEN), 20% faina de grau, 2% faina de ovaz integrala (GLUTEN), 2% faina de grau integral spelta*, 2% mei integral de grau faina, 2% faina de orez, 2% faina de hrisca, 2% faina de porumb) 5% miere, mononitrat de tiamina. De origine biologica.<br \/>\nAllergene: Enth\u00e4lt: Hafer, glutenhaltiges Getreide, Weizen.<br \/>\nN\u00e4hrwertangaben pro 100 g:<br \/>\nEnergie 1599 kJ (378 kcal)<br \/>\nFett 2,2 g<br \/>\ndavon ges\u00e4ttigtes Fett 0,3 g<br \/>\nCarbohidrati 72,6 g din care zaharuri 5,4 g<br \/>\nFibre alimentare 10,7 g<br \/>\nEiwei\u00df 11,5 g<br \/>\nSalz 0,01 g<br \/>\nVitamin B1 \/ Thiamin 0,88 mg<\/p>\n<\/div>\n<p>&nbsp;<\/p>\n<p><a href=\"https:\/\/totalblue.ro\/wp-content\/uploads\/2022\/02\/lactose-free.jpg\"><img loading=\"lazy\" decoding=\"async\" class=\"alignnone wp-image-43984\" src=\"https:\/\/totalblue.ro\/wp-content\/uploads\/2022\/02\/lactose-free.jpg\" alt=\"\" width=\"116\" height=\"114\" srcset=\"https:\/\/totalblue.ro\/wp-content\/uploads\/2022\/02\/lactose-free.jpg 232w, https:\/\/totalblue.ro\/wp-content\/uploads\/2022\/02\/lactose-free-100x98.jpg 100w\" sizes=\"auto, (max-width: 116px) 100vw, 116px\" \/><\/a><\/p>\n<p>Hersteller: Nutricia Nederland B.V.<br \/>\nantwoordnummer 10061 2700 VB Zoetermeer<br \/>\nEinf\u00fchrer und H\u00e4ndler Total Blue Impex SRL<\/p>","protected":false},"excerpt":{"rendered":"<p>Cereale Olvarit 8 cereale +12 luni, fara lapte in compozitie, in forma instant. Olvarit opt cereale consta din diferite cereale si prin urmare, este bogat \u00een fibre. Cerealele pure ofera copilului dumneavoastra nutrienti si energie pentru un inceput de zi ideal! Bogat in fibre. Plin de ingrediente pure si naturale. Ideal la micul dejun pentru [&#8230;]\n","protected":false},"featured_media":78055,"comment_status":"open","ping_status":"closed","template":"","meta":{"_acf_changed":false,"_seopress_robots_primary_cat":"1767","_seopress_titles_title":"","_seopress_titles_desc":"","_seopress_robots_index":""},"product_brand":[6175],"product_cat":[1984,1520,5677,1767],"giftcard-category":[],"class_list":{"0":"post-78053","1":"product","2":"type-product","3":"status-publish","4":"has-post-thumbnail","6":"product_brand-olvarit","7":"product_cat-hrana-bebelusi","8":"product_cat-mama-copilul","9":"product_cat-mancare-si-accesorii-bebe","10":"product_cat-produse-olanda","12":"first","13":"outofstock","14":"sale","15":"taxable","16":"shipping-taxable","17":"purchasable","18":"product-type-simple"},"acf":[],"_links":{"self":[{"href":"https:\/\/totalblue.ro\/de\/wp-json\/wp\/v2\/product\/78053","targetHints":{"allow":["GET"]}}],"collection":[{"href":"https:\/\/totalblue.ro\/de\/wp-json\/wp\/v2\/product"}],"about":[{"href":"https:\/\/totalblue.ro\/de\/wp-json\/wp\/v2\/types\/product"}],"replies":[{"embeddable":true,"href":"https:\/\/totalblue.ro\/de\/wp-json\/wp\/v2\/comments?post=78053"}],"wp:featuredmedia":[{"embeddable":true,"href":"https:\/\/totalblue.ro\/de\/wp-json\/wp\/v2\/media\/78055"}],"wp:attachment":[{"href":"https:\/\/totalblue.ro\/de\/wp-json\/wp\/v2\/media?parent=78053"}],"wp:term":[{"taxonomy":"product_brand","embeddable":true,"href":"https:\/\/totalblue.ro\/de\/wp-json\/wp\/v2\/product_brand?post=78053"},{"taxonomy":"product_cat","embeddable":true,"href":"https:\/\/totalblue.ro\/de\/wp-json\/wp\/v2\/product_cat?post=78053"},{"taxonomy":"giftcard-category","embeddable":true,"href":"https:\/\/totalblue.ro\/de\/wp-json\/wp\/v2\/giftcard-category?post=78053"}],"curies":[{"name":"wp","href":"https:\/\/api.w.org\/{rel}","templated":true}]}}