{"id":78559,"date":"2023-01-16T16:05:11","date_gmt":"2023-01-16T14:05:11","guid":{"rendered":"https:\/\/totalblue.ro\/?post_type=product&#038;p=78559"},"modified":"2025-08-01T10:27:24","modified_gmt":"2025-08-01T07:27:24","slug":"pachet-mancare-bio-alete-pui-morcov-cartofrosii-12-luni-250g-x-6-borcane","status":"publish","type":"product","link":"https:\/\/totalblue.ro\/de\/produs\/pachet-mancare-bio-alete-pui-morcov-cartofrosii-12-luni-250g-x-6-borcane\/","title":{"rendered":"Bio-Nahrungspaket Alete Huhn, Karotte, Kartoffel, Tomate, 12+ Monate, 250g x 6 Gl\u00e4ser"},"content":{"rendered":"<p>Fara zahar adaugat<br \/>\nFara sare adaugata<br \/>\nFara arome<br \/>\nGlutenfrei<br \/>\nMancare completa cu bucati mici \u2013 importanta pentru a invata sa mesteci<br \/>\nVersatil si variat \u2013 pentru noi experiente gustative<br \/>\nPentru si mai multa varietate in meniul bebelusului \u2013 adaptat optim nevoilor bebelusilor<\/p>\n<p>Mancarea Bio Alete cucarne de pui, morcov, cartof si rosii este adaptata optim nevoilor copiilor mici de la varsta de 12 luni.<br \/>\nBabynahrung hat einen Geschmack und eine Textur, die zur Geschmacksentwicklung beitragen.<br \/>\nEin leckerer Babysnack mit reinen und nat\u00fcrlichen Zutaten.<br \/>\nInhaltsstoff:<span class=\"Y2IQFc\" lang=\"ro\">apa, cartofi* 20,5%, morcovi* 20%, piure de rosii* 15,8%, pui* 8%, mazare* 3%, ceapa*, gris de orez*, amidon*, ulei de rapita*, ulei de floarea soarelui*, sare iodata , telina*. * din produc\u021bie ecologic\u0103.<br \/>\n<\/span>Verpackt in einem Glasgef\u00e4\u00df mit Klickdeckel.<br \/>\nDr\u00fccken Sie vor dem \u00d6ffnen auf den Deckel. Wenn es nicht einrastet, verwenden Sie den Inhalt nicht!<br \/>\nMod de preparare: Amestecati continutul si puneti cantitatea dorita pe o farfurie. Folositi o lingura de plastic pentru aceasta operatie.<br \/>\nDen restlichen Inhalt verschlossen im K\u00fchlschrank aufbewahren und innerhalb von 24 Stunden aufbrauchen.<br \/>\nIn der Mikrowelle etwa 30 Sekunden lang bei 600 W erhitzen.<br \/>\nNach dem Erhitzen nochmals gut umr\u00fchren und die Temperatur \u00fcberpr\u00fcfen.<br \/>\nReste nicht wiederverwenden.<br \/>\nN\u00e4hrwertangaben\/100g:<br \/>\nEnergie 292 kJ (69 kcal)<br \/>\nGrasimi 2.2 g din care grasimi saturate 0.5 g<br \/>\nGlucide 8.4 g din care zaharuri 2 g<br \/>\nProteine \u200b\u200b2.9 g<br \/>\nSare 0.05 g<\/p>","protected":false},"excerpt":{"rendered":"<p>Fara zahar adaugat Fara sare adaugata Fara arome Fara gluten Mancare completa cu bucati mici \u2013 importanta pentru a invata sa mesteci Versatil si variat \u2013 pentru noi experiente gustative Pentru si mai multa varietate in meniul bebelusului \u2013 adaptat optim nevoilor bebelusilor Mancarea Bio Alete cucarne de pui, morcov, cartof si rosii este adaptata [&#8230;]\n","protected":false},"featured_media":78561,"comment_status":"open","ping_status":"closed","template":"","meta":{"_acf_changed":false,"_seopress_robots_primary_cat":"1767","_seopress_titles_title":"","_seopress_titles_desc":"","_seopress_robots_index":""},"product_brand":[11779],"product_cat":[1984,1520,20200,5677,1950,1767],"giftcard-category":[],"class_list":{"0":"post-78559","1":"product","2":"type-product","3":"status-publish","4":"has-post-thumbnail","6":"product_brand-alete","7":"product_cat-hrana-bebelusi","8":"product_cat-mama-copilul","9":"product_cat-mancare-bebe","10":"product_cat-mancare-si-accesorii-bebe","11":"product_cat-produse-germania","12":"product_cat-produse-olanda","14":"first","15":"outofstock","16":"sale","17":"taxable","18":"shipping-taxable","19":"purchasable","20":"product-type-simple"},"acf":[],"_links":{"self":[{"href":"https:\/\/totalblue.ro\/de\/wp-json\/wp\/v2\/product\/78559","targetHints":{"allow":["GET"]}}],"collection":[{"href":"https:\/\/totalblue.ro\/de\/wp-json\/wp\/v2\/product"}],"about":[{"href":"https:\/\/totalblue.ro\/de\/wp-json\/wp\/v2\/types\/product"}],"replies":[{"embeddable":true,"href":"https:\/\/totalblue.ro\/de\/wp-json\/wp\/v2\/comments?post=78559"}],"wp:featuredmedia":[{"embeddable":true,"href":"https:\/\/totalblue.ro\/de\/wp-json\/wp\/v2\/media\/78561"}],"wp:attachment":[{"href":"https:\/\/totalblue.ro\/de\/wp-json\/wp\/v2\/media?parent=78559"}],"wp:term":[{"taxonomy":"product_brand","embeddable":true,"href":"https:\/\/totalblue.ro\/de\/wp-json\/wp\/v2\/product_brand?post=78559"},{"taxonomy":"product_cat","embeddable":true,"href":"https:\/\/totalblue.ro\/de\/wp-json\/wp\/v2\/product_cat?post=78559"},{"taxonomy":"giftcard-category","embeddable":true,"href":"https:\/\/totalblue.ro\/de\/wp-json\/wp\/v2\/giftcard-category?post=78559"}],"curies":[{"name":"wp","href":"https:\/\/api.w.org\/{rel}","templated":true}]}}