{"id":78914,"date":"2023-01-18T11:42:50","date_gmt":"2023-01-18T09:42:50","guid":{"rendered":"https:\/\/totalblue.ro\/?post_type=product&#038;p=78914"},"modified":"2026-02-10T11:41:00","modified_gmt":"2026-02-10T09:41:00","slug":"heinz-paket-bohnen-in-tomatensauce-415g-x-6-dosen","status":"publish","type":"product","link":"https:\/\/totalblue.ro\/de\/produs\/pachet-heinz-fasole-boabe-in-sos-tomate-415g-x-6-conserve\/","title":{"rendered":"Heinz Packung Bohnen in Tomatensauce 415g x 6 Dosen"},"content":{"rendered":"<p><strong>Inhaltsstoff: <\/strong>Bohnen (51%), Tomaten (34%), Wasser, Zucker, modifizierte Maisst\u00e4rke, Essig, Salz, Gew\u00fcrzextrakte, Kr\u00e4uterextrakte.<br \/>\n<strong>Wie man sich vorbereitet:<\/strong> Den Inhalt in einen Kochtopf geben und bei schwacher Hitze vorsichtig umr\u00fchren. Mikrowelle (850 W): Den Inhalt in einen mikrowellengeeigneten Beh\u00e4lter f\u00fcllen und 2 1\/2 Minuten lang erhitzen.<br \/>\nDas Produkt darf nicht gekocht werden!<br \/>\nVegetarisches Produkt.<br \/>\nGlutenfrei.<br \/>\nVorzugsweise vor dem Ende des auf der Verpackung angegebenen Monats zu verbrauchen.<br \/>\n<strong>N\u00e4hrwertangaben pro 100 g:<\/strong><br \/>\nFett 0,2 g\/100 g<br \/>\nEnergiewert 78 kcal\/100 g<br \/>\nKohlenhydrate 12,5 g\/100 g<br \/>\nBallaststoffe 3,7 g\/100 g<br \/>\nNatrium 0,6 g\/100 g<br \/>\nEiwei\u00df 4,7 g\/100 g<\/p>","protected":false},"excerpt":{"rendered":"<p>Ingrediente: Fasole (51%), rosii (34%), apa, zahar, amidon de porumb modificat, otet, sare, extracte din condimente, extract din plante aromate. Mod de pregatire: Turnati continutul intr-o cratita si amestecati delicat la foc mic. Microunde (850W): turnati continutul intr-un recipient pentru microunde si incalziti 2 1\/2 minute. Nu gatiti produsul! Produs vegetarian. Nu contine gluten. A [&#8230;]\n","protected":false},"featured_media":78918,"comment_status":"open","ping_status":"closed","template":"","meta":{"_acf_changed":false,"_seopress_robots_primary_cat":"none","_seopress_titles_title":"","_seopress_titles_desc":"","_seopress_robots_index":""},"product_brand":[1851],"product_cat":[1555,1683,3272,1767],"giftcard-category":[],"class_list":{"0":"post-78914","1":"product","2":"type-product","3":"status-publish","4":"has-post-thumbnail","6":"product_brand-heinz","7":"product_cat-bacanie","8":"product_cat-conserve-mancare-gatita","9":"product_cat-conserve","10":"product_cat-produse-olanda","12":"first","13":"instock","14":"sale","15":"taxable","16":"shipping-taxable","17":"purchasable","18":"product-type-simple"},"acf":[],"_links":{"self":[{"href":"https:\/\/totalblue.ro\/de\/wp-json\/wp\/v2\/product\/78914","targetHints":{"allow":["GET"]}}],"collection":[{"href":"https:\/\/totalblue.ro\/de\/wp-json\/wp\/v2\/product"}],"about":[{"href":"https:\/\/totalblue.ro\/de\/wp-json\/wp\/v2\/types\/product"}],"replies":[{"embeddable":true,"href":"https:\/\/totalblue.ro\/de\/wp-json\/wp\/v2\/comments?post=78914"}],"wp:featuredmedia":[{"embeddable":true,"href":"https:\/\/totalblue.ro\/de\/wp-json\/wp\/v2\/media\/78918"}],"wp:attachment":[{"href":"https:\/\/totalblue.ro\/de\/wp-json\/wp\/v2\/media?parent=78914"}],"wp:term":[{"taxonomy":"product_brand","embeddable":true,"href":"https:\/\/totalblue.ro\/de\/wp-json\/wp\/v2\/product_brand?post=78914"},{"taxonomy":"product_cat","embeddable":true,"href":"https:\/\/totalblue.ro\/de\/wp-json\/wp\/v2\/product_cat?post=78914"},{"taxonomy":"giftcard-category","embeddable":true,"href":"https:\/\/totalblue.ro\/de\/wp-json\/wp\/v2\/giftcard-category?post=78914"}],"curies":[{"name":"wp","href":"https:\/\/api.w.org\/{rel}","templated":true}]}}