{"id":84269,"date":"2023-03-07T10:38:18","date_gmt":"2023-03-07T08:38:18","guid":{"rendered":"https:\/\/totalblue.ro\/?post_type=product&#038;p=84269"},"modified":"2024-04-04T15:15:03","modified_gmt":"2024-04-04T12:15:03","slug":"oops-strumfi-oops-krippenwagen-30-cm","status":"publish","type":"product","link":"https:\/\/totalblue.ro\/de\/produs\/troler-gradinita-strumfi-oops-30-cm\/","title":{"rendered":"Schulwagen Strumfi Oops 30 cm"},"content":{"rendered":"<p class=\"tw-data-text tw-text-large tw-ta\" dir=\"ltr\" data-placeholder=\"Traducere\">Der Trolley-Schulranzen f\u00fcr den Kindergarten mit Schlumpfi hat zwei F\u00e4cher, verstellbare Schultergurte und einen Handriemen.<br \/>\nDer Rucksack hat einen s\u00fc\u00dfen Schlumpfi-Aufdruck.<br \/>\nEr wurde f\u00fcr Kinderg\u00e4rten entwickelt und verf\u00fcgt \u00fcber 2 F\u00e4cher, die eine Vielzahl von Gegenst\u00e4nden aufnehmen k\u00f6nnen, die Vorschulkinder ben\u00f6tigen, sowie 2 Seitentaschen f\u00fcr Wasserflaschen.<br \/>\nSie l\u00e4sst sich leicht mit einem Rei\u00dfverschluss schlie\u00dfen.<br \/>\nUm die richtige Haltung beim Tragen zu bewahren, ist er mit verstellbaren Tr\u00e4gern ausgestattet.<br \/>\nMaterial: Polyester.<br \/>\nAbmessungen: 30x25x15 cm.<\/p>","protected":false},"excerpt":{"rendered":"<p><span class=\"goog-text-highlight\">Der Kindergarten-Trolley-Rucksack mit Marshall hat zwei F\u00e4cher, verstellbare Schultergurte und einen Handriemen.<\/span><\/p>","protected":false},"featured_media":97102,"comment_status":"open","ping_status":"closed","template":"","meta":{"_acf_changed":false,"_seopress_robots_primary_cat":"none","_seopress_titles_title":"","_seopress_titles_desc":"Ghiozdanul cu troler pentru gradinita cu Strumfi are doua compartimente, bretele ajustabile si bareta de mana.","_seopress_robots_index":""},"product_brand":[],"product_cat":[11519],"giftcard-category":[],"class_list":{"0":"post-84269","1":"product","2":"type-product","3":"status-publish","4":"has-post-thumbnail","6":"product_cat-rechizite","8":"first","9":"instock","10":"taxable","11":"shipping-taxable","12":"purchasable","13":"product-type-simple"},"acf":[],"_links":{"self":[{"href":"https:\/\/totalblue.ro\/de\/wp-json\/wp\/v2\/product\/84269","targetHints":{"allow":["GET"]}}],"collection":[{"href":"https:\/\/totalblue.ro\/de\/wp-json\/wp\/v2\/product"}],"about":[{"href":"https:\/\/totalblue.ro\/de\/wp-json\/wp\/v2\/types\/product"}],"replies":[{"embeddable":true,"href":"https:\/\/totalblue.ro\/de\/wp-json\/wp\/v2\/comments?post=84269"}],"wp:featuredmedia":[{"embeddable":true,"href":"https:\/\/totalblue.ro\/de\/wp-json\/wp\/v2\/media\/97102"}],"wp:attachment":[{"href":"https:\/\/totalblue.ro\/de\/wp-json\/wp\/v2\/media?parent=84269"}],"wp:term":[{"taxonomy":"product_brand","embeddable":true,"href":"https:\/\/totalblue.ro\/de\/wp-json\/wp\/v2\/product_brand?post=84269"},{"taxonomy":"product_cat","embeddable":true,"href":"https:\/\/totalblue.ro\/de\/wp-json\/wp\/v2\/product_cat?post=84269"},{"taxonomy":"giftcard-category","embeddable":true,"href":"https:\/\/totalblue.ro\/de\/wp-json\/wp\/v2\/giftcard-category?post=84269"}],"curies":[{"name":"wp","href":"https:\/\/api.w.org\/{rel}","templated":true}]}}