{"id":84273,"date":"2023-03-07T10:43:36","date_gmt":"2023-03-07T08:43:36","guid":{"rendered":"https:\/\/totalblue.ro\/?post_type=product&#038;p=84273"},"modified":"2023-09-19T15:54:15","modified_gmt":"2023-09-19T12:54:15","slug":"troler-gradinita-paw-patrol-marshall-30-cm","status":"publish","type":"product","link":"https:\/\/totalblue.ro\/de\/produs\/troler-gradinita-paw-patrol-marshall-30-cm\/","title":{"rendered":"Paw Patrol Marshall Kindergartenwagen 30 cm"},"content":{"rendered":"<p>Der Kindergarten-Trolley-Rucksack mit Marshall hat zwei F\u00e4cher, verstellbare Schultergurte und einen Handriemen.<br \/>\nGhiozdanul are imprimeu simpatic cu Marshall din Patrula Catelusilor..<br \/>\nEr wurde f\u00fcr Kinderg\u00e4rten entwickelt und verf\u00fcgt \u00fcber 2 F\u00e4cher, die eine Vielzahl von Gegenst\u00e4nden aufnehmen k\u00f6nnen, die Vorschulkinder ben\u00f6tigen, sowie 2 Seitentaschen f\u00fcr Wasserflaschen.<br \/>\nSie l\u00e4sst sich leicht mit einem Rei\u00dfverschluss schlie\u00dfen.<br \/>\nUm die richtige Haltung beim Tragen zu bewahren, ist er mit verstellbaren Tr\u00e4gern ausgestattet.<br \/>\nMaterial: Polyester.<br \/>\nAbmessungen: 30x25x15 cm.<\/p>","protected":false},"excerpt":{"rendered":"<p><span class=\"goog-text-highlight\">Der Kindergarten-Trolley-Rucksack mit Marshall hat zwei F\u00e4cher, verstellbare Schultergurte und einen Handriemen.<\/span><\/p>","protected":false},"featured_media":97107,"comment_status":"open","ping_status":"closed","template":"","meta":{"_acf_changed":false,"_seopress_robots_primary_cat":"none","_seopress_titles_title":"","_seopress_titles_desc":"Ghiozdanul cu troler pentru gradinita cu Marshall are doua compartimente, bretele ajustabile si bareta de mana.","_seopress_robots_index":""},"product_brand":[],"product_cat":[11519],"giftcard-category":[],"class_list":{"0":"post-84273","1":"product","2":"type-product","3":"status-publish","4":"has-post-thumbnail","6":"product_cat-rechizite","8":"first","9":"instock","10":"taxable","11":"shipping-taxable","12":"purchasable","13":"product-type-simple"},"acf":[],"_links":{"self":[{"href":"https:\/\/totalblue.ro\/de\/wp-json\/wp\/v2\/product\/84273","targetHints":{"allow":["GET"]}}],"collection":[{"href":"https:\/\/totalblue.ro\/de\/wp-json\/wp\/v2\/product"}],"about":[{"href":"https:\/\/totalblue.ro\/de\/wp-json\/wp\/v2\/types\/product"}],"replies":[{"embeddable":true,"href":"https:\/\/totalblue.ro\/de\/wp-json\/wp\/v2\/comments?post=84273"}],"wp:featuredmedia":[{"embeddable":true,"href":"https:\/\/totalblue.ro\/de\/wp-json\/wp\/v2\/media\/97107"}],"wp:attachment":[{"href":"https:\/\/totalblue.ro\/de\/wp-json\/wp\/v2\/media?parent=84273"}],"wp:term":[{"taxonomy":"product_brand","embeddable":true,"href":"https:\/\/totalblue.ro\/de\/wp-json\/wp\/v2\/product_brand?post=84273"},{"taxonomy":"product_cat","embeddable":true,"href":"https:\/\/totalblue.ro\/de\/wp-json\/wp\/v2\/product_cat?post=84273"},{"taxonomy":"giftcard-category","embeddable":true,"href":"https:\/\/totalblue.ro\/de\/wp-json\/wp\/v2\/giftcard-category?post=84273"}],"curies":[{"name":"wp","href":"https:\/\/api.w.org\/{rel}","templated":true}]}}