{"id":86734,"date":"2023-03-29T09:22:20","date_gmt":"2023-03-29T06:22:20","guid":{"rendered":"https:\/\/totalblue.ro\/?post_type=product&#038;p=86734"},"modified":"2025-06-23T11:40:30","modified_gmt":"2025-06-23T08:40:30","slug":"ketchup-curry-original-hela-300-ml-ketchup-hollandaise","status":"publish","type":"product","link":"https:\/\/totalblue.ro\/de\/produs\/ketchup-curry-original-hela-300-ml-ketchup-olanda\/","title":{"rendered":"Ketchup Curry Original Hela Ketchup 300 ml, Ketchup Holland"},"content":{"rendered":"<p><strong>Empfehlungen:<\/strong> Ideal f\u00fcr Chips, Pommes frites und Snacks, hei\u00dfe Sandwiches oder normale Sandwiches<strong>.<br \/>\n<\/strong>Er kann als So\u00dfe f\u00fcr verschiedene Fleischsorten und Gerichte verwendet werden.<strong><br \/>\nIngredienzien:<\/strong> Tomatensaft, Zucker, Dextrose, Salz, Curry (Senfmehl, Pfeffer, Paprika, Chili, Nelken, Gew\u00fcrze), Essig, modifizierte Maisst\u00e4rke, Lebensmittels\u00e4ure (Zitronens\u00e4ure), Verdickungsmittel (Guarkernmehl, Akaziengummi), Kr\u00e4uter (u.a. Sellerie), S\u00e4ureregulator (Natriumlaktat), Geschmacksverst\u00e4rker (Mononatriumglutamat).<br \/>\n<strong>Vegane Produkte<br \/>\n<\/strong>Glutenfrei<br \/>\nEnth\u00e4lt keine Laktose<br \/>\n<strong>Allergene:<\/strong> Sellerie, Senf, Glutamat, Mais<br \/>\n<strong>Lagerungsbedingungen:<\/strong> Nach dem \u00d6ffnen im K\u00fchlschrank aufbewahren (&lt;7\u00b0C).<br \/>\n<strong>N\u00e4hrwertangaben \/ 100g:<br \/>\n<\/strong>Energie 573 kJ (135 kcal)<br \/>\nFett 0,3 g, davon ges\u00e4ttigtes Fett 0 g<br \/>\nKohlenhydrate 31,5 g, davon Zucker 29 g<br \/>\nEiwei\u00df 0,8 g<br \/>\nSalz 2 g<\/p>\n<p>Hergestellt in den Niederlanden von Hela Thissen B.V. Postbus 722, 5900 AS Venlo (NL)<br \/>\nEinf\u00fchrer und H\u00e4ndler Total Blue Impex SRL<\/p>\n<p>&nbsp;<\/p>\n<p><strong>\u00a0<\/strong><\/p>","protected":false},"excerpt":{"rendered":"<p>&nbsp;<\/p>\n<div id=\"simple-translate\" class=\"simple-translate-light-theme\">\n<div>\n<div class=\"simple-translate-button isShow\" style=\"height: 22px;width: 22px\"><\/div>\n<div class=\"simple-translate-panel\" style=\"width: 300px;height: 200px;font-size: 13px\">\n<div class=\"simple-translate-result-wrapper\" style=\"overflow: hidden\">\n<div class=\"simple-translate-move\"><\/div>\n<div class=\"simple-translate-result-contents\">\n<p class=\"simple-translate-candidate\" dir=\"auto\">\n<\/div>\n<\/div>\n<\/div>\n<\/div>\n<\/div>","protected":false},"featured_media":86738,"comment_status":"open","ping_status":"closed","template":"","meta":{"_acf_changed":false,"_seopress_robots_primary_cat":"none","_seopress_titles_title":"","_seopress_titles_desc":"Comanda online Kruiden Ketchup Curry Original. Magazin online cu produse ieftine Olanda : Kruiden Ketchup Curry Original 800 ml","_seopress_robots_index":""},"product_brand":[2003],"product_cat":[1555,3280,3380,1950,1767],"giftcard-category":[],"class_list":{"0":"post-86734","1":"product","2":"type-product","3":"status-publish","4":"has-post-thumbnail","6":"product_brand-hela","7":"product_cat-bacanie","8":"product_cat-condimente-sosuri","9":"product_cat-condimente-sosuri-produse-germania","10":"product_cat-produse-germania","11":"product_cat-produse-olanda","13":"first","14":"outofstock","15":"taxable","16":"shipping-taxable","17":"purchasable","18":"product-type-simple"},"acf":[],"_links":{"self":[{"href":"https:\/\/totalblue.ro\/de\/wp-json\/wp\/v2\/product\/86734","targetHints":{"allow":["GET"]}}],"collection":[{"href":"https:\/\/totalblue.ro\/de\/wp-json\/wp\/v2\/product"}],"about":[{"href":"https:\/\/totalblue.ro\/de\/wp-json\/wp\/v2\/types\/product"}],"replies":[{"embeddable":true,"href":"https:\/\/totalblue.ro\/de\/wp-json\/wp\/v2\/comments?post=86734"}],"wp:featuredmedia":[{"embeddable":true,"href":"https:\/\/totalblue.ro\/de\/wp-json\/wp\/v2\/media\/86738"}],"wp:attachment":[{"href":"https:\/\/totalblue.ro\/de\/wp-json\/wp\/v2\/media?parent=86734"}],"wp:term":[{"taxonomy":"product_brand","embeddable":true,"href":"https:\/\/totalblue.ro\/de\/wp-json\/wp\/v2\/product_brand?post=86734"},{"taxonomy":"product_cat","embeddable":true,"href":"https:\/\/totalblue.ro\/de\/wp-json\/wp\/v2\/product_cat?post=86734"},{"taxonomy":"giftcard-category","embeddable":true,"href":"https:\/\/totalblue.ro\/de\/wp-json\/wp\/v2\/giftcard-category?post=86734"}],"curies":[{"name":"wp","href":"https:\/\/api.w.org\/{rel}","templated":true}]}}