{"id":87024,"date":"2023-03-30T16:09:57","date_gmt":"2023-03-30T13:09:57","guid":{"rendered":"https:\/\/totalblue.ro\/?post_type=product&#038;p=87024"},"modified":"2026-01-15T11:00:15","modified_gmt":"2026-01-15T09:00:15","slug":"mustar-dijon-kuhne-extra-picant-185","status":"publish","type":"product","link":"https:\/\/totalblue.ro\/de\/produs\/mustar-dijon-kuhne-extra-picant-185\/","title":{"rendered":"K\u00fchne Dijon mustar extra picant 185 g"},"content":{"rendered":"<p>Acest mustar extra picant ofera fiecarui fel de mancare un accent picant placut.<br \/>\nCondimentul perfect<br \/>\nDelicios cu un bloc de branza<br \/>\nDescriere: Mustar Dijon<br \/>\nInformatii suplimentare<br \/>\nMustarul ramane condimentul pentru multe feluri de mancare, sosuri si sosuri diferite<br \/>\nContinut si greutate 185 grame<br \/>\nIngrediente: Apa, seminte de mustar, otet natural, sare, antioxidant: metabisulfit de potasiu, regulator de aciditate: acid citric.<br \/>\nAlergeni: contine mustar.<br \/>\nN\u00e4hrwertangaben pro 100g:<br \/>\nAceste valori se aplica produsului nepreparat<br \/>\nEnergie 646 kJ (156 kcal)<br \/>\nGrasimi 12 g din care grasimi saturate 0,8 g<br \/>\nCarbohidra\u021bi 3,2 g din care zaharuri 2,7 g<br \/>\nFibre alimentare 2,1 g<br \/>\nProteine \u200b\u200b7,2 g<br \/>\nSare 6,5 g<br \/>\nDepozitare: A se pastreaza la rece (max 7\u00b0C). Produs perisabil dupa deschidere. A se feri de razele soarelui.<br \/>\nVor dem Verzehr: siehe Verpackung.<br \/>\nFabricat de Carl K\u00fchne, K\u00fchneh\u00f6fe 11, 22761 Hamburg, Germany<br \/>\nEinf\u00fchrer und H\u00e4ndler Total Blue Impex SRL<\/p>","protected":false},"excerpt":{"rendered":"<p>Acest mustar extra picant ofera fiecarui fel de mancare un accent picant placut. Condimentul perfect Delicios cu un bloc de branza Descriere: Mustar Dijon Informatii suplimentare Mustarul ramane condimentul pentru multe feluri de mancare, sosuri si sosuri diferite Continut si greutate 185 grame Ingrediente: Apa, seminte de mustar, otet natural, sare, antioxidant: metabisulfit de potasiu, [&#8230;]\n","protected":false},"featured_media":107066,"comment_status":"open","ping_status":"closed","template":"","meta":{"_acf_changed":false,"_seopress_robots_primary_cat":"none","_seopress_titles_title":"","_seopress_titles_desc":"","_seopress_robots_index":""},"product_brand":[2002],"product_cat":[1555,1451,3280,1767],"giftcard-category":[],"class_list":{"0":"post-87024","1":"product","2":"type-product","3":"status-publish","4":"has-post-thumbnail","6":"product_brand-kuhne","7":"product_cat-bacanie","8":"product_cat-condimente-produse-instant","9":"product_cat-condimente-sosuri","10":"product_cat-produse-olanda","12":"first","13":"outofstock","14":"taxable","15":"shipping-taxable","16":"purchasable","17":"product-type-simple"},"acf":[],"_links":{"self":[{"href":"https:\/\/totalblue.ro\/de\/wp-json\/wp\/v2\/product\/87024","targetHints":{"allow":["GET"]}}],"collection":[{"href":"https:\/\/totalblue.ro\/de\/wp-json\/wp\/v2\/product"}],"about":[{"href":"https:\/\/totalblue.ro\/de\/wp-json\/wp\/v2\/types\/product"}],"replies":[{"embeddable":true,"href":"https:\/\/totalblue.ro\/de\/wp-json\/wp\/v2\/comments?post=87024"}],"wp:featuredmedia":[{"embeddable":true,"href":"https:\/\/totalblue.ro\/de\/wp-json\/wp\/v2\/media\/107066"}],"wp:attachment":[{"href":"https:\/\/totalblue.ro\/de\/wp-json\/wp\/v2\/media?parent=87024"}],"wp:term":[{"taxonomy":"product_brand","embeddable":true,"href":"https:\/\/totalblue.ro\/de\/wp-json\/wp\/v2\/product_brand?post=87024"},{"taxonomy":"product_cat","embeddable":true,"href":"https:\/\/totalblue.ro\/de\/wp-json\/wp\/v2\/product_cat?post=87024"},{"taxonomy":"giftcard-category","embeddable":true,"href":"https:\/\/totalblue.ro\/de\/wp-json\/wp\/v2\/giftcard-category?post=87024"}],"curies":[{"name":"wp","href":"https:\/\/api.w.org\/{rel}","templated":true}]}}