{"id":87139,"date":"2023-03-31T11:07:43","date_gmt":"2023-03-31T08:07:43","guid":{"rendered":"https:\/\/totalblue.ro\/?post_type=product&#038;p=87139"},"modified":"2025-12-15T17:40:56","modified_gmt":"2025-12-15T15:40:56","slug":"brombeere-gackie-gehaktbal-20-stuks-x-125g-25kg","status":"publish","type":"product","link":"https:\/\/totalblue.ro\/de\/produs\/mora-boulette-gackie-gehaktbal-20-stuks-x-125g-25kg\/","title":{"rendered":"Mora Boulette G'ackie Gehaktbal 20 St\u00e4bchen x 125g (2,5kg)"},"content":{"rendered":"<p>Inhaltsstoff : <span class=\"HwtZe\" lang=\"ro\"><span class=\"jCAhz ChMk0b\"><span class=\"ryNqvb\">Schweinefleisch 57% (davon mechanisch abgetrenntes Schweinefleisch 11%), Wasser, Schweinefett, Rindfleisch 6%, Paniermehl (Weizenmehl, Wasser, Hefe, Salz), Pflanzen\u00f6l (Raps), Zwiebel, Salz, Kr\u00e4uter und Gew\u00fcrze, Sojaprotein, modifizierte St\u00e4rke, Emulgatoren: E450, E452, Geschmacksverst\u00e4rker: E621, E627, E631, Hefeextrakt, Aroma (Soja, Weizen), Weizeneiwei\u00dfhydrolysat, Antioxidationsmittel: Rosmarinextrakt, Rindfleischprotein, Farbstoff: Karamell, E150c, St\u00e4rke, Glukose Die E-Nummern sind EU-zugelassene Hilfsstoffe.<\/span><\/span> <span class=\"jCAhz ChMk0b\"><span class=\"ryNqvb\">Mutige Zutaten k\u00f6nnen bei Menschen, die \u00fcberempfindlich auf sie reagieren, eine allergische Reaktion hervorrufen.<\/span><\/span><\/span><\/p>\n<p>N\u00e4hrwertangaben\/100g:<br \/>\nEnergie 1321 kJ \/ 319 Kcal<br \/>\nFett 27 g, davon ges\u00e4ttigte Fetts\u00e4uren 9,3 g<br \/>\nKohlenhydrate 3,9 g, davon Zucker 1,6 g<br \/>\nBallaststoffe 2,2 g<br \/>\nEiwei\u00df 14 g<br \/>\nSalz 2,1 g<br \/>\n<span class=\"HwtZe\" lang=\"ro\"><span class=\"jCAhz ChMk0b\"><span class=\"ryNqvb\">Backen im Ofen <\/span><\/span><span class=\"jCAhz ChMk0b\"><span class=\"ryNqvb\">Backofen\/Grill (250\u00b0C). <\/span><\/span><span class=\"jCAhz ChMk0b\"><span class=\"ryNqvb\">Backzeiten: aufgetaut \u00b1 14 Minuten, eingefroren \u00b1 18 Minuten. <\/span><\/span><span class=\"jCAhz ChMk0b\"><span class=\"ryNqvb\">Kommen Sie regelm\u00e4\u00dfig wieder. <\/span><\/span><span class=\"jCAhz ChMk0b\"><span class=\"ryNqvb\">\u00dcberschreiten Sie nicht die maximale Garzeit und Backtemperatur. <\/span><\/span><span class=\"jCAhz ChMk0b\"><span class=\"ryNqvb\">Braten <\/span><\/span><span class=\"jCAhz ChMk0b\"><span class=\"ryNqvb\">Frittieren: Erhitzen Sie das Fett oder \u00d6l auf 175\u00b0C. <\/span><\/span><span class=\"jCAhz ChMk0b\"><span class=\"ryNqvb\">Backzeit: aufgetaut \u00b1 6 Minuten. <\/span><\/span><span class=\"jCAhz ChMk0b\"><span class=\"ryNqvb\">\u00dcberschreiten Sie nicht die maximale Garzeit und Backtemperatur.<\/span><\/span><\/span><\/p>","protected":false},"excerpt":{"rendered":"<p><span data-text-color=\"alert\"><strong>WARNUNG! GEFRORENES PRODUKT! WARNUNG! GEFRORENES PRODUKT!<\/strong><\/span><\/p>","protected":false},"featured_media":87141,"comment_status":"open","ping_status":"closed","template":"","meta":{"_acf_changed":false,"_seopress_robots_primary_cat":"none","_seopress_titles_title":"","_seopress_titles_desc":"","_seopress_robots_index":""},"product_brand":[2024],"product_cat":[1555,2050,3256,1767,1954],"giftcard-category":[],"class_list":{"0":"post-87139","1":"product","2":"type-product","3":"status-publish","4":"has-post-thumbnail","6":"product_brand-mora","7":"product_cat-bacanie","8":"product_cat-produse-congelate","9":"product_cat-produse-congelate-produse-olanda","10":"product_cat-produse-olanda","11":"product_cat-semipreparate","12":"product_shipping_class-frozen-products","14":"first","15":"outofstock","16":"taxable","17":"shipping-taxable","18":"purchasable","19":"product-type-simple"},"acf":[],"_links":{"self":[{"href":"https:\/\/totalblue.ro\/de\/wp-json\/wp\/v2\/product\/87139","targetHints":{"allow":["GET"]}}],"collection":[{"href":"https:\/\/totalblue.ro\/de\/wp-json\/wp\/v2\/product"}],"about":[{"href":"https:\/\/totalblue.ro\/de\/wp-json\/wp\/v2\/types\/product"}],"replies":[{"embeddable":true,"href":"https:\/\/totalblue.ro\/de\/wp-json\/wp\/v2\/comments?post=87139"}],"wp:featuredmedia":[{"embeddable":true,"href":"https:\/\/totalblue.ro\/de\/wp-json\/wp\/v2\/media\/87141"}],"wp:attachment":[{"href":"https:\/\/totalblue.ro\/de\/wp-json\/wp\/v2\/media?parent=87139"}],"wp:term":[{"taxonomy":"product_brand","embeddable":true,"href":"https:\/\/totalblue.ro\/de\/wp-json\/wp\/v2\/product_brand?post=87139"},{"taxonomy":"product_cat","embeddable":true,"href":"https:\/\/totalblue.ro\/de\/wp-json\/wp\/v2\/product_cat?post=87139"},{"taxonomy":"giftcard-category","embeddable":true,"href":"https:\/\/totalblue.ro\/de\/wp-json\/wp\/v2\/giftcard-category?post=87139"}],"curies":[{"name":"wp","href":"https:\/\/api.w.org\/{rel}","templated":true}]}}