{"id":87748,"date":"2023-04-11T09:21:23","date_gmt":"2023-04-11T06:21:23","guid":{"rendered":"https:\/\/totalblue.ro\/?post_type=product&#038;p=87748"},"modified":"2025-11-12T09:14:08","modified_gmt":"2025-11-12T07:14:08","slug":"ursus-bere-blonda-fara-alcool-330-ml-sticla","status":"publish","type":"product","link":"https:\/\/totalblue.ro\/de\/produs\/ursus-bere-blonda-fara-alcool-330-ml-sticla\/","title":{"rendered":"Ursus Alcohol Free Pale Ale %, 330 ml, Flasche"},"content":{"rendered":"<p>Un lager adevarat, facut din malt 100% pentru cei care iubesc gustul berii. Caracterul berii este dat de hameiul superaromatic si drojdia din compozitie.Din fermentatia acesteia se stabileste si echilibrul intre dulceata, astrigenta si amareala. Toate aceste caracteristici sunt completate de culoarea aurie puternica.<br \/>\nBere blonda fara alcool, pasteurizata, de calitate superioara.<br \/>\nZutaten: Wasser, Gerstenmalz, Hopfen.<br \/>\nN\u00e4hrwertangaben pro 100 ml:<br \/>\nGrasimi 0 g<br \/>\nValoare energetica 30 kcal<br \/>\nGlucide 4,2 g<br \/>\nBallaststoffe 0 g<br \/>\nSodiu 0 g<br \/>\nProteine 0.3 g<br \/>\nProcent de alcool: 0%<br \/>\nJuristische L\u00fcgen: Alkohol schadet Ihrer Gesundheit. Trinken Sie in Ma\u00dfen. Der Verkauf an unter 18-J\u00e4hrige ist verboten. www.desprealcool.ro<br \/>\n<a href=\"https:\/\/totalblue.ro\/wp-content\/uploads\/2021\/04\/under-18.jpg\"><img loading=\"lazy\" decoding=\"async\" class=\"alignnone wp-image-30757\" src=\"https:\/\/totalblue.ro\/wp-content\/uploads\/2021\/04\/under-18-400x400.jpg\" alt=\"\" width=\"96\" height=\"96\" srcset=\"https:\/\/totalblue.ro\/wp-content\/uploads\/2021\/04\/under-18-400x400.jpg 400w, https:\/\/totalblue.ro\/wp-content\/uploads\/2021\/04\/under-18-100x100.jpg 100w, https:\/\/totalblue.ro\/wp-content\/uploads\/2021\/04\/under-18-510x510.jpg 510w, https:\/\/totalblue.ro\/wp-content\/uploads\/2021\/04\/under-18-280x280.jpg 280w, https:\/\/totalblue.ro\/wp-content\/uploads\/2021\/04\/under-18.jpg 600w\" sizes=\"auto, (max-width: 96px) 100vw, 96px\" \/><\/a><a href=\"https:\/\/totalblue.ro\/wp-content\/uploads\/2021\/06\/drink-drive.jpg\"><img loading=\"lazy\" decoding=\"async\" class=\"alignnone wp-image-30761\" src=\"https:\/\/totalblue.ro\/wp-content\/uploads\/2021\/06\/drink-drive.jpg\" alt=\"\" width=\"98\" height=\"96\" srcset=\"https:\/\/totalblue.ro\/wp-content\/uploads\/2021\/06\/drink-drive.jpg 344w, https:\/\/totalblue.ro\/wp-content\/uploads\/2021\/06\/drink-drive-100x98.jpg 100w\" sizes=\"auto, (max-width: 98px) 100vw, 98px\" \/><\/a><a href=\"https:\/\/totalblue.ro\/wp-content\/uploads\/2021\/06\/bere-gravide02.jpg\"><img loading=\"lazy\" decoding=\"async\" class=\"alignnone wp-image-30771\" src=\"https:\/\/totalblue.ro\/wp-content\/uploads\/2021\/06\/bere-gravide02-403x400.jpg\" alt=\"\" width=\"101\" height=\"100\" srcset=\"https:\/\/totalblue.ro\/wp-content\/uploads\/2021\/06\/bere-gravide02-403x400.jpg 403w, https:\/\/totalblue.ro\/wp-content\/uploads\/2021\/06\/bere-gravide02-100x99.jpg 100w, https:\/\/totalblue.ro\/wp-content\/uploads\/2021\/06\/bere-gravide02-510x507.jpg 510w, https:\/\/totalblue.ro\/wp-content\/uploads\/2021\/06\/bere-gravide02-805x800.jpg 805w, https:\/\/totalblue.ro\/wp-content\/uploads\/2021\/06\/bere-gravide02-280x280.jpg 280w, https:\/\/totalblue.ro\/wp-content\/uploads\/2021\/06\/bere-gravide02-768x763.jpg 768w, https:\/\/totalblue.ro\/wp-content\/uploads\/2021\/06\/bere-gravide02-600x596.jpg 600w, https:\/\/totalblue.ro\/wp-content\/uploads\/2021\/06\/bere-gravide02.jpg 895w\" sizes=\"auto, (max-width: 101px) 100vw, 101px\" \/><\/a><\/p>","protected":false},"excerpt":{"rendered":"<p>1 bax contine 24 de sticle. Pretul afisat este pe 1 sticla.<\/p>","protected":false},"featured_media":87751,"comment_status":"open","ping_status":"closed","template":"","meta":{"_acf_changed":false,"_seopress_robots_primary_cat":"none","_seopress_titles_title":"","_seopress_titles_desc":"","_seopress_robots_index":""},"product_brand":[6042],"product_cat":[1519],"giftcard-category":[],"class_list":{"0":"post-87748","1":"product","2":"type-product","3":"status-publish","4":"has-post-thumbnail","6":"product_brand-ursus","7":"product_cat-bauturi-alcoolice-bere","9":"first","10":"instock","11":"taxable","12":"shipping-taxable","13":"purchasable","14":"product-type-simple"},"acf":[],"_links":{"self":[{"href":"https:\/\/totalblue.ro\/de\/wp-json\/wp\/v2\/product\/87748","targetHints":{"allow":["GET"]}}],"collection":[{"href":"https:\/\/totalblue.ro\/de\/wp-json\/wp\/v2\/product"}],"about":[{"href":"https:\/\/totalblue.ro\/de\/wp-json\/wp\/v2\/types\/product"}],"replies":[{"embeddable":true,"href":"https:\/\/totalblue.ro\/de\/wp-json\/wp\/v2\/comments?post=87748"}],"wp:featuredmedia":[{"embeddable":true,"href":"https:\/\/totalblue.ro\/de\/wp-json\/wp\/v2\/media\/87751"}],"wp:attachment":[{"href":"https:\/\/totalblue.ro\/de\/wp-json\/wp\/v2\/media?parent=87748"}],"wp:term":[{"taxonomy":"product_brand","embeddable":true,"href":"https:\/\/totalblue.ro\/de\/wp-json\/wp\/v2\/product_brand?post=87748"},{"taxonomy":"product_cat","embeddable":true,"href":"https:\/\/totalblue.ro\/de\/wp-json\/wp\/v2\/product_cat?post=87748"},{"taxonomy":"giftcard-category","embeddable":true,"href":"https:\/\/totalblue.ro\/de\/wp-json\/wp\/v2\/giftcard-category?post=87748"}],"curies":[{"name":"wp","href":"https:\/\/api.w.org\/{rel}","templated":true}]}}