{"id":88847,"date":"2023-04-27T10:45:49","date_gmt":"2023-04-27T07:45:49","guid":{"rendered":"https:\/\/totalblue.ro\/?post_type=product&#038;p=88847"},"modified":"2025-10-03T09:58:57","modified_gmt":"2025-10-03T06:58:57","slug":"hollandische-backerei-canos-mandelstifte-276g","status":"publish","type":"product","link":"https:\/\/totalblue.ro\/de\/produs\/dutch-bakery-canos-almond-fingers-276g\/","title":{"rendered":"Holl\u00e4ndische B\u00e4ckerei Cano Holl\u00e4ndisches Geb\u00e4ck 276g"},"content":{"rendered":"<p>Kano sunt prajituri olandeze cu un strat gros si dulce de \u201eAmandelspijs\u201d (asemanator umpluturii cu martipan) si delicios Roomboter (unt).<br \/>\nBucurati-va de Dutch Bakery Kano&#8217;s cu o ceasca fierbinte de ceai sau cafea.<br \/>\nIngrediente: zahar, faina de GRAU, SOIA, uleiuri vegetale: ulei de palmier\/ulei de cocos\/ulei de rapita\/amidon de cartofi modificat, dextroza, MIGDALE, stabilizator: sorbitol, aroma naturala, agent de ingrosare: pectina\/guma guar, zahar invertit, samburi de caise , agent de crestere: difosfati \/ carbonati de potasiu, sirop de glucoza uscat, sare, emulgator: SOIA<br \/>\nContine: SOIA, MIGDALE, LAPTE, GRAU, GLUTEN<br \/>\nPoate contine: OU<br \/>\nN\u00e4hrwertangaben \/ 100 g:<br \/>\nEnergie 182 kcal<br \/>\nGrasimi 6.2 g din care grasimi saturate 2.5 g<br \/>\nGlucide 28.9 g din care zaharuri 18.2 g<br \/>\nEiwei\u00df 2,6 g<\/p>","protected":false},"excerpt":{"rendered":"<p>Kano sunt prajituri olandeze cu un strat gros si dulce de \u201eAmandelspijs\u201d (asemanator umpluturii cu martipan) si delicios Roomboter (unt). Bucurati-va de Dutch Bakery Kano&#8217;s cu o ceasca fierbinte de ceai sau cafea. Ingrediente: zahar, faina de GRAU, SOIA, uleiuri vegetale: ulei de palmier\/ulei de cocos\/ulei de rapita\/amidon de cartofi modificat, dextroza, MIGDALE, stabilizator: sorbitol, [&#8230;]\n","protected":false},"featured_media":88851,"comment_status":"open","ping_status":"closed","template":"","meta":{"_acf_changed":false,"_seopress_robots_primary_cat":"none","_seopress_titles_title":"","_seopress_titles_desc":"","_seopress_robots_index":""},"product_brand":[2048],"product_cat":[1555,3338,7021,3304,1767],"giftcard-category":[],"class_list":{"0":"post-88847","1":"product","2":"type-product","3":"status-publish","4":"has-post-thumbnail","6":"product_brand-dutch-bakery","7":"product_cat-bacanie","8":"product_cat-dulciuri-snacksuri","9":"product_cat-dulciuri-snacks","10":"product_cat-mic-dejun-produse-olanda","11":"product_cat-produse-olanda","13":"first","14":"outofstock","15":"taxable","16":"shipping-taxable","17":"purchasable","18":"product-type-simple"},"acf":[],"_links":{"self":[{"href":"https:\/\/totalblue.ro\/de\/wp-json\/wp\/v2\/product\/88847","targetHints":{"allow":["GET"]}}],"collection":[{"href":"https:\/\/totalblue.ro\/de\/wp-json\/wp\/v2\/product"}],"about":[{"href":"https:\/\/totalblue.ro\/de\/wp-json\/wp\/v2\/types\/product"}],"replies":[{"embeddable":true,"href":"https:\/\/totalblue.ro\/de\/wp-json\/wp\/v2\/comments?post=88847"}],"wp:featuredmedia":[{"embeddable":true,"href":"https:\/\/totalblue.ro\/de\/wp-json\/wp\/v2\/media\/88851"}],"wp:attachment":[{"href":"https:\/\/totalblue.ro\/de\/wp-json\/wp\/v2\/media?parent=88847"}],"wp:term":[{"taxonomy":"product_brand","embeddable":true,"href":"https:\/\/totalblue.ro\/de\/wp-json\/wp\/v2\/product_brand?post=88847"},{"taxonomy":"product_cat","embeddable":true,"href":"https:\/\/totalblue.ro\/de\/wp-json\/wp\/v2\/product_cat?post=88847"},{"taxonomy":"giftcard-category","embeddable":true,"href":"https:\/\/totalblue.ro\/de\/wp-json\/wp\/v2\/giftcard-category?post=88847"}],"curies":[{"name":"wp","href":"https:\/\/api.w.org\/{rel}","templated":true}]}}