{"id":88863,"date":"2023-04-27T10:58:30","date_gmt":"2023-04-27T07:58:30","guid":{"rendered":"https:\/\/totalblue.ro\/?post_type=product&#038;p=88863"},"modified":"2024-07-25T13:00:11","modified_gmt":"2024-07-25T10:00:11","slug":"dutch-bakery-almond-speculaas-200g","status":"publish","type":"product","link":"https:\/\/totalblue.ro\/de\/produs\/dutch-bakery-almond-speculaas-200g\/","title":{"rendered":"Holl\u00e4ndische B\u00e4ckerei Mandel Spekulatius 200g"},"content":{"rendered":"<p><span class=\"HwtZe\" lang=\"ro\"> <span class=\"jCAhz ChMk0b\"><span class=\"ryNqvb\">Dutch Bakery Almond Speculaasjes sunt pr\u0103jituri delicioase care sunt perfecte pentru a fi savurate cu cafea sau ceai, ca o gustare sau ca parte a unei mese cu gust\u0103ri. <\/span><\/span> <span class=\"jCAhz ChMk0b\"><span class=\"ryNqvb\">De asemenea, pot fi folosite pentru a decora pr\u0103jituri, cupcakes sau alte deserturi.<br \/>\nDutch Bakery Speculaasjes Almond sunt pr\u0103jituri fragile f\u0103cute cu f\u0103in\u0103, f\u0103in\u0103 de migdale, condimente precum scor\u021bi\u0219oar\u0103, nuc\u0219oar\u0103 \u0219i cui\u0219oare \u0219i zah\u0103r brun. Biscui\u021bii au o form\u0103 tipic\u0103 cu imaginea unei mori de v\u00e2nt pe ea.<\/span><\/span><\/span><\/p>\n<p>&nbsp;<\/p>","protected":false},"excerpt":{"rendered":"<p>Dutch Bakery Almond Speculaasjes sunt pr\u0103jituri delicioase care sunt perfecte pentru a fi savurate cu cafea sau ceai, ca o gustare sau ca parte a unei mese cu gust\u0103ri. De asemenea, pot fi folosite pentru a decora pr\u0103jituri, cupcakes sau alte deserturi. Dutch Bakery Speculaasjes Almond sunt pr\u0103jituri fragile f\u0103cute cu f\u0103in\u0103, f\u0103in\u0103 de migdale, [&#8230;]\n","protected":false},"featured_media":88867,"comment_status":"open","ping_status":"closed","template":"","meta":{"_acf_changed":false,"_seopress_robots_primary_cat":"none","_seopress_titles_title":"","_seopress_titles_desc":"","_seopress_robots_index":""},"product_brand":[2048],"product_cat":[1555,3338,7021,3304,1767],"giftcard-category":[],"class_list":{"0":"post-88863","1":"product","2":"type-product","3":"status-publish","4":"has-post-thumbnail","6":"product_brand-dutch-bakery","7":"product_cat-bacanie","8":"product_cat-dulciuri-snacksuri","9":"product_cat-dulciuri-snacks","10":"product_cat-mic-dejun-produse-olanda","11":"product_cat-produse-olanda","13":"first","14":"outofstock","15":"taxable","16":"shipping-taxable","17":"purchasable","18":"product-type-simple"},"acf":[],"_links":{"self":[{"href":"https:\/\/totalblue.ro\/de\/wp-json\/wp\/v2\/product\/88863","targetHints":{"allow":["GET"]}}],"collection":[{"href":"https:\/\/totalblue.ro\/de\/wp-json\/wp\/v2\/product"}],"about":[{"href":"https:\/\/totalblue.ro\/de\/wp-json\/wp\/v2\/types\/product"}],"replies":[{"embeddable":true,"href":"https:\/\/totalblue.ro\/de\/wp-json\/wp\/v2\/comments?post=88863"}],"wp:featuredmedia":[{"embeddable":true,"href":"https:\/\/totalblue.ro\/de\/wp-json\/wp\/v2\/media\/88867"}],"wp:attachment":[{"href":"https:\/\/totalblue.ro\/de\/wp-json\/wp\/v2\/media?parent=88863"}],"wp:term":[{"taxonomy":"product_brand","embeddable":true,"href":"https:\/\/totalblue.ro\/de\/wp-json\/wp\/v2\/product_brand?post=88863"},{"taxonomy":"product_cat","embeddable":true,"href":"https:\/\/totalblue.ro\/de\/wp-json\/wp\/v2\/product_cat?post=88863"},{"taxonomy":"giftcard-category","embeddable":true,"href":"https:\/\/totalblue.ro\/de\/wp-json\/wp\/v2\/giftcard-category?post=88863"}],"curies":[{"name":"wp","href":"https:\/\/api.w.org\/{rel}","templated":true}]}}