{"id":90903,"date":"2023-05-05T10:22:32","date_gmt":"2023-05-05T07:22:32","guid":{"rendered":"https:\/\/totalblue.ro\/?post_type=product&#038;p=90903"},"modified":"2025-11-02T09:41:39","modified_gmt":"2025-11-02T07:41:39","slug":"maggi-bouillon-lebensmittelgrundlage-bouillon-huhngeschmack-9-liter-glaser-154-g-import-aus-den-niederlanden","status":"publish","type":"product","link":"https:\/\/totalblue.ro\/de\/produs\/maggi-bouillon-baza-mancare-aroma-pui-9-litri-borcanas-154-g-import-olanda\/","title":{"rendered":"Maggi Bouillon Basis - H\u00fchnerfleisch Geschmack, 9 Liter, Gl\u00e4ser 154 g, Holland"},"content":{"rendered":"<p>Zutaten: Salz, Kartoffelst\u00e4rke, Zuckeraromen, H\u00fchnerextrakt 3,8%, H\u00fchnerfett 3,6%, Kr\u00e4uter und Gew\u00fcrze (Zwiebel, Sellerie, Kurkuma, Knoblauch, Koriander, wei\u00dfer Pfeffer, Lorbeerbl\u00e4tter), hydrolysiertes pflanzliches Eiwei\u00df (Weizengluten, Salz), Antioxidationsmittel (Rosmarinextrakt). Kann enthalten: Milch, Eier, Soja, Senf.<br \/>\nAllergene: Enth\u00e4lt: Glutenhaltiges Getreide.<br \/>\nKann enthalten: Milch, Eier, Soja, Senf.<br \/>\nN\u00e4hrwertangaben pro 100 ml:<br \/>\nDiese Werte gelten f\u00fcr das zubereitete Produkt.<br \/>\nEnergie 16 kJ (4 kcal)<br \/>\nFett 0,1 g, davon ges\u00e4ttigtes Fett 0 g<br \/>\nKohlenhydrate 0,7 g, davon Zucker 0,3 g<br \/>\nBallaststoffe 0 g<br \/>\nEiwei\u00df 0,1 g<br \/>\nSalz 0,83 g<br \/>\nVor direkter Sonneneinstrahlung sch\u00fctzen.<br \/>\nVerpackung: Glasgef\u00e4\u00df mit Deckel.<br \/>\nMit kochendem Wasser \u00fcbergie\u00dfen oder w\u00e4hrend des Kochens hinzuf\u00fcgen. Ein Teel\u00f6ffel (5 g) auf 150 ml Wasser: Der Inhalt eines Glases reicht f\u00fcr 9 Liter Bouillon - Maggi H\u00fchnerbr\u00fche. Suppen und Eint\u00f6pfe, Saucen, Fleisch- oder Gem\u00fcsegerichte: Maggi Pui Bouillon ist die ideale Geschmacksbasis f\u00fcr viele Rezeptideen. Schnell, bequem und ohne langes Aufkochen erhalten Sie eine leckere H\u00fchnerbr\u00fche.<br \/>\nLeicht getrocknete Zutaten bieten nicht nur als Basis, sondern auch als Gew\u00fcrz einen feinen Geschmack und eignen sich daher hervorragend zum schnellen W\u00fcrzen oder Verfeinern von Speisen.<br \/>\nVorbereitung:<br \/>\n1: Trinkbr\u00fche: 1 Teel\u00f6ffel pro Glas hei\u00dfes Wasser (150 ml)<br \/>\n2: Suppen: etwa 1,5 Essl\u00f6ffel pro Liter Wasser<br \/>\nHergestellt von Nestl\u00e9 Nederland, Postbus 134, 1180 AC Amstelveen<br \/>\nEinf\u00fchrer und H\u00e4ndler Total Blue Impex SRL<\/p>","protected":false},"excerpt":{"rendered":"<p>Ingrediente: sare, amidon de cartofi, arome de zahar, extract de pui 3,8%, grasime de pui 3,6%, ierburi si condimente (ceapa, telina, turmeric, usturoi, coriandru, piper alb, foi de dafin), proteine \u200b\u200bvegetale hidrolizate (gluten de grau, sare) , antioxidant (extract de rozmarin). Poate contine: lapte, oua, soia, mustar. Alergeni: Contine: cereale care contin gluten. Poate contine: [&#8230;]\n","protected":false},"featured_media":90906,"comment_status":"open","ping_status":"closed","template":"","meta":{"_acf_changed":false,"_seopress_robots_primary_cat":"none","_seopress_titles_title":"Maggi Bouillon legume , condimente Maggi, Bouillon Maggi Total Blue","_seopress_titles_desc":"Cumpara rapid si ieftin online Maggi Bouillon legume, condimente Maggi. Magazin online cu livrare condimente Maggi ieftine din Olanda si Germania.","_seopress_robots_index":""},"product_brand":[1869],"product_cat":[1555,3280,1451,1767],"giftcard-category":[],"class_list":{"0":"post-90903","1":"product","2":"type-product","3":"status-publish","4":"has-post-thumbnail","6":"product_brand-maggi","7":"product_cat-bacanie","8":"product_cat-condimente-sosuri","9":"product_cat-condimente-produse-instant","10":"product_cat-produse-olanda","12":"first","13":"outofstock","14":"taxable","15":"shipping-taxable","16":"purchasable","17":"product-type-simple"},"acf":[],"_links":{"self":[{"href":"https:\/\/totalblue.ro\/de\/wp-json\/wp\/v2\/product\/90903","targetHints":{"allow":["GET"]}}],"collection":[{"href":"https:\/\/totalblue.ro\/de\/wp-json\/wp\/v2\/product"}],"about":[{"href":"https:\/\/totalblue.ro\/de\/wp-json\/wp\/v2\/types\/product"}],"replies":[{"embeddable":true,"href":"https:\/\/totalblue.ro\/de\/wp-json\/wp\/v2\/comments?post=90903"}],"wp:featuredmedia":[{"embeddable":true,"href":"https:\/\/totalblue.ro\/de\/wp-json\/wp\/v2\/media\/90906"}],"wp:attachment":[{"href":"https:\/\/totalblue.ro\/de\/wp-json\/wp\/v2\/media?parent=90903"}],"wp:term":[{"taxonomy":"product_brand","embeddable":true,"href":"https:\/\/totalblue.ro\/de\/wp-json\/wp\/v2\/product_brand?post=90903"},{"taxonomy":"product_cat","embeddable":true,"href":"https:\/\/totalblue.ro\/de\/wp-json\/wp\/v2\/product_cat?post=90903"},{"taxonomy":"giftcard-category","embeddable":true,"href":"https:\/\/totalblue.ro\/de\/wp-json\/wp\/v2\/giftcard-category?post=90903"}],"curies":[{"name":"wp","href":"https:\/\/api.w.org\/{rel}","templated":true}]}}