{"id":93665,"date":"2023-06-09T09:04:38","date_gmt":"2023-06-09T06:04:38","guid":{"rendered":"https:\/\/totalblue.ro\/?post_type=product&#038;p=93665"},"modified":"2026-04-03T15:57:54","modified_gmt":"2026-04-03T12:57:54","slug":"knorr-maaltijdmix-macaroni-61g","status":"publish","type":"product","link":"https:\/\/totalblue.ro\/de\/produs\/knorr-maaltijdmix-macaroni-61g\/","title":{"rendered":"Knorr Makkaroni Gew\u00fcrzbasis 61g"},"content":{"rendered":"<p>Ingrediente: pudra de rosii 44%, aroma, sare iodata, amidon de cartofi, zahar, sare minerala (potasiu), proteine \u200b\u200bvegetale hidrolizate, ierburi (oregano, patrunjel, rozmarin, busuioc), pudra de ceapa 1,7%, ceapa prajita (1,7%, condimente) usturoi\u00b9, piper), extract de drojdie, ulei de porumb, morcov 0,8%, praz 0,8%. Poate contine telina, gluten, ou, lapte, mustar, soia.<br \/>\nPoate contine: oua, telina, cereale care contin gluten, mustar, lapte, soia<br \/>\nN\u00e4hrwertangaben<br \/>\nDiese Werte gelten f\u00fcr das zubereitete Produkt.<br \/>\nTipp pro 100 Gramm<br \/>\nEnergie 462 kJ (111 kcal)<br \/>\nGrasimi 2.7 g din care saturate 0,6 g<br \/>\nGlucide 15 g din care zaharuri 2.4 g<br \/>\nBallaststoffe 1,9 g<br \/>\nProteine \u200b\u200b6.3 g<br \/>\nSare 0.60 g<br \/>\nVorbereitung :<br \/>\n<span class=\"HwtZe\" lang=\"ro\"><span class=\"jCAhz JxVs2d ChMk0b\"><span class=\"ryNqvb\">1. Incinge 2 linguri de ulei \u00eentr-un tigaie \u0219i pr\u0103je\u0219te carnea tocat\u0103.<\/span><\/span> <span class=\"jCAhz JxVs2d ChMk0b\"><span class=\"ryNqvb\">Se adauga si legumele si se prajesc pentru c\u00e2teva minute.<br \/>\n<\/span><\/span><span class=\"jCAhz JxVs2d ChMk0b\"><span class=\"ryNqvb\">2. Ad\u0103uga\u021bi 150 ml ap\u0103 \u0219i con\u021binutul acestei pungi.<\/span><\/span> <span class=\"jCAhz JxVs2d ChMk0b\"><span class=\"ryNqvb\">Se aduce la fierbere amestec\u00e2nd \u0219i se las\u0103 s\u0103 fiarb\u0103 3-5 minute.<br \/>\n<\/span><\/span><span class=\"jCAhz JxVs2d ChMk0b\"><span class=\"ryNqvb\">3. Die gekochten Makkaroni in die Sauce geben und gut vermischen.<\/span><\/span><\/span><\/p>","protected":false},"excerpt":{"rendered":"<p>Ingrediente: pudra de rosii 44%, aroma, sare iodata, amidon de cartofi, zahar, sare minerala (potasiu), proteine \u200b\u200bvegetale hidrolizate, ierburi (oregano, patrunjel, rozmarin, busuioc), pudra de ceapa 1,7%, ceapa prajita (1,7%, condimente) usturoi\u00b9, piper), extract de drojdie, ulei de porumb, morcov 0,8%, praz 0,8%. Poate contine telina, gluten, ou, lapte, mustar, soia. Poate contine: oua, telina, [&#8230;]\n","protected":false},"featured_media":93667,"comment_status":"open","ping_status":"closed","template":"","meta":{"_acf_changed":false,"_seopress_robots_primary_cat":"none","_seopress_titles_title":"","_seopress_titles_desc":"","_seopress_robots_index":""},"product_brand":[1870],"product_cat":[1555,3280,1451,1767],"giftcard-category":[],"class_list":{"0":"post-93665","1":"product","2":"type-product","3":"status-publish","4":"has-post-thumbnail","6":"product_brand-knorr","7":"product_cat-bacanie","8":"product_cat-condimente-sosuri","9":"product_cat-condimente-produse-instant","10":"product_cat-produse-olanda","12":"first","13":"instock","14":"taxable","15":"shipping-taxable","16":"purchasable","17":"product-type-simple"},"acf":[],"_links":{"self":[{"href":"https:\/\/totalblue.ro\/de\/wp-json\/wp\/v2\/product\/93665","targetHints":{"allow":["GET"]}}],"collection":[{"href":"https:\/\/totalblue.ro\/de\/wp-json\/wp\/v2\/product"}],"about":[{"href":"https:\/\/totalblue.ro\/de\/wp-json\/wp\/v2\/types\/product"}],"replies":[{"embeddable":true,"href":"https:\/\/totalblue.ro\/de\/wp-json\/wp\/v2\/comments?post=93665"}],"wp:featuredmedia":[{"embeddable":true,"href":"https:\/\/totalblue.ro\/de\/wp-json\/wp\/v2\/media\/93667"}],"wp:attachment":[{"href":"https:\/\/totalblue.ro\/de\/wp-json\/wp\/v2\/media?parent=93665"}],"wp:term":[{"taxonomy":"product_brand","embeddable":true,"href":"https:\/\/totalblue.ro\/de\/wp-json\/wp\/v2\/product_brand?post=93665"},{"taxonomy":"product_cat","embeddable":true,"href":"https:\/\/totalblue.ro\/de\/wp-json\/wp\/v2\/product_cat?post=93665"},{"taxonomy":"giftcard-category","embeddable":true,"href":"https:\/\/totalblue.ro\/de\/wp-json\/wp\/v2\/giftcard-category?post=93665"}],"curies":[{"name":"wp","href":"https:\/\/api.w.org\/{rel}","templated":true}]}}