{"id":93686,"date":"2023-06-09T10:19:21","date_gmt":"2023-06-09T07:19:21","guid":{"rendered":"https:\/\/totalblue.ro\/?post_type=product&#038;p=93686"},"modified":"2025-04-10T11:24:26","modified_gmt":"2025-04-10T08:24:26","slug":"hollandische-backerei-marzipan-geeiste-kuchen-mergpijpjes-200gr","status":"publish","type":"product","link":"https:\/\/totalblue.ro\/de\/produs\/dutch-bakery-marzipan-iced-cakes-mergpijpjes-200gr\/","title":{"rendered":"DUTCH BAKERY Marzipan-Eisgeb\u00e4ck (Mergpijpjes) 200gr"},"content":{"rendered":"<p>Inhaltsstoff : <span class=\"HwtZe\" lang=\"ro\"><span class=\"jCAhz ChMk0b\"><span class=\"ryNqvb\">Zucker, pflanzliches Fett (Palmkern, Kokosnuss, Kokosnuss), fl\u00fcssiges Vollei, Weizenmehl, pflanzliches \u00d6l (Raps), Sojabohnen, Glukosesirup, Aprikosenkerne, Weizenst\u00e4rke, Stabilisatoren (Sorbit, Glycerin, Invertase), Sojamehl<\/span><\/span> <span class=\"jCAhz ChMk0b\"><span class=\"ryNqvb\">Magermilchpulver, fettarmes Kakaopulver, Wasser, Verdickungsmittel (Canthangummi), Emulgatoren (Mono- und Diglyceride von Speisefetts\u00e4uren, Sorbitantristearat, Lecithine), Salz, Backtriebmittel (Diphosphate, Natriumcarbonate), nat\u00fcrliches Aroma.<\/span><\/span> <span class=\"jCAhz\"><span class=\"ryNqvb\">Allergene: Soja, Ei, Milch, Weizen (Gluten).<\/span><\/span><\/span><br \/>\nN\u00e4hrwertangaben \/ 100 g:<br \/>\nEnergie: 136 kcal<br \/>\nFett: 7 g, davon ges\u00e4ttigte Fetts\u00e4uren: 3,8 g<br \/>\nKohlenhydrate 16,8 g oder davon Zucker 14,2 g<br \/>\nEiwei\u00df: 1,2 g<\/p>","protected":false},"excerpt":{"rendered":"<p>Ingrediente : Zah\u0103r, gr\u0103sime vegetal\u0103 (palmier, miez de cocos, nuc\u0103 de cocos), ou integral lichid, f\u0103in\u0103 de gr\u00e2u, ulei vegetal (r\u0103pi\u021b\u0103), boabe de soia, sirop de glucoz\u0103, miez de caise, amidon de gr\u00e2u, stabilizatori (sorbitol, glicerol, invertaz\u0103), f\u0103in\u0103 de soia , lapte praf degresat, cacao pudr\u0103 cu con\u021binut sc\u0103zut de gr\u0103simi, ap\u0103, agent de \u00eengro\u0219are [&#8230;]\n","protected":false},"featured_media":93692,"comment_status":"open","ping_status":"closed","template":"","meta":{"_acf_changed":false,"_seopress_robots_primary_cat":"none","_seopress_titles_title":"","_seopress_titles_desc":"","_seopress_robots_index":""},"product_brand":[2048],"product_cat":[1555,3338,7021,3304,1767],"giftcard-category":[],"class_list":{"0":"post-93686","1":"product","2":"type-product","3":"status-publish","4":"has-post-thumbnail","6":"product_brand-dutch-bakery","7":"product_cat-bacanie","8":"product_cat-dulciuri-snacksuri","9":"product_cat-dulciuri-snacks","10":"product_cat-mic-dejun-produse-olanda","11":"product_cat-produse-olanda","13":"first","14":"outofstock","15":"taxable","16":"shipping-taxable","17":"purchasable","18":"product-type-simple"},"acf":[],"_links":{"self":[{"href":"https:\/\/totalblue.ro\/de\/wp-json\/wp\/v2\/product\/93686","targetHints":{"allow":["GET"]}}],"collection":[{"href":"https:\/\/totalblue.ro\/de\/wp-json\/wp\/v2\/product"}],"about":[{"href":"https:\/\/totalblue.ro\/de\/wp-json\/wp\/v2\/types\/product"}],"replies":[{"embeddable":true,"href":"https:\/\/totalblue.ro\/de\/wp-json\/wp\/v2\/comments?post=93686"}],"wp:featuredmedia":[{"embeddable":true,"href":"https:\/\/totalblue.ro\/de\/wp-json\/wp\/v2\/media\/93692"}],"wp:attachment":[{"href":"https:\/\/totalblue.ro\/de\/wp-json\/wp\/v2\/media?parent=93686"}],"wp:term":[{"taxonomy":"product_brand","embeddable":true,"href":"https:\/\/totalblue.ro\/de\/wp-json\/wp\/v2\/product_brand?post=93686"},{"taxonomy":"product_cat","embeddable":true,"href":"https:\/\/totalblue.ro\/de\/wp-json\/wp\/v2\/product_cat?post=93686"},{"taxonomy":"giftcard-category","embeddable":true,"href":"https:\/\/totalblue.ro\/de\/wp-json\/wp\/v2\/giftcard-category?post=93686"}],"curies":[{"name":"wp","href":"https:\/\/api.w.org\/{rel}","templated":true}]}}