{"id":95764,"date":"2023-07-12T14:02:16","date_gmt":"2023-07-12T11:02:16","guid":{"rendered":"https:\/\/totalblue.ro\/?post_type=product&#038;p=95764"},"modified":"2026-02-09T15:45:11","modified_gmt":"2026-02-09T13:45:11","slug":"clipper-marrakech-mint-organic-infusion-20-pliculete","status":"publish","type":"product","link":"https:\/\/totalblue.ro\/de\/produs\/clipper-marrakech-mint-organic-infusion-20-pliculete\/","title":{"rendered":"Clipper Marrakech mint organic infusion 20 pliculete"},"content":{"rendered":"<p>Inhaltsstoff : <span class=\"HwtZe\" lang=\"ro\"><span class=\"jCAhz JxVs2d ChMk0b\"><span class=\"ryNqvb\">scor\u021bi\u0219oar\u0103 (38%), ment\u0103* (18%), r\u0103d\u0103cin\u0103 de cicoare&#8221;, lemn dulce (11%), m\u0103r granulat, arom\u0103 natural\u0103 de ment\u0103 nana* (6,5%), cui\u0219oare (2%).Ingredient din cultur\u0103 ecologic\u0103.<\/span><\/span><\/span><br \/>\nUtilizare: Se toarn\u0103 ap\u0103 clocotit\u0103 peste un plicule\u021b de ceai \u0219i se las\u0103 la infuzat 2-4 minute.<\/p>\n<p><a href=\"https:\/\/totalblue.ro\/wp-content\/uploads\/2021\/02\/bio02.jpg\"><img loading=\"lazy\" decoding=\"async\" class=\"alignnone size-full wp-image-27483\" src=\"https:\/\/totalblue.ro\/wp-content\/uploads\/2021\/02\/bio02.jpg\" alt=\"\" width=\"80\" height=\"80\" \/><\/a><br \/>\nEinfuhr Niederlande: Wessanen Nederland Holding BV, Hoogoorddreef 5, 1101 BA, Amsterdam, Niederlande<\/p>","protected":false},"excerpt":{"rendered":"<p>Ingrediente : scor\u021bi\u0219oar\u0103 (38%), ment\u0103* (18%), r\u0103d\u0103cin\u0103 de cicoare&#8221;, lemn dulce (11%), m\u0103r granulat, arom\u0103 natural\u0103 de ment\u0103 nana* (6,5%), cui\u0219oare (2%).Ingredient din cultur\u0103 ecologic\u0103. Utilizare: Se toarn\u0103 ap\u0103 clocotit\u0103 peste un plicule\u021b de ceai \u0219i se las\u0103 la infuzat 2-4 minute. Import Olanda: Wessanen Nederland Holding BV, Hoogoorddreef 5, 1101 BA, Amsterdam, The Netherlands<\/p>","protected":false},"featured_media":95768,"comment_status":"open","ping_status":"closed","template":"","meta":{"_acf_changed":false,"_seopress_robots_primary_cat":"none","_seopress_titles_title":"","_seopress_titles_desc":"","_seopress_robots_index":""},"product_brand":[4320],"product_cat":[1555,1506,3320,1767],"giftcard-category":[],"class_list":{"0":"post-95764","1":"product","2":"type-product","3":"status-publish","4":"has-post-thumbnail","6":"product_brand-clipper","7":"product_cat-bacanie","8":"product_cat-cafea-ceai-mic-dejun","9":"product_cat-cafea-ceai-lapte","10":"product_cat-produse-olanda","12":"first","13":"instock","14":"taxable","15":"shipping-taxable","16":"purchasable","17":"product-type-simple"},"acf":[],"_links":{"self":[{"href":"https:\/\/totalblue.ro\/de\/wp-json\/wp\/v2\/product\/95764","targetHints":{"allow":["GET"]}}],"collection":[{"href":"https:\/\/totalblue.ro\/de\/wp-json\/wp\/v2\/product"}],"about":[{"href":"https:\/\/totalblue.ro\/de\/wp-json\/wp\/v2\/types\/product"}],"replies":[{"embeddable":true,"href":"https:\/\/totalblue.ro\/de\/wp-json\/wp\/v2\/comments?post=95764"}],"wp:featuredmedia":[{"embeddable":true,"href":"https:\/\/totalblue.ro\/de\/wp-json\/wp\/v2\/media\/95768"}],"wp:attachment":[{"href":"https:\/\/totalblue.ro\/de\/wp-json\/wp\/v2\/media?parent=95764"}],"wp:term":[{"taxonomy":"product_brand","embeddable":true,"href":"https:\/\/totalblue.ro\/de\/wp-json\/wp\/v2\/product_brand?post=95764"},{"taxonomy":"product_cat","embeddable":true,"href":"https:\/\/totalblue.ro\/de\/wp-json\/wp\/v2\/product_cat?post=95764"},{"taxonomy":"giftcard-category","embeddable":true,"href":"https:\/\/totalblue.ro\/de\/wp-json\/wp\/v2\/giftcard-category?post=95764"}],"curies":[{"name":"wp","href":"https:\/\/api.w.org\/{rel}","templated":true}]}}