{"id":95780,"date":"2023-07-12T14:11:35","date_gmt":"2023-07-12T11:11:35","guid":{"rendered":"https:\/\/totalblue.ro\/?post_type=product&#038;p=95780"},"modified":"2025-12-19T11:12:10","modified_gmt":"2025-12-19T09:12:10","slug":"clipper-happy-mondays-organic-infusion-20-pliculete","status":"publish","type":"product","link":"https:\/\/totalblue.ro\/de\/produs\/clipper-happy-mondays-organic-infusion-20-pliculete\/","title":{"rendered":"Clipper Happy mondays Bio-Aufguss 20 Beutel"},"content":{"rendered":"<p>Clipper Happy mondays Bio-Aufguss 20 Beutel<br \/>\n<span class=\"HwtZe\" lang=\"ro\"><span class=\"jCAhz JxVs2d ChMk0b\"><span class=\"ryNqvb\">Ingrediente : Lemongrass*, r\u0103d\u0103cin\u0103 de ghimbir* (25%), frunze de portocal*, r\u0103d\u0103cin\u0103 de lemn dulce*, verbena de l\u0103m\u00e2ie*, arom\u0103 natural\u0103 de l\u0103m\u00e2ie cu alte arome naturale (4%), coaj\u0103 de portocal\u0103*, piper negru* (2,5%), coaj\u0103 de l\u0103m\u00e2ie*<\/span><\/span> <span class=\"jCAhz JxVs2d ChMk0b\"><span class=\"ryNqvb\">(2%), cui\u0219oare*, arom\u0103 natural\u0103 de ghimbir (1%).<\/span><\/span> <span class=\"jCAhz JxVs2d ChMk0b\"><span class=\"ryNqvb\">*Ingredient cultivat organic.<br \/>\nMod de preparare : Se toarn\u0103 ap\u0103 clocotit\u0103 peste plicule\u021bul de ceai \u0219i se las\u0103 la infuzat timp de 3-5 minute.<\/span><\/span><\/span><\/p>\n<p><a href=\"https:\/\/totalblue.ro\/wp-content\/uploads\/2021\/02\/bio02.jpg\"><img loading=\"lazy\" decoding=\"async\" class=\"alignnone size-full wp-image-27483\" src=\"https:\/\/totalblue.ro\/wp-content\/uploads\/2021\/02\/bio02.jpg\" alt=\"\" width=\"80\" height=\"80\" \/><\/a><br \/>\nEinfuhr Niederlande: Wessanen Nederland Holding BV, Hoogoorddreef 5, 1101 BA, Amsterdam, Niederlande<\/p>","protected":false},"excerpt":{"rendered":"<p>Clipper Happy mondays organic infusion 20 pliculete Ingrediente : Lemongrass*, r\u0103d\u0103cin\u0103 de ghimbir* (25%), frunze de portocal*, r\u0103d\u0103cin\u0103 de lemn dulce*, verbena de l\u0103m\u00e2ie*, arom\u0103 natural\u0103 de l\u0103m\u00e2ie cu alte arome naturale (4%), coaj\u0103 de portocal\u0103*, piper negru* (2,5%), coaj\u0103 de l\u0103m\u00e2ie* (2%), cui\u0219oare*, arom\u0103 natural\u0103 de ghimbir (1%). *Ingredient cultivat organic. Mod de preparare [&#8230;]\n","protected":false},"featured_media":95784,"comment_status":"open","ping_status":"closed","template":"","meta":{"_acf_changed":false,"_seopress_robots_primary_cat":"none","_seopress_titles_title":"Clipper Happy mondays organic infusion 20 pliculete","_seopress_titles_desc":"Clipper Happy mondays organic infusion 20 pliculete","_seopress_robots_index":""},"product_brand":[4320],"product_cat":[1555,1506,3320,1767],"giftcard-category":[],"class_list":{"0":"post-95780","1":"product","2":"type-product","3":"status-publish","4":"has-post-thumbnail","6":"product_brand-clipper","7":"product_cat-bacanie","8":"product_cat-cafea-ceai-mic-dejun","9":"product_cat-cafea-ceai-lapte","10":"product_cat-produse-olanda","12":"first","13":"instock","14":"taxable","15":"shipping-taxable","16":"purchasable","17":"product-type-simple"},"acf":[],"_links":{"self":[{"href":"https:\/\/totalblue.ro\/de\/wp-json\/wp\/v2\/product\/95780","targetHints":{"allow":["GET"]}}],"collection":[{"href":"https:\/\/totalblue.ro\/de\/wp-json\/wp\/v2\/product"}],"about":[{"href":"https:\/\/totalblue.ro\/de\/wp-json\/wp\/v2\/types\/product"}],"replies":[{"embeddable":true,"href":"https:\/\/totalblue.ro\/de\/wp-json\/wp\/v2\/comments?post=95780"}],"wp:featuredmedia":[{"embeddable":true,"href":"https:\/\/totalblue.ro\/de\/wp-json\/wp\/v2\/media\/95784"}],"wp:attachment":[{"href":"https:\/\/totalblue.ro\/de\/wp-json\/wp\/v2\/media?parent=95780"}],"wp:term":[{"taxonomy":"product_brand","embeddable":true,"href":"https:\/\/totalblue.ro\/de\/wp-json\/wp\/v2\/product_brand?post=95780"},{"taxonomy":"product_cat","embeddable":true,"href":"https:\/\/totalblue.ro\/de\/wp-json\/wp\/v2\/product_cat?post=95780"},{"taxonomy":"giftcard-category","embeddable":true,"href":"https:\/\/totalblue.ro\/de\/wp-json\/wp\/v2\/giftcard-category?post=95780"}],"curies":[{"name":"wp","href":"https:\/\/api.w.org\/{rel}","templated":true}]}}