{"id":95814,"date":"2023-07-12T14:32:09","date_gmt":"2023-07-12T11:32:09","guid":{"rendered":"https:\/\/totalblue.ro\/?post_type=product&#038;p=95814"},"modified":"2026-01-21T12:00:27","modified_gmt":"2026-01-21T10:00:27","slug":"clipper-organic-raspberry-mint-green-tea-20-pliculete","status":"publish","type":"product","link":"https:\/\/totalblue.ro\/de\/produs\/clipper-organic-raspberry-mint-green-tea-20-pliculete\/","title":{"rendered":"Clipper Organic raspberry &amp; mint green tea 20 pliculete"},"content":{"rendered":"<p>Inhaltsstoff : <span class=\"HwtZe\" lang=\"ro\"><span class=\"jCAhz JxVs2d ChMk0b\"><span class=\"ryNqvb\">Frunza de zmeura* (50%), hibiscus*, urzica*, macese*, aroma naturala de zmeura cu alte arome naturale (5%).<\/span><\/span> <span class=\"jCAhz JxVs2d ChMk0b\"><span class=\"ryNqvb\">*Ingredient cultivat organic.<\/span><\/span><\/span><br \/>\n<span class=\"HwtZe\" lang=\"ro\"><span class=\"jCAhz JxVs2d ChMk0b\"><span class=\"ryNqvb\">Verwendung: <\/span><\/span><span class=\"jCAhz JxVs2d ChMk0b\"><span class=\"ryNqvb\">Se toarn\u0103 ap\u0103 clocotit\u0103 peste o plicule\u021be de ceai \u0219i se las\u0103 la infuzat 2-4 minute.<br \/>\n<\/span><\/span><span class=\"jCAhz JxVs2d ChMk0b\"><span class=\"ryNqvb\">Con\u021bine lemn dulce, persoanele cu hipertensiune arterial\u0103 ar trebui s\u0103 evite utilizarea excesiv\u0103.<\/span><\/span><\/span><\/p>\n<p><a href=\"https:\/\/totalblue.ro\/wp-content\/uploads\/2021\/02\/bio02.jpg\"><img loading=\"lazy\" decoding=\"async\" class=\"alignnone size-full wp-image-27483\" src=\"https:\/\/totalblue.ro\/wp-content\/uploads\/2021\/02\/bio02.jpg\" alt=\"\" width=\"80\" height=\"80\" \/><\/a><br \/>\nEinfuhr Niederlande: Wessanen Nederland Holding BV, Hoogoorddreef 5, 1101 BA, Amsterdam, Niederlande<\/p>","protected":false},"excerpt":{"rendered":"<p>Ingrediente : Frunza de zmeura* (50%), hibiscus*, urzica*, macese*, aroma naturala de zmeura cu alte arome naturale (5%). *Ingredient cultivat organic. Utilizare: Se toarn\u0103 ap\u0103 clocotit\u0103 peste o plicule\u021be de ceai \u0219i se las\u0103 la infuzat 2-4 minute. Con\u021bine lemn dulce, persoanele cu hipertensiune arterial\u0103 ar trebui s\u0103 evite utilizarea excesiv\u0103. Import Olanda: Wessanen Nederland [&#8230;]\n","protected":false},"featured_media":95818,"comment_status":"open","ping_status":"closed","template":"","meta":{"_acf_changed":false,"_seopress_robots_primary_cat":"none","_seopress_titles_title":"","_seopress_titles_desc":"","_seopress_robots_index":""},"product_brand":[4320],"product_cat":[1555,1506,3320,1767],"giftcard-category":[],"class_list":{"0":"post-95814","1":"product","2":"type-product","3":"status-publish","4":"has-post-thumbnail","6":"product_brand-clipper","7":"product_cat-bacanie","8":"product_cat-cafea-ceai-mic-dejun","9":"product_cat-cafea-ceai-lapte","10":"product_cat-produse-olanda","12":"first","13":"outofstock","14":"taxable","15":"shipping-taxable","16":"purchasable","17":"product-type-simple"},"acf":[],"_links":{"self":[{"href":"https:\/\/totalblue.ro\/de\/wp-json\/wp\/v2\/product\/95814","targetHints":{"allow":["GET"]}}],"collection":[{"href":"https:\/\/totalblue.ro\/de\/wp-json\/wp\/v2\/product"}],"about":[{"href":"https:\/\/totalblue.ro\/de\/wp-json\/wp\/v2\/types\/product"}],"replies":[{"embeddable":true,"href":"https:\/\/totalblue.ro\/de\/wp-json\/wp\/v2\/comments?post=95814"}],"wp:featuredmedia":[{"embeddable":true,"href":"https:\/\/totalblue.ro\/de\/wp-json\/wp\/v2\/media\/95818"}],"wp:attachment":[{"href":"https:\/\/totalblue.ro\/de\/wp-json\/wp\/v2\/media?parent=95814"}],"wp:term":[{"taxonomy":"product_brand","embeddable":true,"href":"https:\/\/totalblue.ro\/de\/wp-json\/wp\/v2\/product_brand?post=95814"},{"taxonomy":"product_cat","embeddable":true,"href":"https:\/\/totalblue.ro\/de\/wp-json\/wp\/v2\/product_cat?post=95814"},{"taxonomy":"giftcard-category","embeddable":true,"href":"https:\/\/totalblue.ro\/de\/wp-json\/wp\/v2\/giftcard-category?post=95814"}],"curies":[{"name":"wp","href":"https:\/\/api.w.org\/{rel}","templated":true}]}}