{"id":95832,"date":"2023-07-12T15:39:57","date_gmt":"2023-07-12T12:39:57","guid":{"rendered":"https:\/\/totalblue.ro\/?post_type=product&#038;p=95832"},"modified":"2025-08-04T11:27:27","modified_gmt":"2025-08-04T08:27:27","slug":"clipper-ingwer-kurkuma-bio-aufguss-20-beutel","status":"publish","type":"product","link":"https:\/\/totalblue.ro\/de\/produs\/clipper-ginger-turmeric-organic-infusion-20-pliculete\/","title":{"rendered":"Clipper Ingwer Kurkuma Bio-Aufguss 20 Beutel"},"content":{"rendered":"<p>Inhaltsstoff : <span class=\"HwtZe\" lang=\"ro\"><span class=\"jCAhz JxVs2d ChMk0b\"><span class=\"ryNqvb\">Ingwer (65 %), Kurkuma (12 %), Zitronengras, Zimt, nat\u00fcrliches Ingweraroma (2 %), schwarzer Pfeffer.<\/span><\/span><\/span><br \/>\nAnwendung: Einen Teebeutel mit kochendem Wasser \u00fcbergie\u00dfen und 2-4 Minuten ziehen lassen.<\/p>\n<p><a href=\"https:\/\/totalblue.ro\/wp-content\/uploads\/2021\/02\/bio02.jpg\"><img loading=\"lazy\" decoding=\"async\" class=\"alignnone size-full wp-image-27483\" src=\"https:\/\/totalblue.ro\/wp-content\/uploads\/2021\/02\/bio02.jpg\" alt=\"\" width=\"80\" height=\"80\" \/><\/a><br \/>\nEinfuhr Niederlande: Wessanen Nederland Holding BV, Hoogoorddreef 5, 1101 BA, Amsterdam, Niederlande<\/p>","protected":false},"excerpt":{"rendered":"<p>Ingrediente : Ghimbir (65 %), turmeric (12 %), iarb\u0103 de l\u0103m\u00e2ie, scor\u021bi\u0219oar\u0103, arom\u0103 natural\u0103 de ghimbir (2 %), piper negru. Utilizare: Se toarn\u0103 ap\u0103 clocotit\u0103 peste o plicule\u021be de ceai \u0219i se las\u0103 la infuzat 2-4 minute. Import Olanda: Wessanen Nederland Holding BV, Hoogoorddreef 5, 1101 BA, Amsterdam, The Netherlands<\/p>","protected":false},"featured_media":95836,"comment_status":"open","ping_status":"closed","template":"","meta":{"_acf_changed":false,"_seopress_robots_primary_cat":"none","_seopress_titles_title":"Clipper Ginger turmeric organic infusion 20 pliculete","_seopress_titles_desc":"Cumpara online Clipper Ginger turmeric organic infusion 20 pliculete, ceai ghimbir, ceai turmeric, ceai infuzi, ceai clipper, ceai cald clipper.","_seopress_robots_index":""},"product_brand":[4320],"product_cat":[1555,1506,3320,1767],"giftcard-category":[],"class_list":{"0":"post-95832","1":"product","2":"type-product","3":"status-publish","4":"has-post-thumbnail","6":"product_brand-clipper","7":"product_cat-bacanie","8":"product_cat-cafea-ceai-mic-dejun","9":"product_cat-cafea-ceai-lapte","10":"product_cat-produse-olanda","12":"first","13":"outofstock","14":"taxable","15":"shipping-taxable","16":"purchasable","17":"product-type-simple"},"acf":[],"_links":{"self":[{"href":"https:\/\/totalblue.ro\/de\/wp-json\/wp\/v2\/product\/95832","targetHints":{"allow":["GET"]}}],"collection":[{"href":"https:\/\/totalblue.ro\/de\/wp-json\/wp\/v2\/product"}],"about":[{"href":"https:\/\/totalblue.ro\/de\/wp-json\/wp\/v2\/types\/product"}],"replies":[{"embeddable":true,"href":"https:\/\/totalblue.ro\/de\/wp-json\/wp\/v2\/comments?post=95832"}],"wp:featuredmedia":[{"embeddable":true,"href":"https:\/\/totalblue.ro\/de\/wp-json\/wp\/v2\/media\/95836"}],"wp:attachment":[{"href":"https:\/\/totalblue.ro\/de\/wp-json\/wp\/v2\/media?parent=95832"}],"wp:term":[{"taxonomy":"product_brand","embeddable":true,"href":"https:\/\/totalblue.ro\/de\/wp-json\/wp\/v2\/product_brand?post=95832"},{"taxonomy":"product_cat","embeddable":true,"href":"https:\/\/totalblue.ro\/de\/wp-json\/wp\/v2\/product_cat?post=95832"},{"taxonomy":"giftcard-category","embeddable":true,"href":"https:\/\/totalblue.ro\/de\/wp-json\/wp\/v2\/giftcard-category?post=95832"}],"curies":[{"name":"wp","href":"https:\/\/api.w.org\/{rel}","templated":true}]}}