{"id":96141,"date":"2023-07-14T12:38:17","date_gmt":"2023-07-14T09:38:17","guid":{"rendered":"https:\/\/totalblue.ro\/?post_type=product&#038;p=96141"},"modified":"2025-08-04T11:27:23","modified_gmt":"2025-08-04T08:27:23","slug":"zonnatura-ceai-bio-greutate-ideala-32g-20-pliculete-x-16g","status":"publish","type":"product","link":"https:\/\/totalblue.ro\/de\/produs\/zonnatura-ceai-bio-greutate-ideala-32g-20-pliculete-x-16g\/","title":{"rendered":"Zonnatura Ceai BIO Greutate Ideala 32g, 20 pliculete x 1,6g"},"content":{"rendered":"<p>Ingrediente: Rooibos 25%, frunze de mesteacan 12%, paie de ovaz verde*, frunze de papadie , Solidago 10%, floari de tei, frunze de melisa, scoarta de lemn de spori, radacina de rubarba. Ingrediente din cultura organica.<br \/>\nSolidago este un gen de plante din familia Asteraceae, ordinul Asterales. Splinuta este des intalnita in Europa, mai este cunoscuta \u00een folclorul popular si ca floarea boiereasca, splinarita sau varga de aur. Este intr-adev\u0103r ca o plant\u0103 ca o bagheta, care face minuni pentru bolnavii de rinichi<br \/>\nRoinita este o planta perena care are un miros puternic de lamaie. Denumirea stiintifica este Melissa officinalis, asa c\u0103 uneori mai este numit\u0103 si melisa. Ea provine din aceea\u0219i familie cu menta \u0219i are numeroase beneficii pentru sanatate. Cele mai folositoare parti ale plantei sunt frunzele.<br \/>\n1 pachet Zonnatura ceai BIO Greutate ideala contine 20 pliculete x 1,6 g = 32 g<br \/>\nVorbereitung:<br \/>\nSe toarna apa clocotita (100 \u00b0 C) intr-o ceasca. Lasati pliculetul de ceai timp de 5 pana la 8 minute in ceasca.<br \/>\nHinweis: Tasse kann hei\u00df sein! Der Tee kann hei\u00df sein!<br \/>\nAn einem trockenen, dunklen Ort bei Zimmertemperatur aufbewahren.<br \/>\nFabricat de Wessanen Benelux B.V.<br \/>\nPostbus 12795, 1100 AT Amsterdam (NL)<br \/>\nEinf\u00fchrer und H\u00e4ndler Total Blue Impex SRL<\/p>","protected":false},"excerpt":{"rendered":"<p>Ingrediente: Rooibos 25%, frunze de mesteacan 12%, paie de ovaz verde*, frunze de papadie , Solidago 10%, floari de tei, frunze de melisa, scoarta de lemn de spori, radacina de rubarba. Ingrediente din cultura organica. Solidago este un gen de plante din familia Asteraceae, ordinul Asterales. Splinuta este des intalnita in Europa, mai este cunoscuta [&#8230;]\n","protected":false},"featured_media":96143,"comment_status":"open","ping_status":"closed","template":"","meta":{"_acf_changed":false,"_seopress_robots_primary_cat":"none","_seopress_titles_title":"","_seopress_titles_desc":"","_seopress_robots_index":""},"product_brand":[5640],"product_cat":[1555,1506,3320,1767],"giftcard-category":[],"class_list":{"0":"post-96141","1":"product","2":"type-product","3":"status-publish","4":"has-post-thumbnail","6":"product_brand-zonnatura","7":"product_cat-bacanie","8":"product_cat-cafea-ceai-mic-dejun","9":"product_cat-cafea-ceai-lapte","10":"product_cat-produse-olanda","12":"first","13":"outofstock","14":"taxable","15":"shipping-taxable","16":"purchasable","17":"product-type-simple"},"acf":[],"_links":{"self":[{"href":"https:\/\/totalblue.ro\/de\/wp-json\/wp\/v2\/product\/96141","targetHints":{"allow":["GET"]}}],"collection":[{"href":"https:\/\/totalblue.ro\/de\/wp-json\/wp\/v2\/product"}],"about":[{"href":"https:\/\/totalblue.ro\/de\/wp-json\/wp\/v2\/types\/product"}],"replies":[{"embeddable":true,"href":"https:\/\/totalblue.ro\/de\/wp-json\/wp\/v2\/comments?post=96141"}],"wp:featuredmedia":[{"embeddable":true,"href":"https:\/\/totalblue.ro\/de\/wp-json\/wp\/v2\/media\/96143"}],"wp:attachment":[{"href":"https:\/\/totalblue.ro\/de\/wp-json\/wp\/v2\/media?parent=96141"}],"wp:term":[{"taxonomy":"product_brand","embeddable":true,"href":"https:\/\/totalblue.ro\/de\/wp-json\/wp\/v2\/product_brand?post=96141"},{"taxonomy":"product_cat","embeddable":true,"href":"https:\/\/totalblue.ro\/de\/wp-json\/wp\/v2\/product_cat?post=96141"},{"taxonomy":"giftcard-category","embeddable":true,"href":"https:\/\/totalblue.ro\/de\/wp-json\/wp\/v2\/giftcard-category?post=96141"}],"curies":[{"name":"wp","href":"https:\/\/api.w.org\/{rel}","templated":true}]}}