{"id":96183,"date":"2023-07-14T13:23:32","date_gmt":"2023-07-14T10:23:32","guid":{"rendered":"https:\/\/totalblue.ro\/?post_type=product&#038;p=96183"},"modified":"2025-08-20T13:34:16","modified_gmt":"2025-08-20T10:34:16","slug":"gwoon-condimente-oregano-15-g","status":"publish","type":"product","link":"https:\/\/totalblue.ro\/de\/produs\/gwoon-condimente-oregano-15-g\/","title":{"rendered":"G'woon Oregano-Gew\u00fcrz 15 g"},"content":{"rendered":"<p>Ingrediente: oregano<br \/>\nContinut si greutate 15 grame \/ tip solnita.<br \/>\nN\u00e4hrwertangaben pro 100g:<br \/>\nEnergie 1101 kJ \/ 265 kcal<br \/>\nGrasimi 4,3 g din care acizi grasi saturati 1,6 g<br \/>\nCarbohidrati 26,4 g din care zaharuri 4,1 g<br \/>\nProteine \u200b\u200b9 g<br \/>\nSare 0,06 g<br \/>\nVerzehrsdatum: siehe Datum auf der Packung. An einem dunklen und trockenen Ort, vor Sonnenlicht gesch\u00fctzt, aufbewahren.<br \/>\nOregano ist eine mehrj\u00e4hrige Pflanze, die 20-80 cm hoch wird und einen vierkantigen St\u00e4ngel hat. Die Bl\u00e4tter sind gegenst\u00e4ndig, 1-4 cm lang, kurz gestielt, oval, fast kahl, ganzrandig oder leicht gez\u00e4hnt. Sie enthalten Zellen mit \u00e4therischem \u00d6l, was der Grund f\u00fcr ihre Verwendung als Gew\u00fcrz ist. Die Bl\u00fcten sind violett, selten wei\u00df, 3-4 mm lang und erscheinen an einer \u00c4hre. Sie sind von H\u00fcllbl\u00e4ttern mit purpurfarbenen R\u00e4ndern umgeben.<\/p>\n<p>Die Pflanze bl\u00fcht von Juli bis August. W\u00e4chst in Mooren in h\u00fcgeligen und bergigen Regionen.<br \/>\nOregano ist ein K\u00fcchenkraut, das wegen des Geschmacks seiner Bl\u00e4tter verwendet wird, die getrocknet aromatischer sein k\u00f6nnen als frisch. Er hat einen w\u00fcrzigen, warmen und leicht bitteren Geschmack, der unterschiedlich stark ausgepr\u00e4gt sein kann. Oregano von guter Qualit\u00e4t kann so stark sein, dass er fast die Zunge bet\u00e4ubt, w\u00e4hrend Pflanzen, die an k\u00e4ltere Klimazonen angepasst sind, einen weniger intensiven Geschmack haben. Faktoren wie Klima, Jahreszeit und Bodenbeschaffenheit k\u00f6nnen sich auf die vorhandenen aromatischen \u00d6le auswirken, und dieser Effekt kann gr\u00f6\u00dfer sein als die Unterschiede zwischen verschiedenen Pflanzenarten. Zu den chemischen Verbindungen, die zum Aroma beitragen, geh\u00f6ren Carvacrol, Thymol, Limonen, Pinen, Ocimen und Caryophyllen.<br \/>\nInfo suplimentare: Uleiul de oregano a fost folosit in medicina populara de-a lungul secolelor.Uleiul esential de oregano este extras din frunzele plantei de oregano. Cu toate ca oregano sau uleiul sau pot fi utilizate ca supliment alimentar, nu exista dovezi clinice care sa indice ca fie are vreun efect asupra sanatatii umane.<\/p>","protected":false},"excerpt":{"rendered":"<p>Ingrediente: oregano Continut si greutate 15 grame \/ tip solnita. Valori Nutritionale la 100g: Energie 1101 kJ \/ 265 kcal Grasimi 4,3 g din care acizi grasi saturati 1,6 g Carbohidrati 26,4 g din care zaharuri 4,1 g Proteine \u200b\u200b9 g Sare 0,06 g A se consuma inainte de : vezi data pe ambalaj. A [&#8230;]\n","protected":false},"featured_media":96185,"comment_status":"open","ping_status":"closed","template":"","meta":{"_acf_changed":false,"_seopress_robots_primary_cat":"none","_seopress_titles_title":"","_seopress_titles_desc":"","_seopress_robots_index":""},"product_brand":[1971],"product_cat":[1555,3280,1451,1767],"giftcard-category":[],"class_list":{"0":"post-96183","1":"product","2":"type-product","3":"status-publish","4":"has-post-thumbnail","6":"product_brand-gwoon","7":"product_cat-bacanie","8":"product_cat-condimente-sosuri","9":"product_cat-condimente-produse-instant","10":"product_cat-produse-olanda","12":"first","13":"outofstock","14":"taxable","15":"shipping-taxable","16":"purchasable","17":"product-type-simple"},"acf":[],"_links":{"self":[{"href":"https:\/\/totalblue.ro\/de\/wp-json\/wp\/v2\/product\/96183","targetHints":{"allow":["GET"]}}],"collection":[{"href":"https:\/\/totalblue.ro\/de\/wp-json\/wp\/v2\/product"}],"about":[{"href":"https:\/\/totalblue.ro\/de\/wp-json\/wp\/v2\/types\/product"}],"replies":[{"embeddable":true,"href":"https:\/\/totalblue.ro\/de\/wp-json\/wp\/v2\/comments?post=96183"}],"wp:featuredmedia":[{"embeddable":true,"href":"https:\/\/totalblue.ro\/de\/wp-json\/wp\/v2\/media\/96185"}],"wp:attachment":[{"href":"https:\/\/totalblue.ro\/de\/wp-json\/wp\/v2\/media?parent=96183"}],"wp:term":[{"taxonomy":"product_brand","embeddable":true,"href":"https:\/\/totalblue.ro\/de\/wp-json\/wp\/v2\/product_brand?post=96183"},{"taxonomy":"product_cat","embeddable":true,"href":"https:\/\/totalblue.ro\/de\/wp-json\/wp\/v2\/product_cat?post=96183"},{"taxonomy":"giftcard-category","embeddable":true,"href":"https:\/\/totalblue.ro\/de\/wp-json\/wp\/v2\/giftcard-category?post=96183"}],"curies":[{"name":"wp","href":"https:\/\/api.w.org\/{rel}","templated":true}]}}