{"id":97365,"date":"2023-07-27T14:43:03","date_gmt":"2023-07-27T11:43:03","guid":{"rendered":"https:\/\/totalblue.ro\/?post_type=product&#038;p=97365"},"modified":"2023-09-19T15:50:39","modified_gmt":"2023-09-19T12:50:39","slug":"ghiozdan-scoala-starpak-games-42-cm","status":"publish","type":"product","link":"https:\/\/totalblue.ro\/de\/produs\/ghiozdan-scoala-starpak-games-42-cm\/","title":{"rendered":"Schulranzen Starpak Games 42 cm"},"content":{"rendered":"<p>Ghiozdan Starpak confortabil si practic, cu imprimeu simpatic pentru adolescenti.<br \/>\nRucksack aus wasserabweisendem Material, ideal f\u00fcr die Schule und auf Reisen.<br \/>\nUm die richtige Haltung beim Tragen zu bewahren, ist er mit verstellbaren, blasenf\u00f6rmigen Tr\u00e4gern ausgestattet.<br \/>\n<span class=\"Y2IQFc\" lang=\"ro\">Un rucsac pentru tineri format dintr-un compartiment mare cu fermoar si trei buzunare frontale, inclusiv unul cu organizator.<br \/>\nDesign atractiv si tineresc.<br \/>\nIm Inneren des Rucksacks befindet sich ein Laptop-Fach.<br \/>\nAn den Seiten gibt es zwei Netztaschen, ideal f\u00fcr ein Getr\u00e4nk oder Servietten und zus\u00e4tzliche Sicherheit in Form von befestigten Gurten.<\/span><br \/>\nDimensiunile produsului sunt 42 x 33 x 18 cm.<\/p>\n<p>&nbsp;<\/p>","protected":false},"excerpt":{"rendered":"<p>Ghiozdan Starpak confortabil si practic, cu imprimeu simpatic pentru adolescenti.<\/p>","protected":false},"featured_media":97371,"comment_status":"open","ping_status":"closed","template":"","meta":{"_acf_changed":false,"_seopress_robots_primary_cat":"","_seopress_titles_title":"","_seopress_titles_desc":"Ghiozdan Starpak confortabil si practic, cu imprimeu simpatic pentru adolescenti.","_seopress_robots_index":""},"product_brand":[],"product_cat":[11519],"giftcard-category":[],"class_list":{"0":"post-97365","1":"product","2":"type-product","3":"status-publish","4":"has-post-thumbnail","6":"product_cat-rechizite","8":"first","9":"instock","10":"taxable","11":"shipping-taxable","12":"purchasable","13":"product-type-simple"},"acf":[],"_links":{"self":[{"href":"https:\/\/totalblue.ro\/de\/wp-json\/wp\/v2\/product\/97365","targetHints":{"allow":["GET"]}}],"collection":[{"href":"https:\/\/totalblue.ro\/de\/wp-json\/wp\/v2\/product"}],"about":[{"href":"https:\/\/totalblue.ro\/de\/wp-json\/wp\/v2\/types\/product"}],"replies":[{"embeddable":true,"href":"https:\/\/totalblue.ro\/de\/wp-json\/wp\/v2\/comments?post=97365"}],"wp:featuredmedia":[{"embeddable":true,"href":"https:\/\/totalblue.ro\/de\/wp-json\/wp\/v2\/media\/97371"}],"wp:attachment":[{"href":"https:\/\/totalblue.ro\/de\/wp-json\/wp\/v2\/media?parent=97365"}],"wp:term":[{"taxonomy":"product_brand","embeddable":true,"href":"https:\/\/totalblue.ro\/de\/wp-json\/wp\/v2\/product_brand?post=97365"},{"taxonomy":"product_cat","embeddable":true,"href":"https:\/\/totalblue.ro\/de\/wp-json\/wp\/v2\/product_cat?post=97365"},{"taxonomy":"giftcard-category","embeddable":true,"href":"https:\/\/totalblue.ro\/de\/wp-json\/wp\/v2\/giftcard-category?post=97365"}],"curies":[{"name":"wp","href":"https:\/\/api.w.org\/{rel}","templated":true}]}}