{"id":97380,"date":"2023-07-27T15:02:12","date_gmt":"2023-07-27T12:02:12","guid":{"rendered":"https:\/\/totalblue.ro\/?post_type=product&#038;p=97380"},"modified":"2025-12-15T09:13:58","modified_gmt":"2025-12-15T07:13:58","slug":"ghiozdan-scoala-starpak-cats-425-cm","status":"publish","type":"product","link":"https:\/\/totalblue.ro\/de\/produs\/ghiozdan-scoala-starpak-cats-425-cm\/","title":{"rendered":"Schulranzen Starpak Cats 42,5 cm"},"content":{"rendered":"<p>Ghiozdan Starpak confortabil si practic, cu imprimeu simpatic pentru adolescenti.<br \/>\nRucksack aus wasserabweisendem Material, ideal f\u00fcr die Schule und auf Reisen.<br \/>\nUm die richtige Haltung beim Tragen zu bewahren, ist er mit verstellbaren, blasenf\u00f6rmigen Tr\u00e4gern ausgestattet.<br \/>\nRucksack <span class=\"Y2IQFc\" lang=\"ro\">Sie besteht aus einem gro\u00dfen Rei\u00dfverschlussfach und drei zus\u00e4tzlichen Rei\u00dfverschlusstaschen auf der Vorderseite, die die Organisation Ihres Raumes erheblich vereinfachen werden.<br \/>\nIm Inneren des Rucksacks befindet sich ein Laptop-Fach.<br \/>\nAn den Seiten gibt es zwei Netztaschen, ideal f\u00fcr ein Getr\u00e4nk oder Servietten und zus\u00e4tzliche Sicherheit in Form von befestigten Gurten.<br \/>\n<span class=\"VIiyi\" lang=\"ro\"><span class=\"JLqJ4b ChMk0b\" data-language-for-alternatives=\"ro\" data-language-to-translate-into=\"pl\" data-phrase-index=\"12\" data-number-of-phrases=\"27\"><span class=\"Q4iAWc\">Fabricat din material rezistent cu elemente reflectorizante pentru o mai mare siguranta.<\/span><\/span><\/span><\/span><br \/>\nDimensiunile produsului sunt 42,5 x 32,5 x 19,5 cm.<\/p>","protected":false},"excerpt":{"rendered":"<p>Ghiozdan Starpak confortabil si practic, cu imprimeu simpatic pentru adolescenti.<\/p>","protected":false},"featured_media":97384,"comment_status":"open","ping_status":"closed","template":"","meta":{"_acf_changed":false,"_seopress_robots_primary_cat":"","_seopress_titles_title":"","_seopress_titles_desc":"Ghiozdan Starpak confortabil si practic, cu imprimeu simpatic pentru adolescenti.","_seopress_robots_index":""},"product_brand":[],"product_cat":[11519],"giftcard-category":[],"class_list":{"0":"post-97380","1":"product","2":"type-product","3":"status-publish","4":"has-post-thumbnail","6":"product_cat-rechizite","8":"first","9":"instock","10":"taxable","11":"shipping-taxable","12":"purchasable","13":"product-type-simple"},"acf":[],"_links":{"self":[{"href":"https:\/\/totalblue.ro\/de\/wp-json\/wp\/v2\/product\/97380","targetHints":{"allow":["GET"]}}],"collection":[{"href":"https:\/\/totalblue.ro\/de\/wp-json\/wp\/v2\/product"}],"about":[{"href":"https:\/\/totalblue.ro\/de\/wp-json\/wp\/v2\/types\/product"}],"replies":[{"embeddable":true,"href":"https:\/\/totalblue.ro\/de\/wp-json\/wp\/v2\/comments?post=97380"}],"wp:featuredmedia":[{"embeddable":true,"href":"https:\/\/totalblue.ro\/de\/wp-json\/wp\/v2\/media\/97384"}],"wp:attachment":[{"href":"https:\/\/totalblue.ro\/de\/wp-json\/wp\/v2\/media?parent=97380"}],"wp:term":[{"taxonomy":"product_brand","embeddable":true,"href":"https:\/\/totalblue.ro\/de\/wp-json\/wp\/v2\/product_brand?post=97380"},{"taxonomy":"product_cat","embeddable":true,"href":"https:\/\/totalblue.ro\/de\/wp-json\/wp\/v2\/product_cat?post=97380"},{"taxonomy":"giftcard-category","embeddable":true,"href":"https:\/\/totalblue.ro\/de\/wp-json\/wp\/v2\/giftcard-category?post=97380"}],"curies":[{"name":"wp","href":"https:\/\/api.w.org\/{rel}","templated":true}]}}