{"id":97389,"date":"2023-07-27T15:05:08","date_gmt":"2023-07-27T12:05:08","guid":{"rendered":"https:\/\/totalblue.ro\/?post_type=product&#038;p=97389"},"modified":"2023-09-19T15:50:21","modified_gmt":"2023-09-19T12:50:21","slug":"schulrucksack-starpak-camo-45-cm","status":"publish","type":"product","link":"https:\/\/totalblue.ro\/de\/produs\/ghiozdan-scoala-starpak-camo-45-cm\/","title":{"rendered":"Starpak Camo Schulranzen 45 cm"},"content":{"rendered":"<p>Gem\u00fctlicher und praktischer Starpak-Rucksack mit Tarnmuster f\u00fcr Teenager.<br \/>\nRucksack aus wasserabweisendem Material, ideal f\u00fcr die Schule und auf Reisen.<br \/>\nUm die richtige Haltung beim Tragen zu bewahren, ist er mit verstellbaren, blasenf\u00f6rmigen Tr\u00e4gern ausgestattet.<br \/>\nRucksack <span class=\"Y2IQFc\" lang=\"ro\">Sie besteht aus einem gro\u00dfen Rei\u00dfverschlussfach und drei zus\u00e4tzlichen Rei\u00dfverschlusstaschen auf der Vorderseite, die die Organisation Ihres Raumes erheblich vereinfachen werden.<br \/>\nIm Inneren des Rucksacks befindet sich ein Laptop-Fach.<br \/>\nAn den Seiten gibt es zwei Netztaschen, ideal f\u00fcr ein Getr\u00e4nk oder Servietten und zus\u00e4tzliche Sicherheit in Form von befestigten Gurten.<\/span><br \/>\nDie Produktabmessungen betragen 45x34x18 cm.<\/p>\n<p>&nbsp;<\/p>","protected":false},"excerpt":{"rendered":"<p>Gem\u00fctlicher und praktischer Starpak-Rucksack mit Tarnmuster f\u00fcr Teenager.<\/p>","protected":false},"featured_media":97392,"comment_status":"open","ping_status":"closed","template":"","meta":{"_acf_changed":false,"_seopress_robots_primary_cat":"","_seopress_titles_title":"","_seopress_titles_desc":"Ghiozdan Starpak confortabil si practic, cu grafica camo pentru adolescenti.","_seopress_robots_index":""},"product_brand":[],"product_cat":[11519],"giftcard-category":[],"class_list":{"0":"post-97389","1":"product","2":"type-product","3":"status-publish","4":"has-post-thumbnail","6":"product_cat-rechizite","8":"first","9":"instock","10":"taxable","11":"shipping-taxable","12":"purchasable","13":"product-type-simple"},"acf":[],"_links":{"self":[{"href":"https:\/\/totalblue.ro\/de\/wp-json\/wp\/v2\/product\/97389","targetHints":{"allow":["GET"]}}],"collection":[{"href":"https:\/\/totalblue.ro\/de\/wp-json\/wp\/v2\/product"}],"about":[{"href":"https:\/\/totalblue.ro\/de\/wp-json\/wp\/v2\/types\/product"}],"replies":[{"embeddable":true,"href":"https:\/\/totalblue.ro\/de\/wp-json\/wp\/v2\/comments?post=97389"}],"wp:featuredmedia":[{"embeddable":true,"href":"https:\/\/totalblue.ro\/de\/wp-json\/wp\/v2\/media\/97392"}],"wp:attachment":[{"href":"https:\/\/totalblue.ro\/de\/wp-json\/wp\/v2\/media?parent=97389"}],"wp:term":[{"taxonomy":"product_brand","embeddable":true,"href":"https:\/\/totalblue.ro\/de\/wp-json\/wp\/v2\/product_brand?post=97389"},{"taxonomy":"product_cat","embeddable":true,"href":"https:\/\/totalblue.ro\/de\/wp-json\/wp\/v2\/product_cat?post=97389"},{"taxonomy":"giftcard-category","embeddable":true,"href":"https:\/\/totalblue.ro\/de\/wp-json\/wp\/v2\/giftcard-category?post=97389"}],"curies":[{"name":"wp","href":"https:\/\/api.w.org\/{rel}","templated":true}]}}