{"id":98083,"date":"2023-08-09T11:46:42","date_gmt":"2023-08-09T08:46:42","guid":{"rendered":"https:\/\/totalblue.ro\/?post_type=product&#038;p=98083"},"modified":"2026-02-07T18:53:37","modified_gmt":"2026-02-07T16:53:37","slug":"timson-rinse-peltea-de-mere-450g","status":"publish","type":"product","link":"https:\/\/totalblue.ro\/de\/produs\/timson-rinse-peltea-de-mere-450g\/","title":{"rendered":"Timson Rinse peltea de mere 450g"},"content":{"rendered":"<p>Inhaltsstoff : <span class=\"HwtZe\" lang=\"ro\"><span class=\"jCAhz ChMk0b\"><span class=\"ryNqvb\">suc de sfecl\u0103 de zah\u0103r, suc de mere 26%, suc de l\u0103m\u00e2ie 1%, gelifiant: (m\u0103r )pectin\u0103.<\/span><\/span> <span class=\"jCAhz ChMk0b\"><span class=\"ryNqvb\">Con\u021binut de fructe: 160gr mere la 100gr sirop de mere<br \/>\nN\u00e4hrwertangaben \/ 100 g:<br \/>\nEnergie 1235 kJ (291 kcal)<br \/>\nFett 0 g, davon ges\u00e4ttigte Fetts\u00e4uren 0 g<br \/>\nCarbohidra\u021bi 69 g din care zaharuri 59 g<br \/>\nFibre 3.5 g<br \/>\nProteine 2 g<br \/>\nSare 0.2 g<\/span><\/span><\/span><\/p>\n<p>&nbsp;<\/p>","protected":false},"excerpt":{"rendered":"<p>Ingrediente : suc de sfecl\u0103 de zah\u0103r, suc de mere 26%, suc de l\u0103m\u00e2ie 1%, gelifiant: (m\u0103r )pectin\u0103. Con\u021binut de fructe: 160gr mere la 100gr sirop de mere Valori nutritionale \/ 100 g: Energie 1235 kJ (291 kcal) Grasime 0 g din care grasimi saturate 0 g Carbohidra\u021bi 69 g din care zaharuri 59 g [&#8230;]\n","protected":false},"featured_media":98086,"comment_status":"open","ping_status":"closed","template":"","meta":{"_acf_changed":false,"_seopress_robots_primary_cat":"none","_seopress_titles_title":"","_seopress_titles_desc":"","_seopress_robots_index":""},"product_brand":[4767],"product_cat":[3304,1767],"giftcard-category":[],"class_list":{"0":"post-98083","1":"product","2":"type-product","3":"status-publish","4":"has-post-thumbnail","6":"product_brand-timson","7":"product_cat-mic-dejun-produse-olanda","8":"product_cat-produse-olanda","10":"first","11":"instock","12":"taxable","13":"shipping-taxable","14":"purchasable","15":"product-type-simple"},"acf":[],"_links":{"self":[{"href":"https:\/\/totalblue.ro\/de\/wp-json\/wp\/v2\/product\/98083","targetHints":{"allow":["GET"]}}],"collection":[{"href":"https:\/\/totalblue.ro\/de\/wp-json\/wp\/v2\/product"}],"about":[{"href":"https:\/\/totalblue.ro\/de\/wp-json\/wp\/v2\/types\/product"}],"replies":[{"embeddable":true,"href":"https:\/\/totalblue.ro\/de\/wp-json\/wp\/v2\/comments?post=98083"}],"wp:featuredmedia":[{"embeddable":true,"href":"https:\/\/totalblue.ro\/de\/wp-json\/wp\/v2\/media\/98086"}],"wp:attachment":[{"href":"https:\/\/totalblue.ro\/de\/wp-json\/wp\/v2\/media?parent=98083"}],"wp:term":[{"taxonomy":"product_brand","embeddable":true,"href":"https:\/\/totalblue.ro\/de\/wp-json\/wp\/v2\/product_brand?post=98083"},{"taxonomy":"product_cat","embeddable":true,"href":"https:\/\/totalblue.ro\/de\/wp-json\/wp\/v2\/product_cat?post=98083"},{"taxonomy":"giftcard-category","embeddable":true,"href":"https:\/\/totalblue.ro\/de\/wp-json\/wp\/v2\/giftcard-category?post=98083"}],"curies":[{"name":"wp","href":"https:\/\/api.w.org\/{rel}","templated":true}]}}