{"id":98430,"date":"2023-08-10T16:35:07","date_gmt":"2023-08-10T13:35:07","guid":{"rendered":"https:\/\/totalblue.ro\/?post_type=product&#038;p=98430"},"modified":"2026-02-04T13:24:10","modified_gmt":"2026-02-04T11:24:10","slug":"van-dobben-oven-airfryer-rundvlees-croquetten-320-g","status":"publish","type":"product","link":"https:\/\/totalblue.ro\/de\/produs\/van-dobben-oven-airfryer-rundvlees-croquetten-320-g\/","title":{"rendered":"Van Dobben Backofen &amp; Airfryer rundvlees croquetten 320 g"},"content":{"rendered":"<p>Zutaten: Wasser, Paniermehl (Weizenmehl, Vollkornmehl, Sonnenblumen\u00f6l, Salz, Hefe), Backtriebmittel (Wasser, Glukosesirup, wei\u00dfer ger\u00f6steter Zucker (Zucker, Invertzuckersirup), Weizenmehl, Dextrose, Stabilisator (E466), Salz, Weizeneiwei\u00df), 11% Geb\u00e4ckmehl (Weizen), 10% gekochtes Rindfleisch, pflanzliche \u00d6le (Palm, Raps, Sonnenblumen, Raps), Butterfett (Milch), Salz, Zwiebel, Rindergelatine, Verdickungsmittel (E464, E466), nat\u00fcrliches Aroma, Hefeextrakt, pflanzliches Eiwei\u00dfhydrolysat (Soja, Rapita, Mais), Maltodextrin, Sojaproteinisolat, pflanzliche Ballaststoffe, Gew\u00fcrze (darunter &lt;1% Buchweizen, &lt;1% Lorbeerbl\u00e4tter), Sojasauce (Wasser, Soja, Weizen, Salz), &lt;1% konzentrierte Rinderbr\u00fche, Zucker, Kartoffelflocken, Gew\u00fcrze, Zitronensaftkonzentrat, Gem\u00fcsekonzentrate (Zwiebel, Karotte), Lebensmittels\u00e4ure Milchs\u00e4ure, Kurkumaextrakt, *Diese Zutat kann bei Menschen mit Senfallergie eine allergische Reaktion hervorrufen.<br \/>\nAllergene:<br \/>\nEnth\u00e4lt: Milch, Soja, Weizen, glutenhaltiges Getreide<br \/>\nKann enthalten: Erdn\u00fcsse<br \/>\nN\u00e4hrwertangaben pro 100 g:<br \/>\nDiese Werte beziehen sich auf das Bruttoprodukt.<br \/>\nEnergie 988 kJ (237 kcal)<br \/>\nFett 14 g, davon ges\u00e4ttigtes Fett 5,4 g<br \/>\nKohlenhydrate 22 g, davon Zucker 1,1 g<br \/>\nEiwei\u00df 6,2 g<br \/>\nSalz 1,2 g<br \/>\nZubereitung: vor dem Gebrauch nicht auftauen. Achtung: Dieses Produkt ist nicht zum Braten geeignet.<br \/>\nBackofen: Den Backofen auf 220\u00b0C vorheizen. Gefroren: 15 Minuten (je nach Ofen kann die Zeit variieren), dann f\u00fcr weitere 2 Minuten aus dem Ofen nehmen.<br \/>\nAirfryer: Airfryer auf 200\u00b0C vorheizen. Gefroren: 12 Minuten, dann weitere 2 Minuten aus der Fritteuse nehmen.<br \/>\nNach dem Auftauen nicht mehr einfrieren!<br \/>\nMinimale Lagertemperatur -18\u00b0C. (zur Lagerung: siehe Haltbarkeit bis und mit)<br \/>\nProduzent: Ad van Geloven B.V.<br \/>\nPostbus 5047, 5004 EA Tilburg (NL)<\/p>","protected":false},"excerpt":{"rendered":"<p><span data-text-color=\"alert\"><strong>WARNUNG! GEFRORENES PRODUKT! WARNUNG! GEFRORENES PRODUKT!<\/strong><\/span><\/p>","protected":false},"featured_media":98434,"comment_status":"open","ping_status":"closed","template":"","meta":{"_acf_changed":false,"_seopress_robots_primary_cat":"none","_seopress_titles_title":"","_seopress_titles_desc":"","_seopress_robots_index":""},"product_brand":[2052],"product_cat":[1555,2050,3256,1767,1954],"giftcard-category":[],"class_list":{"0":"post-98430","1":"product","2":"type-product","3":"status-publish","4":"has-post-thumbnail","6":"product_brand-van-dobben","7":"product_cat-bacanie","8":"product_cat-produse-congelate","9":"product_cat-produse-congelate-produse-olanda","10":"product_cat-produse-olanda","11":"product_cat-semipreparate","12":"product_shipping_class-frozen-products","14":"first","15":"outofstock","16":"taxable","17":"shipping-taxable","18":"purchasable","19":"product-type-simple"},"acf":[],"_links":{"self":[{"href":"https:\/\/totalblue.ro\/de\/wp-json\/wp\/v2\/product\/98430","targetHints":{"allow":["GET"]}}],"collection":[{"href":"https:\/\/totalblue.ro\/de\/wp-json\/wp\/v2\/product"}],"about":[{"href":"https:\/\/totalblue.ro\/de\/wp-json\/wp\/v2\/types\/product"}],"replies":[{"embeddable":true,"href":"https:\/\/totalblue.ro\/de\/wp-json\/wp\/v2\/comments?post=98430"}],"wp:featuredmedia":[{"embeddable":true,"href":"https:\/\/totalblue.ro\/de\/wp-json\/wp\/v2\/media\/98434"}],"wp:attachment":[{"href":"https:\/\/totalblue.ro\/de\/wp-json\/wp\/v2\/media?parent=98430"}],"wp:term":[{"taxonomy":"product_brand","embeddable":true,"href":"https:\/\/totalblue.ro\/de\/wp-json\/wp\/v2\/product_brand?post=98430"},{"taxonomy":"product_cat","embeddable":true,"href":"https:\/\/totalblue.ro\/de\/wp-json\/wp\/v2\/product_cat?post=98430"},{"taxonomy":"giftcard-category","embeddable":true,"href":"https:\/\/totalblue.ro\/de\/wp-json\/wp\/v2\/giftcard-category?post=98430"}],"curies":[{"name":"wp","href":"https:\/\/api.w.org\/{rel}","templated":true}]}}